{"id":1451,"date":"2022-01-17T15:52:01","date_gmt":"2022-01-17T15:52:01","guid":{"rendered":"https:\/\/www.carcrisfs.com\/serveis-carcris-manteniments\/neteges-sector-restauracio-a-barcelona\/"},"modified":"2025-02-18T15:01:01","modified_gmt":"2025-02-18T15:01:01","slug":"neteges-sector-restauracio-a-barcelona","status":"publish","type":"page","link":"https:\/\/www.carcrisfs.com\/ca\/serveis-carcris-facility-services\/neteges-sector-restauracio-a-barcelona\/","title":{"rendered":"Neteges sector restauraci\u00f3 a Barcelona"},"content":{"rendered":"<div class=\"wpb-content-wrapper\"><p>[vc_row row_type=&#8221;row&#8221; use_row_as_full_screen_section=&#8221;no&#8221; type=&#8221;full_width&#8221; text_align=&#8221;left&#8221; background_animation=&#8221;none&#8221; css_animation=&#8221;&#8221; css=&#8221;.vc_custom_1631262416344{padding-top: 16% !important;padding-bottom: 16% !important;background-image: url(https:\/\/www.carcrisfs.com\/wp-content\/uploads\/2021\/09\/CarCris-Limpieza-de-bares-y-restaurantes-04.jpg?id=529) !important;background-position: center !important;background-repeat: no-repeat !important;background-size: cover !important;}&#8221;][vc_column][vc_row_inner row_type=&#8221;row&#8221; type=&#8221;grid&#8221; use_row_as_full_screen_section_slide=&#8221;no&#8221; text_align=&#8221;left&#8221; css_animation=&#8221;&#8221;][vc_column_inner][vc_column_text]<\/p>\n<h1 class=\"white\">Neteges sector restauraci\u00f3<\/h1>\n<p>[\/vc_column_text][\/vc_column_inner][\/vc_row_inner][\/vc_column][\/vc_row][vc_row row_type=&#8221;row&#8221; use_row_as_full_screen_section=&#8221;no&#8221; type=&#8221;full_width&#8221; text_align=&#8221;left&#8221; background_animation=&#8221;none&#8221; css_animation=&#8221;&#8221;][vc_column][vc_empty_space height=&#8221;60px&#8221;][\/vc_column][\/vc_row][vc_row row_type=&#8221;row&#8221; use_row_as_full_screen_section=&#8221;no&#8221; type=&#8221;full_width&#8221; text_align=&#8221;left&#8221; background_animation=&#8221;none&#8221; css_animation=&#8221;&#8221;][vc_column][vc_row_inner row_type=&#8221;row&#8221; type=&#8221;grid&#8221; use_row_as_full_screen_section_slide=&#8221;no&#8221; text_align=&#8221;left&#8221; css_animation=&#8221;&#8221;][vc_column_inner width=&#8221;1\/6&#8243;][\/vc_column_inner][vc_column_inner width=&#8221;2\/3&#8243;][vc_column_text css=&#8221;&#8221;]<\/p>\n<h3 style=\"text-align: center;\">Actualment, prestem el servei de neteja del sector restauraci\u00f3 en Barcelona ciutat, tot i que opcionalment podem estendre-ho a tota la prov\u00edncia de Barcelona. Si us plau, contacteu amb nosaltres tamb\u00e9 si la vostra necessitat del servei \u00e9s fora de la ciutat de Barcelona.<\/h3>\n<p>&nbsp;<\/p>\n<p>[\/vc_column_text][\/vc_column_inner][vc_column_inner width=&#8221;1\/6&#8243;][\/vc_column_inner][\/vc_row_inner][vc_empty_space height=&#8221;60px&#8221;][vc_row_inner row_type=&#8221;row&#8221; type=&#8221;full_width&#8221; use_row_as_full_screen_section_slide=&#8221;no&#8221; text_align=&#8221;center&#8221; css_animation=&#8221;&#8221;][vc_column_inner width=&#8221;1\/4&#8243;][\/vc_column_inner][vc_column_inner width=&#8221;1\/4&#8243;]<a href=\"https:\/\/www.carcrisfs.com\/ca\/avantatges-carcris\/\" target=\"_self\"  class=\"qbutton  underlined\" style=\"\">Avantatges CarCris<span class=\"qode-underlined-button-span\" style=\"\"><\/span><\/a>[\/vc_column_inner][vc_column_inner width=&#8221;1\/4&#8243;]<a href=\"https:\/\/www.carcrisfs.com\/ca\/demanar-pressupost\/\" target=\"_self\"  class=\"qbutton  underlined\" style=\"\">Demanar Pressupost<span class=\"qode-underlined-button-span\" style=\"\"><\/span><\/a>[\/vc_column_inner][vc_column_inner width=&#8221;1\/4&#8243;][\/vc_column_inner][\/vc_row_inner][\/vc_column][\/vc_row][vc_row row_type=&#8221;row&#8221; use_row_as_full_screen_section=&#8221;no&#8221; type=&#8221;full_width&#8221; text_align=&#8221;left&#8221; background_animation=&#8221;none&#8221; css_animation=&#8221;&#8221;][vc_column][vc_empty_space height=&#8221;80px&#8221;][\/vc_column][\/vc_row][vc_row row_type=&#8221;row&#8221; use_row_as_full_screen_section=&#8221;no&#8221; type=&#8221;grid&#8221; text_align=&#8221;left&#8221; background_animation=&#8221;none&#8221; css_animation=&#8221;&#8221;][vc_column][vc_row_inner row_type=&#8221;row&#8221; type=&#8221;full_width&#8221; use_row_as_full_screen_section_slide=&#8221;no&#8221; text_align=&#8221;left&#8221; css_animation=&#8221;&#8221;][vc_column_inner][qode_elements_holder number_of_columns=&#8221;two_columns&#8221;][qode_elements_holder_item item_padding=&#8221;6%&#8221; vertical_alignment=&#8221;top&#8221;][vc_column_text]<\/p>\n<h2>Experts en neteja del sector restauraci\u00f3 en Barcelona<\/h2>\n<p>[\/vc_column_text][vc_empty_space]<blockquote class='with_quote_icon' style=''><span class='icon_quotations_holder'><i class='q_font_elegant_icon icon_quotations' style=''><\/i><\/span><h3 class='blockquote_text' style=''><span>En Carcris Facility Services ens encarreguem de la neteja i manteniment de cuines industrials, obradors i per descomptat, de la neteja integral d\u2019establiments, com parades de mercat, tendes de comestibles, pastisseries, bars, restaurants...<\/span><\/h3><\/blockquote>[vc_empty_space][vc_column_text css=&#8221;&#8221;]<\/p>\n<p>Brindem al client la possibilitat de centralitzar en nosaltres totes les tasques de neteja necess\u00e0ries (vidres, cuines, campanes extractores, neveres frigor\u00edfiques, obradors, banys, neteja t\u00e8xtil&#8230;) per tant, no haur\u00e0 d\u2019acudir a diverses empreses per a la realitzaci\u00f3 de diferents tasques.<\/p>\n<p>[\/vc_column_text][vc_empty_space height=&#8221;40px&#8221;][\/qode_elements_holder_item][qode_elements_holder_item background_image=&#8221;777&#8243;][vc_column_text]<img decoding=\"async\" src=\"https:\/\/www.carcrisfs.com\/wp-content\/uploads\/2021\/09\/Caja-para-movil.png\" alt=\"\" \/>[\/vc_column_text][\/qode_elements_holder_item][\/qode_elements_holder][\/vc_column_inner][\/vc_row_inner][vc_row_inner row_type=&#8221;row&#8221; type=&#8221;full_width&#8221; use_row_as_full_screen_section_slide=&#8221;no&#8221; text_align=&#8221;left&#8221; css_animation=&#8221;&#8221;][vc_column_inner][qode_elements_holder number_of_columns=&#8221;two_columns&#8221;][qode_elements_holder_item background_image=&#8221;776&#8243; item_padding=&#8221;12%&#8221; vertical_alignment=&#8221;top&#8221;][vc_column_text]<img decoding=\"async\" src=\"https:\/\/www.carcrisfs.com\/wp-content\/uploads\/2021\/09\/Caja-para-movil.png\" alt=\"\" \/>[\/vc_column_text][\/qode_elements_holder_item][qode_elements_holder_item item_padding=&#8221;6%&#8221;][vc_empty_space height=&#8221;40px&#8221;][vc_column_text css=&#8221;&#8221;]<\/p>\n<h2>Especialistes en neteja del sector restauraci\u00f3 a Barcelona<\/h2>\n<p>&nbsp;<\/p>\n<p>Utilitzem productes espec\u00edfics aptes per a la ind\u00fastria aliment\u00e0ria i comptem amb personal professional qualificat per a aquest tipus de neteges que coneixen les exig\u00e8ncies i necessitats d\u2019aquests serveis, i tot aix\u00f2 amb el segell de qualitat i comprom\u00eds de Carcris Facility Services i els anys d\u2019experi\u00e8ncia que ens avalen.<\/p>\n<p>[\/vc_column_text][vc_empty_space][\/qode_elements_holder_item][\/qode_elements_holder][\/vc_column_inner][\/vc_row_inner][\/vc_column][\/vc_row][vc_row row_type=&#8221;row&#8221; use_row_as_full_screen_section=&#8221;no&#8221; type=&#8221;full_width&#8221; text_align=&#8221;left&#8221; background_animation=&#8221;none&#8221; css_animation=&#8221;&#8221;][vc_column][vc_empty_space height=&#8221;120px&#8221;][\/vc_column][\/vc_row]<\/p>\n<\/div>","protected":false},"excerpt":{"rendered":"<p>[vc_row row_type=&#8221;row&#8221; use_row_as_full_screen_section=&#8221;no&#8221; type=&#8221;full_width&#8221; text_align=&#8221;left&#8221; background_animation=&#8221;none&#8221; css_animation=&#8221;&#8221; css=&#8221;.vc_custom_1631262416344{padding-top: 16% !important;padding-bottom: 16% !important;background-image: url(https:\/\/www.carcrisfs.com\/wp-content\/uploads\/2021\/09\/CarCris-Limpieza-de-bares-y-restaurantes-04.jpg?id=529) !important;background-position: center !important;background-repeat: no-repeat !important;background-size: cover !important;}&#8221;][vc_column][vc_row_inner row_type=&#8221;row&#8221; type=&#8221;grid&#8221; use_row_as_full_screen_section_slide=&#8221;no&#8221; text_align=&#8221;left&#8221; css_animation=&#8221;&#8221;][vc_column_inner][vc_column_text] Neteges sector restauraci\u00f3 [\/vc_column_text][\/vc_column_inner][\/vc_row_inner][\/vc_column][\/vc_row][vc_row row_type=&#8221;row&#8221; use_row_as_full_screen_section=&#8221;no&#8221; type=&#8221;full_width&#8221; text_align=&#8221;left&#8221; background_animation=&#8221;none&#8221; css_animation=&#8221;&#8221;][vc_column][vc_empty_space height=&#8221;60px&#8221;][\/vc_column][\/vc_row][vc_row row_type=&#8221;row&#8221; use_row_as_full_screen_section=&#8221;no&#8221; type=&#8221;full_width&#8221; text_align=&#8221;left&#8221; background_animation=&#8221;none&#8221; css_animation=&#8221;&#8221;][vc_column][vc_row_inner row_type=&#8221;row&#8221; type=&#8221;grid&#8221; use_row_as_full_screen_section_slide=&#8221;no&#8221;&#8230;<\/p>\n","protected":false},"author":2,"featured_media":0,"parent":1395,"menu_order":0,"comment_status":"closed","ping_status":"closed","template":"full_width.php","meta":{"footnotes":""},"class_list":["post-1451","page","type-page","status-publish","hentry"],"yoast_head":"<!-- This site is optimized with the Yoast SEO plugin v24.4 - https:\/\/yoast.com\/wordpress\/plugins\/seo\/ -->\n<title>Neteges sector restauraci\u00f3 a Barcelona - Carcris Facility Services<\/title>\n<meta name=\"description\" content=\"Descobreix el servei de neteja i manteniment del sector restauraci\u00f3 a Barcelona. Des de cuines, obradors i establiments.\" \/>\n<meta name=\"robots\" content=\"index, follow, max-snippet:-1, max-image-preview:large, max-video-preview:-1\" \/>\n<link rel=\"canonical\" href=\"https:\/\/www.carcrisfs.com\/ca\/serveis-carcris-facility-services\/neteges-sector-restauracio-a-barcelona\/\" \/>\n<meta property=\"og:locale\" content=\"ca_ES\" \/>\n<meta property=\"og:type\" content=\"article\" \/>\n<meta property=\"og:title\" content=\"Neteges sector restauraci\u00f3 a Barcelona - Carcris Facility Services\" \/>\n<meta property=\"og:description\" content=\"Descobreix el servei de neteja i manteniment del sector restauraci\u00f3 a Barcelona. Des de cuines, obradors i establiments.\" \/>\n<meta property=\"og:url\" content=\"https:\/\/www.carcrisfs.com\/ca\/serveis-carcris-facility-services\/neteges-sector-restauracio-a-barcelona\/\" \/>\n<meta property=\"og:site_name\" content=\"Carcris Facility Services\" \/>\n<meta property=\"article:publisher\" content=\"https:\/\/www.facebook.com\/carcrismanteniments\" \/>\n<meta property=\"article:modified_time\" content=\"2025-02-18T15:01:01+00:00\" \/>\n<meta property=\"og:image\" content=\"https:\/\/www.carcrisfs.com\/wp-content\/uploads\/2021\/09\/Caja-para-movil.png\" \/>\n<meta name=\"twitter:card\" content=\"summary_large_image\" \/>\n<meta name=\"twitter:label1\" content=\"Temps estimat de lectura\" \/>\n\t<meta name=\"twitter:data1\" content=\"3 minuts\" \/>\n<script type=\"application\/ld+json\" class=\"yoast-schema-graph\">{\"@context\":\"https:\/\/schema.org\",\"@graph\":[{\"@type\":\"WebPage\",\"@id\":\"https:\/\/www.carcrisfs.com\/ca\/serveis-carcris-facility-services\/neteges-sector-restauracio-a-barcelona\/\",\"url\":\"https:\/\/www.carcrisfs.com\/ca\/serveis-carcris-facility-services\/neteges-sector-restauracio-a-barcelona\/\",\"name\":\"Neteges sector restauraci\u00f3 a Barcelona - Carcris Facility Services\",\"isPartOf\":{\"@id\":\"https:\/\/www.carcrisfs.com\/ca\/#website\"},\"primaryImageOfPage\":{\"@id\":\"https:\/\/www.carcrisfs.com\/ca\/serveis-carcris-facility-services\/neteges-sector-restauracio-a-barcelona\/#primaryimage\"},\"image\":{\"@id\":\"https:\/\/www.carcrisfs.com\/ca\/serveis-carcris-facility-services\/neteges-sector-restauracio-a-barcelona\/#primaryimage\"},\"thumbnailUrl\":\"https:\/\/www.carcrisfs.com\/wp-content\/uploads\/2021\/09\/Caja-para-movil.png\",\"datePublished\":\"2022-01-17T15:52:01+00:00\",\"dateModified\":\"2025-02-18T15:01:01+00:00\",\"description\":\"Descobreix el servei de neteja i manteniment del sector restauraci\u00f3 a Barcelona. Des de cuines, obradors i establiments.\",\"breadcrumb\":{\"@id\":\"https:\/\/www.carcrisfs.com\/ca\/serveis-carcris-facility-services\/neteges-sector-restauracio-a-barcelona\/#breadcrumb\"},\"inLanguage\":\"ca\",\"potentialAction\":[{\"@type\":\"ReadAction\",\"target\":[\"https:\/\/www.carcrisfs.com\/ca\/serveis-carcris-facility-services\/neteges-sector-restauracio-a-barcelona\/\"]}]},{\"@type\":\"ImageObject\",\"inLanguage\":\"ca\",\"@id\":\"https:\/\/www.carcrisfs.com\/ca\/serveis-carcris-facility-services\/neteges-sector-restauracio-a-barcelona\/#primaryimage\",\"url\":\"https:\/\/www.carcrisfs.com\/wp-content\/uploads\/2021\/09\/Caja-para-movil.png\",\"contentUrl\":\"https:\/\/www.carcrisfs.com\/wp-content\/uploads\/2021\/09\/Caja-para-movil.png\"},{\"@type\":\"BreadcrumbList\",\"@id\":\"https:\/\/www.carcrisfs.com\/ca\/serveis-carcris-facility-services\/neteges-sector-restauracio-a-barcelona\/#breadcrumb\",\"itemListElement\":[{\"@type\":\"ListItem\",\"position\":1,\"name\":\"Portada\",\"item\":\"https:\/\/www.carcrisfs.com\/ca\/inici\/\"},{\"@type\":\"ListItem\",\"position\":2,\"name\":\"Serveis Carcris Facility Services\",\"item\":\"https:\/\/www.carcrisfs.com\/ca\/serveis-carcris-facility-services\/\"},{\"@type\":\"ListItem\",\"position\":3,\"name\":\"Neteges sector restauraci\u00f3 a Barcelona\"}]},{\"@type\":\"WebSite\",\"@id\":\"https:\/\/www.carcrisfs.com\/ca\/#website\",\"url\":\"https:\/\/www.carcrisfs.com\/ca\/\",\"name\":\"CarCris Manteniments\",\"description\":\"\",\"publisher\":{\"@id\":\"https:\/\/www.carcrisfs.com\/ca\/#organization\"},\"potentialAction\":[{\"@type\":\"SearchAction\",\"target\":{\"@type\":\"EntryPoint\",\"urlTemplate\":\"https:\/\/www.carcrisfs.com\/ca\/?s={search_term_string}\"},\"query-input\":{\"@type\":\"PropertyValueSpecification\",\"valueRequired\":true,\"valueName\":\"search_term_string\"}}],\"inLanguage\":\"ca\"},{\"@type\":\"Organization\",\"@id\":\"https:\/\/www.carcrisfs.com\/ca\/#organization\",\"name\":\"CarCris Manteniments\",\"url\":\"https:\/\/www.carcrisfs.com\/ca\/\",\"logo\":{\"@type\":\"ImageObject\",\"inLanguage\":\"ca\",\"@id\":\"https:\/\/www.carcrisfs.com\/ca\/#\/schema\/logo\/image\/\",\"url\":\"https:\/\/www.carcrisfs.com\/wp-content\/uploads\/2021\/09\/CarCris-Manteniments-Serveis-Generals-de-Neteja.png\",\"contentUrl\":\"https:\/\/www.carcrisfs.com\/wp-content\/uploads\/2021\/09\/CarCris-Manteniments-Serveis-Generals-de-Neteja.png\",\"width\":250,\"height\":176,\"caption\":\"CarCris Manteniments\"},\"image\":{\"@id\":\"https:\/\/www.carcrisfs.com\/ca\/#\/schema\/logo\/image\/\"},\"sameAs\":[\"https:\/\/www.facebook.com\/carcrismanteniments\"]}]}<\/script>\n<!-- \/ Yoast SEO plugin. -->","yoast_head_json":{"title":"Neteges sector restauraci\u00f3 a Barcelona - Carcris Facility Services","description":"Descobreix el servei de neteja i manteniment del sector restauraci\u00f3 a Barcelona. Des de cuines, obradors i establiments.","robots":{"index":"index","follow":"follow","max-snippet":"max-snippet:-1","max-image-preview":"max-image-preview:large","max-video-preview":"max-video-preview:-1"},"canonical":"https:\/\/www.carcrisfs.com\/ca\/serveis-carcris-facility-services\/neteges-sector-restauracio-a-barcelona\/","og_locale":"ca_ES","og_type":"article","og_title":"Neteges sector restauraci\u00f3 a Barcelona - Carcris Facility Services","og_description":"Descobreix el servei de neteja i manteniment del sector restauraci\u00f3 a Barcelona. Des de cuines, obradors i establiments.","og_url":"https:\/\/www.carcrisfs.com\/ca\/serveis-carcris-facility-services\/neteges-sector-restauracio-a-barcelona\/","og_site_name":"Carcris Facility Services","article_publisher":"https:\/\/www.facebook.com\/carcrismanteniments","article_modified_time":"2025-02-18T15:01:01+00:00","og_image":[{"url":"https:\/\/www.carcrisfs.com\/wp-content\/uploads\/2021\/09\/Caja-para-movil.png","type":"","width":"","height":""}],"twitter_card":"summary_large_image","twitter_misc":{"Temps estimat de lectura":"3 minuts"},"schema":{"@context":"https:\/\/schema.org","@graph":[{"@type":"WebPage","@id":"https:\/\/www.carcrisfs.com\/ca\/serveis-carcris-facility-services\/neteges-sector-restauracio-a-barcelona\/","url":"https:\/\/www.carcrisfs.com\/ca\/serveis-carcris-facility-services\/neteges-sector-restauracio-a-barcelona\/","name":"Neteges sector restauraci\u00f3 a Barcelona - Carcris Facility Services","isPartOf":{"@id":"https:\/\/www.carcrisfs.com\/ca\/#website"},"primaryImageOfPage":{"@id":"https:\/\/www.carcrisfs.com\/ca\/serveis-carcris-facility-services\/neteges-sector-restauracio-a-barcelona\/#primaryimage"},"image":{"@id":"https:\/\/www.carcrisfs.com\/ca\/serveis-carcris-facility-services\/neteges-sector-restauracio-a-barcelona\/#primaryimage"},"thumbnailUrl":"https:\/\/www.carcrisfs.com\/wp-content\/uploads\/2021\/09\/Caja-para-movil.png","datePublished":"2022-01-17T15:52:01+00:00","dateModified":"2025-02-18T15:01:01+00:00","description":"Descobreix el servei de neteja i manteniment del sector restauraci\u00f3 a Barcelona. Des de cuines, obradors i establiments.","breadcrumb":{"@id":"https:\/\/www.carcrisfs.com\/ca\/serveis-carcris-facility-services\/neteges-sector-restauracio-a-barcelona\/#breadcrumb"},"inLanguage":"ca","potentialAction":[{"@type":"ReadAction","target":["https:\/\/www.carcrisfs.com\/ca\/serveis-carcris-facility-services\/neteges-sector-restauracio-a-barcelona\/"]}]},{"@type":"ImageObject","inLanguage":"ca","@id":"https:\/\/www.carcrisfs.com\/ca\/serveis-carcris-facility-services\/neteges-sector-restauracio-a-barcelona\/#primaryimage","url":"https:\/\/www.carcrisfs.com\/wp-content\/uploads\/2021\/09\/Caja-para-movil.png","contentUrl":"https:\/\/www.carcrisfs.com\/wp-content\/uploads\/2021\/09\/Caja-para-movil.png"},{"@type":"BreadcrumbList","@id":"https:\/\/www.carcrisfs.com\/ca\/serveis-carcris-facility-services\/neteges-sector-restauracio-a-barcelona\/#breadcrumb","itemListElement":[{"@type":"ListItem","position":1,"name":"Portada","item":"https:\/\/www.carcrisfs.com\/ca\/inici\/"},{"@type":"ListItem","position":2,"name":"Serveis Carcris Facility Services","item":"https:\/\/www.carcrisfs.com\/ca\/serveis-carcris-facility-services\/"},{"@type":"ListItem","position":3,"name":"Neteges sector restauraci\u00f3 a Barcelona"}]},{"@type":"WebSite","@id":"https:\/\/www.carcrisfs.com\/ca\/#website","url":"https:\/\/www.carcrisfs.com\/ca\/","name":"CarCris Manteniments","description":"","publisher":{"@id":"https:\/\/www.carcrisfs.com\/ca\/#organization"},"potentialAction":[{"@type":"SearchAction","target":{"@type":"EntryPoint","urlTemplate":"https:\/\/www.carcrisfs.com\/ca\/?s={search_term_string}"},"query-input":{"@type":"PropertyValueSpecification","valueRequired":true,"valueName":"search_term_string"}}],"inLanguage":"ca"},{"@type":"Organization","@id":"https:\/\/www.carcrisfs.com\/ca\/#organization","name":"CarCris Manteniments","url":"https:\/\/www.carcrisfs.com\/ca\/","logo":{"@type":"ImageObject","inLanguage":"ca","@id":"https:\/\/www.carcrisfs.com\/ca\/#\/schema\/logo\/image\/","url":"https:\/\/www.carcrisfs.com\/wp-content\/uploads\/2021\/09\/CarCris-Manteniments-Serveis-Generals-de-Neteja.png","contentUrl":"https:\/\/www.carcrisfs.com\/wp-content\/uploads\/2021\/09\/CarCris-Manteniments-Serveis-Generals-de-Neteja.png","width":250,"height":176,"caption":"CarCris Manteniments"},"image":{"@id":"https:\/\/www.carcrisfs.com\/ca\/#\/schema\/logo\/image\/"},"sameAs":["https:\/\/www.facebook.com\/carcrismanteniments"]}]}},"_links":{"self":[{"href":"https:\/\/www.carcrisfs.com\/ca\/wp-json\/wp\/v2\/pages\/1451","targetHints":{"allow":["GET"]}}],"collection":[{"href":"https:\/\/www.carcrisfs.com\/ca\/wp-json\/wp\/v2\/pages"}],"about":[{"href":"https:\/\/www.carcrisfs.com\/ca\/wp-json\/wp\/v2\/types\/page"}],"author":[{"embeddable":true,"href":"https:\/\/www.carcrisfs.com\/ca\/wp-json\/wp\/v2\/users\/2"}],"replies":[{"embeddable":true,"href":"https:\/\/www.carcrisfs.com\/ca\/wp-json\/wp\/v2\/comments?post=1451"}],"version-history":[{"count":5,"href":"https:\/\/www.carcrisfs.com\/ca\/wp-json\/wp\/v2\/pages\/1451\/revisions"}],"predecessor-version":[{"id":1627,"href":"https:\/\/www.carcrisfs.com\/ca\/wp-json\/wp\/v2\/pages\/1451\/revisions\/1627"}],"up":[{"embeddable":true,"href":"https:\/\/www.carcrisfs.com\/ca\/wp-json\/wp\/v2\/pages\/1395"}],"wp:attachment":[{"href":"https:\/\/www.carcrisfs.com\/ca\/wp-json\/wp\/v2\/media?parent=1451"}],"curies":[{"name":"wp","href":"https:\/\/api.w.org\/{rel}","templated":true}]}}