{"id":1441,"date":"2022-01-17T15:38:50","date_gmt":"2022-01-17T15:38:50","guid":{"rendered":"https:\/\/www.carcrisfs.com\/serveis-carcris-manteniments\/abrillantaments-i-tractaments-de-sols-a-barcelona\/"},"modified":"2025-02-18T14:47:28","modified_gmt":"2025-02-18T14:47:28","slug":"abrillantaments-i-tractaments-de-sols-a-barcelona","status":"publish","type":"page","link":"https:\/\/www.carcrisfs.com\/ca\/serveis-carcris-facility-services\/abrillantaments-i-tractaments-de-sols-a-barcelona\/","title":{"rendered":"Abrillantaments i tractaments de s\u00f2ls a Barcelona"},"content":{"rendered":"<div class=\"wpb-content-wrapper\"><p>[vc_row row_type=&#8221;row&#8221; use_row_as_full_screen_section=&#8221;no&#8221; type=&#8221;full_width&#8221; text_align=&#8221;left&#8221; background_animation=&#8221;none&#8221; css_animation=&#8221;&#8221; css=&#8221;.vc_custom_1631267167790{padding-top: 16% !important;padding-bottom: 16% !important;background-image: url(https:\/\/www.carcrisfs.com\/wp-content\/uploads\/2021\/09\/CarCris-Abrillantados-y-tratamientos-de-suelos02.jpg?id=542) !important;background-position: center !important;background-repeat: no-repeat !important;background-size: cover !important;}&#8221;][vc_column][vc_row_inner row_type=&#8221;row&#8221; type=&#8221;grid&#8221; use_row_as_full_screen_section_slide=&#8221;no&#8221; text_align=&#8221;left&#8221; css_animation=&#8221;&#8221;][vc_column_inner][vc_column_text]<\/p>\n<h1 class=\"white\">Abrillantat i tractaments de s\u00f2ls<\/h1>\n<p>[\/vc_column_text][\/vc_column_inner][\/vc_row_inner][\/vc_column][\/vc_row][vc_row row_type=&#8221;row&#8221; use_row_as_full_screen_section=&#8221;no&#8221; type=&#8221;full_width&#8221; text_align=&#8221;left&#8221; background_animation=&#8221;none&#8221; css_animation=&#8221;&#8221;][vc_column][vc_empty_space height=&#8221;60px&#8221;][\/vc_column][\/vc_row][vc_row row_type=&#8221;row&#8221; use_row_as_full_screen_section=&#8221;no&#8221; type=&#8221;full_width&#8221; text_align=&#8221;left&#8221; background_animation=&#8221;none&#8221; css_animation=&#8221;&#8221;][vc_column][vc_row_inner row_type=&#8221;row&#8221; type=&#8221;grid&#8221; use_row_as_full_screen_section_slide=&#8221;no&#8221; text_align=&#8221;left&#8221; css_animation=&#8221;&#8221;][vc_column_inner width=&#8221;1\/6&#8243;][\/vc_column_inner][vc_column_inner width=&#8221;2\/3&#8243;][vc_column_text css=&#8221;&#8221;]<\/p>\n<h3 style=\"text-align: center;\">Actualment, prestem el servei de neteja d\u2019abrillantament i tractament de s\u00f2ls a Barcelona ciutat, tot i que opcionalment podem estendre-ho a tota la prov\u00edncia de Barcelona. Si us plau, contacteu amb nosaltres tamb\u00e9 si la vostra necessitat del servei \u00e9s fora de la ciutat de Barcelona.<\/h3>\n<p>&nbsp;<\/p>\n<p>[\/vc_column_text][\/vc_column_inner][vc_column_inner width=&#8221;1\/6&#8243;][\/vc_column_inner][\/vc_row_inner][vc_empty_space height=&#8221;60px&#8221;][vc_row_inner row_type=&#8221;row&#8221; type=&#8221;full_width&#8221; use_row_as_full_screen_section_slide=&#8221;no&#8221; text_align=&#8221;center&#8221; css_animation=&#8221;&#8221;][vc_column_inner width=&#8221;1\/4&#8243;][\/vc_column_inner][vc_column_inner width=&#8221;1\/4&#8243;]<a href=\"https:\/\/www.carcrisfs.com\/ca\/avantatges-carcris\/\" target=\"_self\"  class=\"qbutton  underlined\" style=\"\">Avantatges CarCris<span class=\"qode-underlined-button-span\" style=\"\"><\/span><\/a>[\/vc_column_inner][vc_column_inner width=&#8221;1\/4&#8243;]<a href=\"https:\/\/www.carcrisfs.com\/ca\/demanar-pressupost\/\" target=\"_self\"  class=\"qbutton  underlined\" style=\"\">Demanar Pressupost<span class=\"qode-underlined-button-span\" style=\"\"><\/span><\/a>[\/vc_column_inner][vc_column_inner width=&#8221;1\/4&#8243;][\/vc_column_inner][\/vc_row_inner][\/vc_column][\/vc_row][vc_row row_type=&#8221;row&#8221; use_row_as_full_screen_section=&#8221;no&#8221; type=&#8221;full_width&#8221; text_align=&#8221;left&#8221; background_animation=&#8221;none&#8221; css_animation=&#8221;&#8221;][vc_column][vc_empty_space height=&#8221;80px&#8221;][\/vc_column][\/vc_row][vc_row row_type=&#8221;row&#8221; use_row_as_full_screen_section=&#8221;no&#8221; type=&#8221;grid&#8221; text_align=&#8221;left&#8221; background_animation=&#8221;none&#8221; css_animation=&#8221;&#8221;][vc_column][vc_row_inner row_type=&#8221;row&#8221; type=&#8221;full_width&#8221; use_row_as_full_screen_section_slide=&#8221;no&#8221; text_align=&#8221;left&#8221; css_animation=&#8221;&#8221;][vc_column_inner][qode_elements_holder number_of_columns=&#8221;two_columns&#8221;][qode_elements_holder_item item_padding=&#8221;6%&#8221; vertical_alignment=&#8221;top&#8221;][vc_column_text css=&#8221;&#8221;]<\/p>\n<h2>Experts en abrillantaments i tractaments de s\u00f2ls a Barcelona<\/h2>\n<p>&nbsp;<\/p>\n<p>Pel seu \u00fas diari, el s\u00f2l va adquirint taques que penetren en les porositats i, \u00e9s necessari netejar amb m\u00e0quines rotatives utilitzant productes espec\u00edfics.<\/p>\n<p>[\/vc_column_text][vc_empty_space]<blockquote class='with_quote_icon' style=''><span class='icon_quotations_holder'><i class='q_font_elegant_icon icon_quotations' style=''><\/i><\/span><h3 class='blockquote_text' style=''><span>A Carcris Facility Services oferim el servei d\u2019abrillantament i tractament de s\u00f2ls, treballant per a empreses i particulars.<\/span><\/h3><\/blockquote>[vc_empty_space][vc_column_text css=&#8221;&#8221;]<\/p>\n<p>A m\u00e9s, \u00e9s a les comunitats de ve\u00efns on incloem aquestes tasques de manera peri\u00f2dica, amb freq\u00fc\u00e8ncia anual o semestral, per a tractar el s\u00f2l d\u2019un vest\u00edbul i dels replans, i mantenir la imatge de la comunitat en perfecte estat.<\/p>\n<p>&nbsp;<\/p>\n<p>Depenent de l&#8217;estat del s\u00f2l, podem realitzar, en primer lloc, un decapat mec\u00e0nic, per eliminar impureses i obrir el porus i, en segon lloc, aplicar el producte cristal\u00b7litzador amb llana d\u2019\u00e0cer perqu\u00e8 el s\u00f2l recuperi la brillantor.<\/p>\n<p>[\/vc_column_text][vc_empty_space height=&#8221;40px&#8221;][\/qode_elements_holder_item][qode_elements_holder_item background_image=&#8221;734&#8243;][vc_column_text]<img decoding=\"async\" src=\"https:\/\/www.carcrisfs.com\/wp-content\/uploads\/2021\/09\/Caja-para-movil.png\" alt=\"\" \/>[\/vc_column_text][\/qode_elements_holder_item][\/qode_elements_holder][\/vc_column_inner][\/vc_row_inner][vc_row_inner row_type=&#8221;row&#8221; type=&#8221;full_width&#8221; use_row_as_full_screen_section_slide=&#8221;no&#8221; text_align=&#8221;left&#8221; css_animation=&#8221;&#8221;][vc_column_inner][qode_elements_holder number_of_columns=&#8221;two_columns&#8221;][qode_elements_holder_item background_image=&#8221;735&#8243; item_padding=&#8221;12%&#8221; vertical_alignment=&#8221;top&#8221;][vc_column_text]<img decoding=\"async\" src=\"https:\/\/www.carcrisfs.com\/wp-content\/uploads\/2021\/09\/Caja-para-movil.png\" alt=\"\" \/>[\/vc_column_text][\/qode_elements_holder_item][qode_elements_holder_item item_padding=&#8221;6%&#8221;][vc_empty_space height=&#8221;40px&#8221;][vc_column_text css=&#8221;&#8221;]<\/p>\n<h2>Especialistes en neteja d\u2019abrillantats i tractaments de s\u00f2ls a Barcelona<\/h2>\n<p>&nbsp;<\/p>\n<p>Mitjan\u00e7ant l&#8217;acci\u00f3 repetitiva de la m\u00e0quina rotativa es produeix una reacci\u00f3 qu\u00edmica mitjan\u00e7ant la qual el l\u00edquid cristal\u00b7litzador es transforma en una fina pel\u00b7l\u00edcula transparent i protectora.<\/p>\n<p>[\/vc_column_text][vc_empty_space]<blockquote class='with_quote_icon' style=''><span class='icon_quotations_holder'><i class='q_font_elegant_icon icon_quotations' style=''><\/i><\/span><h3 class='blockquote_text' style=''><span>No externalitzem el servei, ja que comptem en plantilla amb personal professional, qualificat i amb experi\u00e8ncia en la realitzaci\u00f3 d\u2019aquests treballs.<\/span><\/h3><\/blockquote>[vc_empty_space][vc_column_text css=&#8221;&#8221;]<\/p>\n<p>I com en tots els nostres serveis, els nostres especialistes reben el suport de la nostra app, la qual agenda totes les tasques, de manera que amb Carcris Facility Services t\u00e9 la garantia que SEMPRE es realitzen els abrillantats peri\u00f2dics contractats.<\/p>\n<p>&nbsp;<\/p>\n<p>\u00c9s molt habitual en el nostre sector incloure aquestes tasques de manera gratu\u00efta amb la contractaci\u00f3 d\u2019un manteniment integral anual de la comunitat, per\u00f2 \u00e9s encara m\u00e9s habitual que a posteriori no es compleixi amb els terminis establerts. Oblideu-vos d\u2019aquests problemes, no permeti que l\u2019enganyin. Amb Carcris Facility Services manteniu els s\u00f2ls en perfecte estat.<\/p>\n<p>[\/vc_column_text][\/qode_elements_holder_item][\/qode_elements_holder][\/vc_column_inner][\/vc_row_inner][\/vc_column][\/vc_row][vc_row row_type=&#8221;row&#8221; use_row_as_full_screen_section=&#8221;no&#8221; type=&#8221;full_width&#8221; text_align=&#8221;left&#8221; background_animation=&#8221;none&#8221; css_animation=&#8221;&#8221;][vc_column][vc_empty_space height=&#8221;120px&#8221;][\/vc_column][\/vc_row]<\/p>\n<\/div>","protected":false},"excerpt":{"rendered":"<p>[vc_row row_type=&#8221;row&#8221; use_row_as_full_screen_section=&#8221;no&#8221; type=&#8221;full_width&#8221; text_align=&#8221;left&#8221; background_animation=&#8221;none&#8221; css_animation=&#8221;&#8221; css=&#8221;.vc_custom_1631267167790{padding-top: 16% !important;padding-bottom: 16% !important;background-image: url(https:\/\/www.carcrisfs.com\/wp-content\/uploads\/2021\/09\/CarCris-Abrillantados-y-tratamientos-de-suelos02.jpg?id=542) !important;background-position: center !important;background-repeat: no-repeat !important;background-size: cover !important;}&#8221;][vc_column][vc_row_inner row_type=&#8221;row&#8221; type=&#8221;grid&#8221; use_row_as_full_screen_section_slide=&#8221;no&#8221; text_align=&#8221;left&#8221; css_animation=&#8221;&#8221;][vc_column_inner][vc_column_text] Abrillantat i tractaments de s\u00f2ls [\/vc_column_text][\/vc_column_inner][\/vc_row_inner][\/vc_column][\/vc_row][vc_row row_type=&#8221;row&#8221; use_row_as_full_screen_section=&#8221;no&#8221; type=&#8221;full_width&#8221; text_align=&#8221;left&#8221; background_animation=&#8221;none&#8221; css_animation=&#8221;&#8221;][vc_column][vc_empty_space height=&#8221;60px&#8221;][\/vc_column][\/vc_row][vc_row row_type=&#8221;row&#8221; use_row_as_full_screen_section=&#8221;no&#8221; type=&#8221;full_width&#8221; text_align=&#8221;left&#8221; background_animation=&#8221;none&#8221; css_animation=&#8221;&#8221;][vc_column][vc_row_inner row_type=&#8221;row&#8221;&#8230;<\/p>\n","protected":false},"author":2,"featured_media":0,"parent":1395,"menu_order":0,"comment_status":"closed","ping_status":"closed","template":"full_width.php","meta":{"footnotes":""},"class_list":["post-1441","page","type-page","status-publish","hentry"],"yoast_head":"<!-- This site is optimized with the Yoast SEO plugin v24.4 - https:\/\/yoast.com\/wordpress\/plugins\/seo\/ -->\n<title>Abrillantaments i tractaments de s\u00f2ls a Barcelona - Carcris Facility Services<\/title>\n<meta name=\"description\" content=\"Descobreix els serveis d&#039;abrillantats i tractament de s\u00f2ls a Barcelona. Amb els nostres professionals recuperar\u00e0s la lluentor del s\u00f2l.\" \/>\n<meta name=\"robots\" content=\"index, follow, max-snippet:-1, max-image-preview:large, max-video-preview:-1\" \/>\n<link rel=\"canonical\" href=\"https:\/\/www.carcrisfs.com\/ca\/serveis-carcris-facility-services\/abrillantaments-i-tractaments-de-sols-a-barcelona\/\" \/>\n<meta property=\"og:locale\" content=\"ca_ES\" \/>\n<meta property=\"og:type\" content=\"article\" \/>\n<meta property=\"og:title\" content=\"Abrillantaments i tractaments de s\u00f2ls a Barcelona - Carcris Facility Services\" \/>\n<meta property=\"og:description\" content=\"Descobreix els serveis d&#039;abrillantats i tractament de s\u00f2ls a Barcelona. Amb els nostres professionals recuperar\u00e0s la lluentor del s\u00f2l.\" \/>\n<meta property=\"og:url\" content=\"https:\/\/www.carcrisfs.com\/ca\/serveis-carcris-facility-services\/abrillantaments-i-tractaments-de-sols-a-barcelona\/\" \/>\n<meta property=\"og:site_name\" content=\"Carcris Facility Services\" \/>\n<meta property=\"article:publisher\" content=\"https:\/\/www.facebook.com\/carcrismanteniments\" \/>\n<meta property=\"article:modified_time\" content=\"2025-02-18T14:47:28+00:00\" \/>\n<meta property=\"og:image\" content=\"https:\/\/www.carcrisfs.com\/wp-content\/uploads\/2021\/09\/Caja-para-movil.png\" \/>\n<meta name=\"twitter:card\" content=\"summary_large_image\" \/>\n<meta name=\"twitter:label1\" content=\"Temps estimat de lectura\" \/>\n\t<meta name=\"twitter:data1\" content=\"3 minuts\" \/>\n<script type=\"application\/ld+json\" class=\"yoast-schema-graph\">{\"@context\":\"https:\/\/schema.org\",\"@graph\":[{\"@type\":\"WebPage\",\"@id\":\"https:\/\/www.carcrisfs.com\/ca\/serveis-carcris-facility-services\/abrillantaments-i-tractaments-de-sols-a-barcelona\/\",\"url\":\"https:\/\/www.carcrisfs.com\/ca\/serveis-carcris-facility-services\/abrillantaments-i-tractaments-de-sols-a-barcelona\/\",\"name\":\"Abrillantaments i tractaments de s\u00f2ls a Barcelona - Carcris Facility Services\",\"isPartOf\":{\"@id\":\"https:\/\/www.carcrisfs.com\/ca\/#website\"},\"primaryImageOfPage\":{\"@id\":\"https:\/\/www.carcrisfs.com\/ca\/serveis-carcris-facility-services\/abrillantaments-i-tractaments-de-sols-a-barcelona\/#primaryimage\"},\"image\":{\"@id\":\"https:\/\/www.carcrisfs.com\/ca\/serveis-carcris-facility-services\/abrillantaments-i-tractaments-de-sols-a-barcelona\/#primaryimage\"},\"thumbnailUrl\":\"https:\/\/www.carcrisfs.com\/wp-content\/uploads\/2021\/09\/Caja-para-movil.png\",\"datePublished\":\"2022-01-17T15:38:50+00:00\",\"dateModified\":\"2025-02-18T14:47:28+00:00\",\"description\":\"Descobreix els serveis d'abrillantats i tractament de s\u00f2ls a Barcelona. Amb els nostres professionals recuperar\u00e0s la lluentor del s\u00f2l.\",\"breadcrumb\":{\"@id\":\"https:\/\/www.carcrisfs.com\/ca\/serveis-carcris-facility-services\/abrillantaments-i-tractaments-de-sols-a-barcelona\/#breadcrumb\"},\"inLanguage\":\"ca\",\"potentialAction\":[{\"@type\":\"ReadAction\",\"target\":[\"https:\/\/www.carcrisfs.com\/ca\/serveis-carcris-facility-services\/abrillantaments-i-tractaments-de-sols-a-barcelona\/\"]}]},{\"@type\":\"ImageObject\",\"inLanguage\":\"ca\",\"@id\":\"https:\/\/www.carcrisfs.com\/ca\/serveis-carcris-facility-services\/abrillantaments-i-tractaments-de-sols-a-barcelona\/#primaryimage\",\"url\":\"https:\/\/www.carcrisfs.com\/wp-content\/uploads\/2021\/09\/Caja-para-movil.png\",\"contentUrl\":\"https:\/\/www.carcrisfs.com\/wp-content\/uploads\/2021\/09\/Caja-para-movil.png\"},{\"@type\":\"BreadcrumbList\",\"@id\":\"https:\/\/www.carcrisfs.com\/ca\/serveis-carcris-facility-services\/abrillantaments-i-tractaments-de-sols-a-barcelona\/#breadcrumb\",\"itemListElement\":[{\"@type\":\"ListItem\",\"position\":1,\"name\":\"Portada\",\"item\":\"https:\/\/www.carcrisfs.com\/ca\/inici\/\"},{\"@type\":\"ListItem\",\"position\":2,\"name\":\"Serveis Carcris Facility Services\",\"item\":\"https:\/\/www.carcrisfs.com\/ca\/serveis-carcris-facility-services\/\"},{\"@type\":\"ListItem\",\"position\":3,\"name\":\"Abrillantaments i tractaments de s\u00f2ls a Barcelona\"}]},{\"@type\":\"WebSite\",\"@id\":\"https:\/\/www.carcrisfs.com\/ca\/#website\",\"url\":\"https:\/\/www.carcrisfs.com\/ca\/\",\"name\":\"CarCris Manteniments\",\"description\":\"\",\"publisher\":{\"@id\":\"https:\/\/www.carcrisfs.com\/ca\/#organization\"},\"potentialAction\":[{\"@type\":\"SearchAction\",\"target\":{\"@type\":\"EntryPoint\",\"urlTemplate\":\"https:\/\/www.carcrisfs.com\/ca\/?s={search_term_string}\"},\"query-input\":{\"@type\":\"PropertyValueSpecification\",\"valueRequired\":true,\"valueName\":\"search_term_string\"}}],\"inLanguage\":\"ca\"},{\"@type\":\"Organization\",\"@id\":\"https:\/\/www.carcrisfs.com\/ca\/#organization\",\"name\":\"CarCris Manteniments\",\"url\":\"https:\/\/www.carcrisfs.com\/ca\/\",\"logo\":{\"@type\":\"ImageObject\",\"inLanguage\":\"ca\",\"@id\":\"https:\/\/www.carcrisfs.com\/ca\/#\/schema\/logo\/image\/\",\"url\":\"https:\/\/www.carcrisfs.com\/wp-content\/uploads\/2021\/09\/CarCris-Manteniments-Serveis-Generals-de-Neteja.png\",\"contentUrl\":\"https:\/\/www.carcrisfs.com\/wp-content\/uploads\/2021\/09\/CarCris-Manteniments-Serveis-Generals-de-Neteja.png\",\"width\":250,\"height\":176,\"caption\":\"CarCris Manteniments\"},\"image\":{\"@id\":\"https:\/\/www.carcrisfs.com\/ca\/#\/schema\/logo\/image\/\"},\"sameAs\":[\"https:\/\/www.facebook.com\/carcrismanteniments\"]}]}<\/script>\n<!-- \/ Yoast SEO plugin. -->","yoast_head_json":{"title":"Abrillantaments i tractaments de s\u00f2ls a Barcelona - Carcris Facility Services","description":"Descobreix els serveis d'abrillantats i tractament de s\u00f2ls a Barcelona. Amb els nostres professionals recuperar\u00e0s la lluentor del s\u00f2l.","robots":{"index":"index","follow":"follow","max-snippet":"max-snippet:-1","max-image-preview":"max-image-preview:large","max-video-preview":"max-video-preview:-1"},"canonical":"https:\/\/www.carcrisfs.com\/ca\/serveis-carcris-facility-services\/abrillantaments-i-tractaments-de-sols-a-barcelona\/","og_locale":"ca_ES","og_type":"article","og_title":"Abrillantaments i tractaments de s\u00f2ls a Barcelona - Carcris Facility Services","og_description":"Descobreix els serveis d'abrillantats i tractament de s\u00f2ls a Barcelona. Amb els nostres professionals recuperar\u00e0s la lluentor del s\u00f2l.","og_url":"https:\/\/www.carcrisfs.com\/ca\/serveis-carcris-facility-services\/abrillantaments-i-tractaments-de-sols-a-barcelona\/","og_site_name":"Carcris Facility Services","article_publisher":"https:\/\/www.facebook.com\/carcrismanteniments","article_modified_time":"2025-02-18T14:47:28+00:00","og_image":[{"url":"https:\/\/www.carcrisfs.com\/wp-content\/uploads\/2021\/09\/Caja-para-movil.png","type":"","width":"","height":""}],"twitter_card":"summary_large_image","twitter_misc":{"Temps estimat de lectura":"3 minuts"},"schema":{"@context":"https:\/\/schema.org","@graph":[{"@type":"WebPage","@id":"https:\/\/www.carcrisfs.com\/ca\/serveis-carcris-facility-services\/abrillantaments-i-tractaments-de-sols-a-barcelona\/","url":"https:\/\/www.carcrisfs.com\/ca\/serveis-carcris-facility-services\/abrillantaments-i-tractaments-de-sols-a-barcelona\/","name":"Abrillantaments i tractaments de s\u00f2ls a Barcelona - Carcris Facility Services","isPartOf":{"@id":"https:\/\/www.carcrisfs.com\/ca\/#website"},"primaryImageOfPage":{"@id":"https:\/\/www.carcrisfs.com\/ca\/serveis-carcris-facility-services\/abrillantaments-i-tractaments-de-sols-a-barcelona\/#primaryimage"},"image":{"@id":"https:\/\/www.carcrisfs.com\/ca\/serveis-carcris-facility-services\/abrillantaments-i-tractaments-de-sols-a-barcelona\/#primaryimage"},"thumbnailUrl":"https:\/\/www.carcrisfs.com\/wp-content\/uploads\/2021\/09\/Caja-para-movil.png","datePublished":"2022-01-17T15:38:50+00:00","dateModified":"2025-02-18T14:47:28+00:00","description":"Descobreix els serveis d'abrillantats i tractament de s\u00f2ls a Barcelona. Amb els nostres professionals recuperar\u00e0s la lluentor del s\u00f2l.","breadcrumb":{"@id":"https:\/\/www.carcrisfs.com\/ca\/serveis-carcris-facility-services\/abrillantaments-i-tractaments-de-sols-a-barcelona\/#breadcrumb"},"inLanguage":"ca","potentialAction":[{"@type":"ReadAction","target":["https:\/\/www.carcrisfs.com\/ca\/serveis-carcris-facility-services\/abrillantaments-i-tractaments-de-sols-a-barcelona\/"]}]},{"@type":"ImageObject","inLanguage":"ca","@id":"https:\/\/www.carcrisfs.com\/ca\/serveis-carcris-facility-services\/abrillantaments-i-tractaments-de-sols-a-barcelona\/#primaryimage","url":"https:\/\/www.carcrisfs.com\/wp-content\/uploads\/2021\/09\/Caja-para-movil.png","contentUrl":"https:\/\/www.carcrisfs.com\/wp-content\/uploads\/2021\/09\/Caja-para-movil.png"},{"@type":"BreadcrumbList","@id":"https:\/\/www.carcrisfs.com\/ca\/serveis-carcris-facility-services\/abrillantaments-i-tractaments-de-sols-a-barcelona\/#breadcrumb","itemListElement":[{"@type":"ListItem","position":1,"name":"Portada","item":"https:\/\/www.carcrisfs.com\/ca\/inici\/"},{"@type":"ListItem","position":2,"name":"Serveis Carcris Facility Services","item":"https:\/\/www.carcrisfs.com\/ca\/serveis-carcris-facility-services\/"},{"@type":"ListItem","position":3,"name":"Abrillantaments i tractaments de s\u00f2ls a Barcelona"}]},{"@type":"WebSite","@id":"https:\/\/www.carcrisfs.com\/ca\/#website","url":"https:\/\/www.carcrisfs.com\/ca\/","name":"CarCris Manteniments","description":"","publisher":{"@id":"https:\/\/www.carcrisfs.com\/ca\/#organization"},"potentialAction":[{"@type":"SearchAction","target":{"@type":"EntryPoint","urlTemplate":"https:\/\/www.carcrisfs.com\/ca\/?s={search_term_string}"},"query-input":{"@type":"PropertyValueSpecification","valueRequired":true,"valueName":"search_term_string"}}],"inLanguage":"ca"},{"@type":"Organization","@id":"https:\/\/www.carcrisfs.com\/ca\/#organization","name":"CarCris Manteniments","url":"https:\/\/www.carcrisfs.com\/ca\/","logo":{"@type":"ImageObject","inLanguage":"ca","@id":"https:\/\/www.carcrisfs.com\/ca\/#\/schema\/logo\/image\/","url":"https:\/\/www.carcrisfs.com\/wp-content\/uploads\/2021\/09\/CarCris-Manteniments-Serveis-Generals-de-Neteja.png","contentUrl":"https:\/\/www.carcrisfs.com\/wp-content\/uploads\/2021\/09\/CarCris-Manteniments-Serveis-Generals-de-Neteja.png","width":250,"height":176,"caption":"CarCris Manteniments"},"image":{"@id":"https:\/\/www.carcrisfs.com\/ca\/#\/schema\/logo\/image\/"},"sameAs":["https:\/\/www.facebook.com\/carcrismanteniments"]}]}},"_links":{"self":[{"href":"https:\/\/www.carcrisfs.com\/ca\/wp-json\/wp\/v2\/pages\/1441","targetHints":{"allow":["GET"]}}],"collection":[{"href":"https:\/\/www.carcrisfs.com\/ca\/wp-json\/wp\/v2\/pages"}],"about":[{"href":"https:\/\/www.carcrisfs.com\/ca\/wp-json\/wp\/v2\/types\/page"}],"author":[{"embeddable":true,"href":"https:\/\/www.carcrisfs.com\/ca\/wp-json\/wp\/v2\/users\/2"}],"replies":[{"embeddable":true,"href":"https:\/\/www.carcrisfs.com\/ca\/wp-json\/wp\/v2\/comments?post=1441"}],"version-history":[{"count":4,"href":"https:\/\/www.carcrisfs.com\/ca\/wp-json\/wp\/v2\/pages\/1441\/revisions"}],"predecessor-version":[{"id":1621,"href":"https:\/\/www.carcrisfs.com\/ca\/wp-json\/wp\/v2\/pages\/1441\/revisions\/1621"}],"up":[{"embeddable":true,"href":"https:\/\/www.carcrisfs.com\/ca\/wp-json\/wp\/v2\/pages\/1395"}],"wp:attachment":[{"href":"https:\/\/www.carcrisfs.com\/ca\/wp-json\/wp\/v2\/media?parent=1441"}],"curies":[{"name":"wp","href":"https:\/\/api.w.org\/{rel}","templated":true}]}}