{"id":1434,"date":"2022-01-17T15:25:25","date_gmt":"2022-01-17T15:25:25","guid":{"rendered":"https:\/\/www.carcrisfs.com\/serveis-carcris-manteniments\/neteja-de-vidres-en-alcada-amb-aigua-pura-a-barcelona\/"},"modified":"2025-02-18T14:31:20","modified_gmt":"2025-02-18T14:31:20","slug":"neteja-de-vidres-en-alcada-amb-aigua-pura-a-barcelona","status":"publish","type":"page","link":"https:\/\/www.carcrisfs.com\/ca\/serveis-carcris-facility-services\/neteja-de-vidres-en-alcada-amb-aigua-pura-a-barcelona\/","title":{"rendered":"Neteja de vidres en al\u00e7ada amb aigua pura a Barcelona"},"content":{"rendered":"<div class=\"wpb-content-wrapper\"><p>[vc_row row_type=&#8221;row&#8221; use_row_as_full_screen_section=&#8221;no&#8221; type=&#8221;full_width&#8221; text_align=&#8221;left&#8221; background_animation=&#8221;none&#8221; css_animation=&#8221;&#8221; css=&#8221;.vc_custom_1634554795527{padding-top: 16% !important;padding-bottom: 16% !important;background-image: url(https:\/\/www.carcrisfs.com\/wp-content\/uploads\/2021\/10\/CarCris-Cristales-Top-001.jpg?id=772) !important;background-position: center !important;background-repeat: no-repeat !important;background-size: cover !important;}&#8221;][vc_column][vc_row_inner row_type=&#8221;row&#8221; type=&#8221;grid&#8221; use_row_as_full_screen_section_slide=&#8221;no&#8221; text_align=&#8221;left&#8221; css_animation=&#8221;&#8221;][vc_column_inner][vc_column_text]<\/p>\n<h1 class=\"white\">Neteja de vidres en al\u00e7ada amb aigua pura<\/h1>\n<p>[\/vc_column_text][\/vc_column_inner][\/vc_row_inner][\/vc_column][\/vc_row][vc_row row_type=&#8221;row&#8221; use_row_as_full_screen_section=&#8221;no&#8221; type=&#8221;full_width&#8221; text_align=&#8221;left&#8221; background_animation=&#8221;none&#8221; css_animation=&#8221;&#8221;][vc_column][vc_empty_space height=&#8221;60px&#8221;][\/vc_column][\/vc_row][vc_row row_type=&#8221;row&#8221; use_row_as_full_screen_section=&#8221;no&#8221; type=&#8221;full_width&#8221; text_align=&#8221;left&#8221; background_animation=&#8221;none&#8221; css_animation=&#8221;&#8221;][vc_column][vc_row_inner row_type=&#8221;row&#8221; type=&#8221;grid&#8221; use_row_as_full_screen_section_slide=&#8221;no&#8221; text_align=&#8221;left&#8221; css_animation=&#8221;&#8221;][vc_column_inner width=&#8221;1\/6&#8243;][\/vc_column_inner][vc_column_inner width=&#8221;2\/3&#8243;][vc_column_text css=&#8221;&#8221;]<\/p>\n<h3 style=\"text-align: center;\">Actualment, prestem el servei de neteja de vidres en al\u00e7ada amb aigua pura a la ciutat de Barcelona, tot i que opcionalment podem estendre-ho a tota la prov\u00edncia de Barcelona. Si us plau, contacteu amb nosaltres tamb\u00e9 si la vostra necessitat del servei \u00e9s fora de la ciutat de Barcelona.<\/h3>\n<p>&nbsp;<\/p>\n<p>[\/vc_column_text][\/vc_column_inner][vc_column_inner width=&#8221;1\/6&#8243;][\/vc_column_inner][\/vc_row_inner][vc_empty_space height=&#8221;60px&#8221;][vc_row_inner row_type=&#8221;row&#8221; type=&#8221;full_width&#8221; use_row_as_full_screen_section_slide=&#8221;no&#8221; text_align=&#8221;center&#8221; css_animation=&#8221;&#8221;][vc_column_inner width=&#8221;1\/4&#8243;][\/vc_column_inner][vc_column_inner width=&#8221;1\/4&#8243;]<a href=\"https:\/\/www.carcrisfs.com\/ca\/avantatges-carcris\/\" target=\"_self\"  class=\"qbutton  underlined\" style=\"\">Avantatges CarCris<span class=\"qode-underlined-button-span\" style=\"\"><\/span><\/a>[\/vc_column_inner][vc_column_inner width=&#8221;1\/4&#8243;]<a href=\"https:\/\/www.carcrisfs.com\/ca\/demanar-pressupost\/\" target=\"_self\"  class=\"qbutton  underlined\" style=\"\">Demanar Pressupost<span class=\"qode-underlined-button-span\" style=\"\"><\/span><\/a>[\/vc_column_inner][vc_column_inner width=&#8221;1\/4&#8243;][\/vc_column_inner][\/vc_row_inner][\/vc_column][\/vc_row][vc_row row_type=&#8221;row&#8221; use_row_as_full_screen_section=&#8221;no&#8221; type=&#8221;full_width&#8221; text_align=&#8221;left&#8221; background_animation=&#8221;none&#8221; css_animation=&#8221;&#8221;][vc_column][vc_empty_space height=&#8221;80px&#8221;][\/vc_column][\/vc_row][vc_row row_type=&#8221;row&#8221; use_row_as_full_screen_section=&#8221;no&#8221; type=&#8221;grid&#8221; text_align=&#8221;left&#8221; background_animation=&#8221;none&#8221; css_animation=&#8221;&#8221;][vc_column][vc_row_inner row_type=&#8221;row&#8221; type=&#8221;full_width&#8221; use_row_as_full_screen_section_slide=&#8221;no&#8221; text_align=&#8221;left&#8221; css_animation=&#8221;&#8221;][vc_column_inner][qode_elements_holder number_of_columns=&#8221;two_columns&#8221;][qode_elements_holder_item item_padding=&#8221;6%&#8221; vertical_alignment=&#8221;top&#8221;][vc_column_text css=&#8221;&#8221;]<\/p>\n<h2>Experts en neteja de vidres en al\u00e7ada amb aigua pura, a Barcelona<\/h2>\n<p>&nbsp;<\/p>\n<p>La neteja en al\u00e7ada amb p\u00e9rtigues des del terra es fa amb aigua osmotitzada o pura.<\/p>\n<p>&nbsp;<\/p>\n<p>L\u2019aigua, en tots els casos, t\u00e9 una proporci\u00f3 variable de micropart\u00edcules que permeten l&#8217;estabilitat molecular del l\u00edquid. Per mitj\u00e0 dels sistemes d&#8217;osmosis se li dona un tractament que la converteix en aigua qu\u00edmicament pura, \u00e9s a dir, sense residus ni part\u00edcules. En aquest estat adquireix propietats que s\u2019aprofitem per a la neteja.<\/p>\n<p>[\/vc_column_text][vc_empty_space]<blockquote class='with_quote_icon' style=''><span class='icon_quotations_holder'><i class='q_font_elegant_icon icon_quotations' style=''><\/i><\/span><h3 class='blockquote_text' style=''><span>S\u2019ha descobert que l'aigua osmotitzada \u00e9s un agent netejador molt poder\u00f3s i agressiu amb la brut\u00edcia, per molt sorprenent que sembli, ja que \u00e9s totalment ecol\u00f2gic.<\/span><\/h3><\/blockquote>[vc_empty_space][vc_column_text css=&#8221;&#8221;]<\/p>\n<p>\u00c9s per aix\u00f2 que a Carcris Facility Services optem per invertir en una de les millors m\u00e0quines del mercat, l\u00b4HIDROPOWER de la prestigiosa marca alemana UNGER.<\/p>\n<p>[\/vc_column_text][vc_empty_space height=&#8221;60px&#8221;][\/qode_elements_holder_item][qode_elements_holder_item background_image=&#8221;770&#8243;][vc_column_text]<img decoding=\"async\" src=\"https:\/\/www.carcrisfs.com\/wp-content\/uploads\/2021\/09\/Caja-para-movil.png\" alt=\"\" \/>[\/vc_column_text][\/qode_elements_holder_item][\/qode_elements_holder][\/vc_column_inner][\/vc_row_inner][vc_row_inner row_type=&#8221;row&#8221; type=&#8221;full_width&#8221; use_row_as_full_screen_section_slide=&#8221;no&#8221; text_align=&#8221;left&#8221; css_animation=&#8221;&#8221;][vc_column_inner][qode_elements_holder number_of_columns=&#8221;two_columns&#8221;][qode_elements_holder_item background_image=&#8221;690&#8243; item_padding=&#8221;12%&#8221; vertical_alignment=&#8221;top&#8221;][vc_column_text]<img decoding=\"async\" src=\"https:\/\/www.carcrisfs.com\/wp-content\/uploads\/2021\/09\/Caja-para-movil.png\" alt=\"\" \/>[\/vc_column_text][\/qode_elements_holder_item][qode_elements_holder_item item_padding=&#8221;6%&#8221;][vc_empty_space height=&#8221;40px&#8221;][vc_column_text css=&#8221;&#8221;]<\/p>\n<h2>Especialistes en neteja de vidres en al\u00e7ada amb aigua pura, a Barcelona<\/h2>\n<p>&nbsp;<\/p>\n<p>Gr\u00e0cies a ella podem netejar no nom\u00e9s vidres, sin\u00f3 nom\u00e9s fa\u00e7anes, plaques solars i en general tota superf\u00edcie rendible no porosa.<\/p>\n<p>[\/vc_column_text][vc_empty_space]<blockquote class='with_quote_icon' style=''><span class='icon_quotations_holder'><i class='q_font_elegant_icon icon_quotations' style=''><\/i><\/span><h3 class='blockquote_text' style=''><span>Amb les nostres p\u00e8rtigues podem dur a terme tasques des del terra fins a una al\u00e7ada m\u00e0xima de 12 metres...<\/span><\/h3><\/blockquote>[vc_empty_space][vc_column_text css=&#8221;&#8221;]<\/p>\n<p>Sense necessitat d&#8217;escales, aparells elevadors ni bastides, d\u2019aquesta manera, per una banda, tenim l\u2019avantatge de la seguretat per als nostres treballadors i per l&#8217;altra, pel client, ja que es redueix el cost, en prescindir de tots els elements abans anomenats.<\/p>\n<p>[\/vc_column_text][\/qode_elements_holder_item][\/qode_elements_holder][\/vc_column_inner][\/vc_row_inner][\/vc_column][\/vc_row][vc_row row_type=&#8221;row&#8221; use_row_as_full_screen_section=&#8221;no&#8221; type=&#8221;full_width&#8221; text_align=&#8221;left&#8221; background_animation=&#8221;none&#8221; css_animation=&#8221;&#8221;][vc_column][vc_empty_space height=&#8221;120px&#8221;][\/vc_column][\/vc_row]<\/p>\n<\/div>","protected":false},"excerpt":{"rendered":"<p>[vc_row row_type=&#8221;row&#8221; use_row_as_full_screen_section=&#8221;no&#8221; type=&#8221;full_width&#8221; text_align=&#8221;left&#8221; background_animation=&#8221;none&#8221; css_animation=&#8221;&#8221; css=&#8221;.vc_custom_1634554795527{padding-top: 16% !important;padding-bottom: 16% !important;background-image: url(https:\/\/www.carcrisfs.com\/wp-content\/uploads\/2021\/10\/CarCris-Cristales-Top-001.jpg?id=772) !important;background-position: center !important;background-repeat: no-repeat !important;background-size: cover !important;}&#8221;][vc_column][vc_row_inner row_type=&#8221;row&#8221; type=&#8221;grid&#8221; use_row_as_full_screen_section_slide=&#8221;no&#8221; text_align=&#8221;left&#8221; css_animation=&#8221;&#8221;][vc_column_inner][vc_column_text] Neteja de vidres en al\u00e7ada amb aigua pura [\/vc_column_text][\/vc_column_inner][\/vc_row_inner][\/vc_column][\/vc_row][vc_row row_type=&#8221;row&#8221; use_row_as_full_screen_section=&#8221;no&#8221; type=&#8221;full_width&#8221; text_align=&#8221;left&#8221; background_animation=&#8221;none&#8221; css_animation=&#8221;&#8221;][vc_column][vc_empty_space height=&#8221;60px&#8221;][\/vc_column][\/vc_row][vc_row row_type=&#8221;row&#8221; use_row_as_full_screen_section=&#8221;no&#8221; type=&#8221;full_width&#8221; text_align=&#8221;left&#8221;&#8230;<\/p>\n","protected":false},"author":2,"featured_media":0,"parent":1395,"menu_order":0,"comment_status":"closed","ping_status":"closed","template":"full_width.php","meta":{"footnotes":""},"class_list":["post-1434","page","type-page","status-publish","hentry"],"yoast_head":"<!-- This site is optimized with the Yoast SEO plugin v24.4 - https:\/\/yoast.com\/wordpress\/plugins\/seo\/ -->\n<title>Neteja de vidres en al\u00e7ada amb aigua pura a Barcelona - Carcris Facility Services<\/title>\n<meta name=\"description\" content=\"Servei de neteja de cristalls en altura amb aigua pura a Barcelona. Aquest servei \u00e9s per a cristalls, fa\u00e7anes, plaques solars, etc.\" \/>\n<meta name=\"robots\" content=\"index, follow, max-snippet:-1, max-image-preview:large, max-video-preview:-1\" \/>\n<link rel=\"canonical\" href=\"https:\/\/www.carcrisfs.com\/ca\/serveis-carcris-facility-services\/neteja-de-vidres-en-alcada-amb-aigua-pura-a-barcelona\/\" \/>\n<meta property=\"og:locale\" content=\"ca_ES\" \/>\n<meta property=\"og:type\" content=\"article\" \/>\n<meta property=\"og:title\" content=\"Neteja de vidres en al\u00e7ada amb aigua pura a Barcelona - Carcris Facility Services\" \/>\n<meta property=\"og:description\" content=\"Servei de neteja de cristalls en altura amb aigua pura a Barcelona. Aquest servei \u00e9s per a cristalls, fa\u00e7anes, plaques solars, etc.\" \/>\n<meta property=\"og:url\" content=\"https:\/\/www.carcrisfs.com\/ca\/serveis-carcris-facility-services\/neteja-de-vidres-en-alcada-amb-aigua-pura-a-barcelona\/\" \/>\n<meta property=\"og:site_name\" content=\"Carcris Facility Services\" \/>\n<meta property=\"article:publisher\" content=\"https:\/\/www.facebook.com\/carcrismanteniments\" \/>\n<meta property=\"article:modified_time\" content=\"2025-02-18T14:31:20+00:00\" \/>\n<meta property=\"og:image\" content=\"https:\/\/www.carcrisfs.com\/wp-content\/uploads\/2021\/09\/Caja-para-movil.png\" \/>\n<meta name=\"twitter:card\" content=\"summary_large_image\" \/>\n<meta name=\"twitter:label1\" content=\"Temps estimat de lectura\" \/>\n\t<meta name=\"twitter:data1\" content=\"3 minuts\" \/>\n<script type=\"application\/ld+json\" class=\"yoast-schema-graph\">{\"@context\":\"https:\/\/schema.org\",\"@graph\":[{\"@type\":\"WebPage\",\"@id\":\"https:\/\/www.carcrisfs.com\/ca\/serveis-carcris-facility-services\/neteja-de-vidres-en-alcada-amb-aigua-pura-a-barcelona\/\",\"url\":\"https:\/\/www.carcrisfs.com\/ca\/serveis-carcris-facility-services\/neteja-de-vidres-en-alcada-amb-aigua-pura-a-barcelona\/\",\"name\":\"Neteja de vidres en al\u00e7ada amb aigua pura a Barcelona - Carcris Facility Services\",\"isPartOf\":{\"@id\":\"https:\/\/www.carcrisfs.com\/ca\/#website\"},\"primaryImageOfPage\":{\"@id\":\"https:\/\/www.carcrisfs.com\/ca\/serveis-carcris-facility-services\/neteja-de-vidres-en-alcada-amb-aigua-pura-a-barcelona\/#primaryimage\"},\"image\":{\"@id\":\"https:\/\/www.carcrisfs.com\/ca\/serveis-carcris-facility-services\/neteja-de-vidres-en-alcada-amb-aigua-pura-a-barcelona\/#primaryimage\"},\"thumbnailUrl\":\"https:\/\/www.carcrisfs.com\/wp-content\/uploads\/2021\/09\/Caja-para-movil.png\",\"datePublished\":\"2022-01-17T15:25:25+00:00\",\"dateModified\":\"2025-02-18T14:31:20+00:00\",\"description\":\"Servei de neteja de cristalls en altura amb aigua pura a Barcelona. Aquest servei \u00e9s per a cristalls, fa\u00e7anes, plaques solars, etc.\",\"breadcrumb\":{\"@id\":\"https:\/\/www.carcrisfs.com\/ca\/serveis-carcris-facility-services\/neteja-de-vidres-en-alcada-amb-aigua-pura-a-barcelona\/#breadcrumb\"},\"inLanguage\":\"ca\",\"potentialAction\":[{\"@type\":\"ReadAction\",\"target\":[\"https:\/\/www.carcrisfs.com\/ca\/serveis-carcris-facility-services\/neteja-de-vidres-en-alcada-amb-aigua-pura-a-barcelona\/\"]}]},{\"@type\":\"ImageObject\",\"inLanguage\":\"ca\",\"@id\":\"https:\/\/www.carcrisfs.com\/ca\/serveis-carcris-facility-services\/neteja-de-vidres-en-alcada-amb-aigua-pura-a-barcelona\/#primaryimage\",\"url\":\"https:\/\/www.carcrisfs.com\/wp-content\/uploads\/2021\/09\/Caja-para-movil.png\",\"contentUrl\":\"https:\/\/www.carcrisfs.com\/wp-content\/uploads\/2021\/09\/Caja-para-movil.png\"},{\"@type\":\"BreadcrumbList\",\"@id\":\"https:\/\/www.carcrisfs.com\/ca\/serveis-carcris-facility-services\/neteja-de-vidres-en-alcada-amb-aigua-pura-a-barcelona\/#breadcrumb\",\"itemListElement\":[{\"@type\":\"ListItem\",\"position\":1,\"name\":\"Portada\",\"item\":\"https:\/\/www.carcrisfs.com\/ca\/inici\/\"},{\"@type\":\"ListItem\",\"position\":2,\"name\":\"Serveis Carcris Facility Services\",\"item\":\"https:\/\/www.carcrisfs.com\/ca\/serveis-carcris-facility-services\/\"},{\"@type\":\"ListItem\",\"position\":3,\"name\":\"Neteja de vidres en al\u00e7ada amb aigua pura a Barcelona\"}]},{\"@type\":\"WebSite\",\"@id\":\"https:\/\/www.carcrisfs.com\/ca\/#website\",\"url\":\"https:\/\/www.carcrisfs.com\/ca\/\",\"name\":\"CarCris Manteniments\",\"description\":\"\",\"publisher\":{\"@id\":\"https:\/\/www.carcrisfs.com\/ca\/#organization\"},\"potentialAction\":[{\"@type\":\"SearchAction\",\"target\":{\"@type\":\"EntryPoint\",\"urlTemplate\":\"https:\/\/www.carcrisfs.com\/ca\/?s={search_term_string}\"},\"query-input\":{\"@type\":\"PropertyValueSpecification\",\"valueRequired\":true,\"valueName\":\"search_term_string\"}}],\"inLanguage\":\"ca\"},{\"@type\":\"Organization\",\"@id\":\"https:\/\/www.carcrisfs.com\/ca\/#organization\",\"name\":\"CarCris Manteniments\",\"url\":\"https:\/\/www.carcrisfs.com\/ca\/\",\"logo\":{\"@type\":\"ImageObject\",\"inLanguage\":\"ca\",\"@id\":\"https:\/\/www.carcrisfs.com\/ca\/#\/schema\/logo\/image\/\",\"url\":\"https:\/\/www.carcrisfs.com\/wp-content\/uploads\/2021\/09\/CarCris-Manteniments-Serveis-Generals-de-Neteja.png\",\"contentUrl\":\"https:\/\/www.carcrisfs.com\/wp-content\/uploads\/2021\/09\/CarCris-Manteniments-Serveis-Generals-de-Neteja.png\",\"width\":250,\"height\":176,\"caption\":\"CarCris Manteniments\"},\"image\":{\"@id\":\"https:\/\/www.carcrisfs.com\/ca\/#\/schema\/logo\/image\/\"},\"sameAs\":[\"https:\/\/www.facebook.com\/carcrismanteniments\"]}]}<\/script>\n<!-- \/ Yoast SEO plugin. -->","yoast_head_json":{"title":"Neteja de vidres en al\u00e7ada amb aigua pura a Barcelona - Carcris Facility Services","description":"Servei de neteja de cristalls en altura amb aigua pura a Barcelona. Aquest servei \u00e9s per a cristalls, fa\u00e7anes, plaques solars, etc.","robots":{"index":"index","follow":"follow","max-snippet":"max-snippet:-1","max-image-preview":"max-image-preview:large","max-video-preview":"max-video-preview:-1"},"canonical":"https:\/\/www.carcrisfs.com\/ca\/serveis-carcris-facility-services\/neteja-de-vidres-en-alcada-amb-aigua-pura-a-barcelona\/","og_locale":"ca_ES","og_type":"article","og_title":"Neteja de vidres en al\u00e7ada amb aigua pura a Barcelona - Carcris Facility Services","og_description":"Servei de neteja de cristalls en altura amb aigua pura a Barcelona. Aquest servei \u00e9s per a cristalls, fa\u00e7anes, plaques solars, etc.","og_url":"https:\/\/www.carcrisfs.com\/ca\/serveis-carcris-facility-services\/neteja-de-vidres-en-alcada-amb-aigua-pura-a-barcelona\/","og_site_name":"Carcris Facility Services","article_publisher":"https:\/\/www.facebook.com\/carcrismanteniments","article_modified_time":"2025-02-18T14:31:20+00:00","og_image":[{"url":"https:\/\/www.carcrisfs.com\/wp-content\/uploads\/2021\/09\/Caja-para-movil.png","type":"","width":"","height":""}],"twitter_card":"summary_large_image","twitter_misc":{"Temps estimat de lectura":"3 minuts"},"schema":{"@context":"https:\/\/schema.org","@graph":[{"@type":"WebPage","@id":"https:\/\/www.carcrisfs.com\/ca\/serveis-carcris-facility-services\/neteja-de-vidres-en-alcada-amb-aigua-pura-a-barcelona\/","url":"https:\/\/www.carcrisfs.com\/ca\/serveis-carcris-facility-services\/neteja-de-vidres-en-alcada-amb-aigua-pura-a-barcelona\/","name":"Neteja de vidres en al\u00e7ada amb aigua pura a Barcelona - Carcris Facility Services","isPartOf":{"@id":"https:\/\/www.carcrisfs.com\/ca\/#website"},"primaryImageOfPage":{"@id":"https:\/\/www.carcrisfs.com\/ca\/serveis-carcris-facility-services\/neteja-de-vidres-en-alcada-amb-aigua-pura-a-barcelona\/#primaryimage"},"image":{"@id":"https:\/\/www.carcrisfs.com\/ca\/serveis-carcris-facility-services\/neteja-de-vidres-en-alcada-amb-aigua-pura-a-barcelona\/#primaryimage"},"thumbnailUrl":"https:\/\/www.carcrisfs.com\/wp-content\/uploads\/2021\/09\/Caja-para-movil.png","datePublished":"2022-01-17T15:25:25+00:00","dateModified":"2025-02-18T14:31:20+00:00","description":"Servei de neteja de cristalls en altura amb aigua pura a Barcelona. Aquest servei \u00e9s per a cristalls, fa\u00e7anes, plaques solars, etc.","breadcrumb":{"@id":"https:\/\/www.carcrisfs.com\/ca\/serveis-carcris-facility-services\/neteja-de-vidres-en-alcada-amb-aigua-pura-a-barcelona\/#breadcrumb"},"inLanguage":"ca","potentialAction":[{"@type":"ReadAction","target":["https:\/\/www.carcrisfs.com\/ca\/serveis-carcris-facility-services\/neteja-de-vidres-en-alcada-amb-aigua-pura-a-barcelona\/"]}]},{"@type":"ImageObject","inLanguage":"ca","@id":"https:\/\/www.carcrisfs.com\/ca\/serveis-carcris-facility-services\/neteja-de-vidres-en-alcada-amb-aigua-pura-a-barcelona\/#primaryimage","url":"https:\/\/www.carcrisfs.com\/wp-content\/uploads\/2021\/09\/Caja-para-movil.png","contentUrl":"https:\/\/www.carcrisfs.com\/wp-content\/uploads\/2021\/09\/Caja-para-movil.png"},{"@type":"BreadcrumbList","@id":"https:\/\/www.carcrisfs.com\/ca\/serveis-carcris-facility-services\/neteja-de-vidres-en-alcada-amb-aigua-pura-a-barcelona\/#breadcrumb","itemListElement":[{"@type":"ListItem","position":1,"name":"Portada","item":"https:\/\/www.carcrisfs.com\/ca\/inici\/"},{"@type":"ListItem","position":2,"name":"Serveis Carcris Facility Services","item":"https:\/\/www.carcrisfs.com\/ca\/serveis-carcris-facility-services\/"},{"@type":"ListItem","position":3,"name":"Neteja de vidres en al\u00e7ada amb aigua pura a Barcelona"}]},{"@type":"WebSite","@id":"https:\/\/www.carcrisfs.com\/ca\/#website","url":"https:\/\/www.carcrisfs.com\/ca\/","name":"CarCris Manteniments","description":"","publisher":{"@id":"https:\/\/www.carcrisfs.com\/ca\/#organization"},"potentialAction":[{"@type":"SearchAction","target":{"@type":"EntryPoint","urlTemplate":"https:\/\/www.carcrisfs.com\/ca\/?s={search_term_string}"},"query-input":{"@type":"PropertyValueSpecification","valueRequired":true,"valueName":"search_term_string"}}],"inLanguage":"ca"},{"@type":"Organization","@id":"https:\/\/www.carcrisfs.com\/ca\/#organization","name":"CarCris Manteniments","url":"https:\/\/www.carcrisfs.com\/ca\/","logo":{"@type":"ImageObject","inLanguage":"ca","@id":"https:\/\/www.carcrisfs.com\/ca\/#\/schema\/logo\/image\/","url":"https:\/\/www.carcrisfs.com\/wp-content\/uploads\/2021\/09\/CarCris-Manteniments-Serveis-Generals-de-Neteja.png","contentUrl":"https:\/\/www.carcrisfs.com\/wp-content\/uploads\/2021\/09\/CarCris-Manteniments-Serveis-Generals-de-Neteja.png","width":250,"height":176,"caption":"CarCris Manteniments"},"image":{"@id":"https:\/\/www.carcrisfs.com\/ca\/#\/schema\/logo\/image\/"},"sameAs":["https:\/\/www.facebook.com\/carcrismanteniments"]}]}},"_links":{"self":[{"href":"https:\/\/www.carcrisfs.com\/ca\/wp-json\/wp\/v2\/pages\/1434","targetHints":{"allow":["GET"]}}],"collection":[{"href":"https:\/\/www.carcrisfs.com\/ca\/wp-json\/wp\/v2\/pages"}],"about":[{"href":"https:\/\/www.carcrisfs.com\/ca\/wp-json\/wp\/v2\/types\/page"}],"author":[{"embeddable":true,"href":"https:\/\/www.carcrisfs.com\/ca\/wp-json\/wp\/v2\/users\/2"}],"replies":[{"embeddable":true,"href":"https:\/\/www.carcrisfs.com\/ca\/wp-json\/wp\/v2\/comments?post=1434"}],"version-history":[{"count":5,"href":"https:\/\/www.carcrisfs.com\/ca\/wp-json\/wp\/v2\/pages\/1434\/revisions"}],"predecessor-version":[{"id":1615,"href":"https:\/\/www.carcrisfs.com\/ca\/wp-json\/wp\/v2\/pages\/1434\/revisions\/1615"}],"up":[{"embeddable":true,"href":"https:\/\/www.carcrisfs.com\/ca\/wp-json\/wp\/v2\/pages\/1395"}],"wp:attachment":[{"href":"https:\/\/www.carcrisfs.com\/ca\/wp-json\/wp\/v2\/media?parent=1434"}],"curies":[{"name":"wp","href":"https:\/\/api.w.org\/{rel}","templated":true}]}}