{"id":1425,"date":"2022-01-17T15:03:49","date_gmt":"2022-01-17T15:03:49","guid":{"rendered":"https:\/\/www.carcrisfs.com\/serveis-carcris-manteniments\/neteges-de-fi-dobra-a-barcelona\/"},"modified":"2025-02-18T13:34:23","modified_gmt":"2025-02-18T13:34:23","slug":"neteges-de-fi-dobra-a-barcelona","status":"publish","type":"page","link":"https:\/\/www.carcrisfs.com\/ca\/serveis-carcris-facility-services\/neteges-de-fi-dobra-a-barcelona\/","title":{"rendered":"Neteges de f\u00ed d\u00b4obra a Barcelona"},"content":{"rendered":"<div class=\"wpb-content-wrapper\"><p>[vc_row row_type=&#8221;row&#8221; use_row_as_full_screen_section=&#8221;no&#8221; type=&#8221;full_width&#8221; text_align=&#8221;left&#8221; background_animation=&#8221;none&#8221; css_animation=&#8221;&#8221; css=&#8221;.vc_custom_1631271751249{padding-top: 16% !important;padding-bottom: 16% !important;background-image: url(https:\/\/www.carcrisfs.com\/wp-content\/uploads\/2021\/09\/CarCris-Limpieza-de-final-de-obra-03.jpg?id=572) !important;background-position: center !important;background-repeat: no-repeat !important;background-size: cover !important;}&#8221;][vc_column][vc_row_inner row_type=&#8221;row&#8221; type=&#8221;grid&#8221; use_row_as_full_screen_section_slide=&#8221;no&#8221; text_align=&#8221;left&#8221; css_animation=&#8221;&#8221;][vc_column_inner][vc_column_text css=&#8221;&#8221;]<\/p>\n<h1 class=\"white\">Neteges de fi d&#8217;obra<\/h1>\n<p>[\/vc_column_text][\/vc_column_inner][\/vc_row_inner][\/vc_column][\/vc_row][vc_row row_type=&#8221;row&#8221; use_row_as_full_screen_section=&#8221;no&#8221; type=&#8221;full_width&#8221; text_align=&#8221;left&#8221; background_animation=&#8221;none&#8221; css_animation=&#8221;&#8221;][vc_column][vc_empty_space height=&#8221;60px&#8221;][\/vc_column][\/vc_row][vc_row row_type=&#8221;row&#8221; use_row_as_full_screen_section=&#8221;no&#8221; type=&#8221;full_width&#8221; text_align=&#8221;left&#8221; background_animation=&#8221;none&#8221; css_animation=&#8221;&#8221;][vc_column][vc_row_inner row_type=&#8221;row&#8221; type=&#8221;grid&#8221; use_row_as_full_screen_section_slide=&#8221;no&#8221; text_align=&#8221;left&#8221; css_animation=&#8221;&#8221;][vc_column_inner width=&#8221;1\/6&#8243;][\/vc_column_inner][vc_column_inner width=&#8221;2\/3&#8243;][vc_column_text css=&#8221;&#8221;]<\/p>\n<h3 style=\"text-align: center;\">Actualment, prestem el servei de neteja de fi d&#8217;obra a Barcelona ciutat, tot i que opcionalment podem estendre\u2019l a tota la prov\u00edncia de Barcelona. Si us plau, contacteu amb nosaltres tamb\u00e9 si la vostra necessitat del servei \u00e9s fora de la ciutat de Barcelona.<\/h3>\n<p>[\/vc_column_text][\/vc_column_inner][vc_column_inner width=&#8221;1\/6&#8243;][\/vc_column_inner][\/vc_row_inner][vc_empty_space height=&#8221;60px&#8221;][vc_row_inner row_type=&#8221;row&#8221; type=&#8221;full_width&#8221; use_row_as_full_screen_section_slide=&#8221;no&#8221; text_align=&#8221;center&#8221; css_animation=&#8221;&#8221;][vc_column_inner width=&#8221;1\/4&#8243;][\/vc_column_inner][vc_column_inner width=&#8221;1\/4&#8243;]<a href=\"https:\/\/www.carcrisfs.com\/ca\/avantatges-carcris\/\" target=\"_self\"  class=\"qbutton  underlined\" style=\"\">Avantatges CarCris<span class=\"qode-underlined-button-span\" style=\"\"><\/span><\/a>[\/vc_column_inner][vc_column_inner width=&#8221;1\/4&#8243;]<a href=\"https:\/\/www.carcrisfs.com\/ca\/demanar-pressupost\/\" target=\"_self\"  class=\"qbutton  underlined\" style=\"\">Demanar Pressupost<span class=\"qode-underlined-button-span\" style=\"\"><\/span><\/a>[\/vc_column_inner][vc_column_inner width=&#8221;1\/4&#8243;][\/vc_column_inner][\/vc_row_inner][\/vc_column][\/vc_row][vc_row row_type=&#8221;row&#8221; use_row_as_full_screen_section=&#8221;no&#8221; type=&#8221;full_width&#8221; text_align=&#8221;left&#8221; background_animation=&#8221;none&#8221; css_animation=&#8221;&#8221;][vc_column][vc_empty_space height=&#8221;80px&#8221;][\/vc_column][\/vc_row][vc_row row_type=&#8221;row&#8221; use_row_as_full_screen_section=&#8221;no&#8221; type=&#8221;grid&#8221; text_align=&#8221;left&#8221; background_animation=&#8221;none&#8221; css_animation=&#8221;&#8221;][vc_column][vc_row_inner row_type=&#8221;row&#8221; type=&#8221;full_width&#8221; use_row_as_full_screen_section_slide=&#8221;no&#8221; text_align=&#8221;left&#8221; css_animation=&#8221;&#8221;][vc_column_inner][qode_elements_holder number_of_columns=&#8221;two_columns&#8221;][qode_elements_holder_item item_padding=&#8221;6%&#8221; vertical_alignment=&#8221;top&#8221;][vc_column_text css=&#8221;&#8221;]<\/p>\n<h2>Experts en neteges de fi d\u2019obra, a Barcelona<\/h2>\n<p>&nbsp;<\/p>\n<p>Realitzem neteges de fi d\u2019obra d&#8217;habitatges, oficines, locals i edificis a Barcelona.<\/p>\n<p>&nbsp;<\/p>\n<p>Estem inscrits en el REA (Registre d\u00b4empreses acreditades) i estem en possessi\u00f3 i en plena vig\u00e8ncia de tota la documentaci\u00f3 relativa a la PRL. Aix\u00f2 ens permet treballar per a constructores, a causa de la tranquil\u00b7litat que els oferim, en tenir tota la documentaci\u00f3 exigida en vig\u00e8ncia i actualitzada per a treballar en obres.<\/p>\n<p>[\/vc_column_text][vc_empty_space]<blockquote class='with_quote_icon' style=''><span class='icon_quotations_holder'><i class='q_font_elegant_icon icon_quotations' style=''><\/i><\/span><h3 class='blockquote_text' style=''><span>Sabem de les necessitats i exig\u00e8ncies d'aquest tipus de serveis, ja que treballem, no nom\u00e9s per a constructores, sin\u00f3 tamb\u00e9 per a immobili\u00e0ries, estudis d'arquitectura, interioristes i per descomptat, per a particulars.<\/span><\/h3><\/blockquote>[vc_empty_space][vc_column_text css=&#8221;&#8221;]<\/p>\n<p>En general, s&#8217;inverteix molt temps i diners en realitzar una reforma, al mateix temps que es pateixen tota mena d&#8217;incid\u00e8ncies (retards, desperfectes, incomoditats&#8230;). Per\u00f2 a la fi, arriba un dia en el qual els diferents industrials donen per acabada la seva feina, deixant en el cam\u00ed un rosari de pols, ciment i d\u2019altres restes d&#8217;obra.<\/p>\n<p>[\/vc_column_text][vc_empty_space height=&#8221;40px&#8221;][\/qode_elements_holder_item][qode_elements_holder_item background_image=&#8221;680&#8243;][vc_column_text]<img decoding=\"async\" src=\"https:\/\/www.carcrisfs.com\/wp-content\/uploads\/2021\/09\/Caja-para-movil.png\" alt=\"\" \/>[\/vc_column_text][\/qode_elements_holder_item][\/qode_elements_holder][\/vc_column_inner][\/vc_row_inner][vc_row_inner row_type=&#8221;row&#8221; type=&#8221;full_width&#8221; use_row_as_full_screen_section_slide=&#8221;no&#8221; text_align=&#8221;left&#8221; css_animation=&#8221;&#8221;][vc_column_inner][qode_elements_holder number_of_columns=&#8221;two_columns&#8221;][qode_elements_holder_item background_image=&#8221;679&#8243; item_padding=&#8221;12%&#8221; vertical_alignment=&#8221;top&#8221;][vc_column_text]<img decoding=\"async\" src=\"https:\/\/www.carcrisfs.com\/wp-content\/uploads\/2021\/09\/Caja-para-movil.png\" alt=\"\" \/>[\/vc_column_text][\/qode_elements_holder_item][qode_elements_holder_item item_padding=&#8221;6%&#8221;][vc_empty_space height=&#8221;40px&#8221;][vc_column_text css=&#8221;&#8221;]<\/p>\n<h2>Especialistes en neteja de fi d&#8217;obra a Barcelona<\/h2>\n<p>&nbsp;<\/p>\n<p>S\u2019ha de ser conscient que, per a poder gaudir de la reforma realitzada, i que hagi valgut la pena el temps i els diners invertits, s\u2019ha de realitzar correctament una acurada neteja de fi d\u2019obra, ja que aquest \u00e9s l\u2019\u00fanic cam\u00ed per a deixar la instal\u00b7laci\u00f3 que correspongui, llesta per al seu \u00fas.<\/p>\n<p>[\/vc_column_text][vc_empty_space]<blockquote class='with_quote_icon' style=''><span class='icon_quotations_holder'><i class='q_font_elegant_icon icon_quotations' style=''><\/i><\/span><h3 class='blockquote_text' style=''><span>A Carcris Facility Services comptem amb personal professional, meticul\u00f3s i altament qualificat que s'encarregar\u00e0 d\u2019aconseguir un resultat a l'altura de les seves exig\u00e8ncies i expectatives utilitzant els productes adequats per a cada residu d\u2019obra i per a cada tipus de superf\u00edcie, i comptant amb l\u2019ajut de l\u2019equipament i maquin\u00e0ria professional.<\/span><\/h3><\/blockquote>[vc_empty_space][vc_column_text css=&#8221;&#8221;]<\/p>\n<p>Tanmateix, una de les coses que m\u00e9s atrauen els nostres clients \u00e9s la possibilitat d&#8217;efectuar l\u2019entrega del servei amb el personal de neteja present a les instal\u00b7lacions. D\u2019aquesta manera estalviem sorpreses innecess\u00e0ries i ens assegurem que en sortir per la porta, tot estar\u00e0 tal com vost\u00e8 desitja.<\/p>\n<p>[\/vc_column_text][\/qode_elements_holder_item][\/qode_elements_holder][\/vc_column_inner][\/vc_row_inner][\/vc_column][\/vc_row][vc_row row_type=&#8221;row&#8221; use_row_as_full_screen_section=&#8221;no&#8221; type=&#8221;full_width&#8221; text_align=&#8221;left&#8221; background_animation=&#8221;none&#8221; css_animation=&#8221;&#8221;][vc_column][vc_empty_space height=&#8221;120px&#8221;][\/vc_column][\/vc_row]<\/p>\n<\/div>","protected":false},"excerpt":{"rendered":"<p>[vc_row row_type=&#8221;row&#8221; use_row_as_full_screen_section=&#8221;no&#8221; type=&#8221;full_width&#8221; text_align=&#8221;left&#8221; background_animation=&#8221;none&#8221; css_animation=&#8221;&#8221; css=&#8221;.vc_custom_1631271751249{padding-top: 16% !important;padding-bottom: 16% !important;background-image: url(https:\/\/www.carcrisfs.com\/wp-content\/uploads\/2021\/09\/CarCris-Limpieza-de-final-de-obra-03.jpg?id=572) !important;background-position: center !important;background-repeat: no-repeat !important;background-size: cover !important;}&#8221;][vc_column][vc_row_inner row_type=&#8221;row&#8221; type=&#8221;grid&#8221; use_row_as_full_screen_section_slide=&#8221;no&#8221; text_align=&#8221;left&#8221; css_animation=&#8221;&#8221;][vc_column_inner][vc_column_text css=&#8221;&#8221;] Neteges de fi d&#8217;obra [\/vc_column_text][\/vc_column_inner][\/vc_row_inner][\/vc_column][\/vc_row][vc_row row_type=&#8221;row&#8221; use_row_as_full_screen_section=&#8221;no&#8221; type=&#8221;full_width&#8221; text_align=&#8221;left&#8221; background_animation=&#8221;none&#8221; css_animation=&#8221;&#8221;][vc_column][vc_empty_space height=&#8221;60px&#8221;][\/vc_column][\/vc_row][vc_row row_type=&#8221;row&#8221; use_row_as_full_screen_section=&#8221;no&#8221; type=&#8221;full_width&#8221; text_align=&#8221;left&#8221; background_animation=&#8221;none&#8221; css_animation=&#8221;&#8221;][vc_column][vc_row_inner row_type=&#8221;row&#8221;&#8230;<\/p>\n","protected":false},"author":2,"featured_media":0,"parent":1395,"menu_order":0,"comment_status":"closed","ping_status":"closed","template":"full_width.php","meta":{"footnotes":""},"class_list":["post-1425","page","type-page","status-publish","hentry"],"yoast_head":"<!-- This site is optimized with the Yoast SEO plugin v24.4 - https:\/\/yoast.com\/wordpress\/plugins\/seo\/ -->\n<title>Neteges de f\u00ed d\u00b4obra a Barcelona - Carcris Facility Services<\/title>\n<meta name=\"description\" content=\"Realitzem neteja final d&#039;obra d&#039;habitatges, oficines, locals i edificis a Barcelona. Utilitzem productes per a cada obra i superf\u00edcie.\" \/>\n<meta name=\"robots\" content=\"index, follow, max-snippet:-1, max-image-preview:large, max-video-preview:-1\" \/>\n<link rel=\"canonical\" href=\"https:\/\/www.carcrisfs.com\/ca\/serveis-carcris-facility-services\/neteges-de-fi-dobra-a-barcelona\/\" \/>\n<meta property=\"og:locale\" content=\"ca_ES\" \/>\n<meta property=\"og:type\" content=\"article\" \/>\n<meta property=\"og:title\" content=\"Neteges de f\u00ed d\u00b4obra a Barcelona - Carcris Facility Services\" \/>\n<meta property=\"og:description\" content=\"Realitzem neteja final d&#039;obra d&#039;habitatges, oficines, locals i edificis a Barcelona. Utilitzem productes per a cada obra i superf\u00edcie.\" \/>\n<meta property=\"og:url\" content=\"https:\/\/www.carcrisfs.com\/ca\/serveis-carcris-facility-services\/neteges-de-fi-dobra-a-barcelona\/\" \/>\n<meta property=\"og:site_name\" content=\"Carcris Facility Services\" \/>\n<meta property=\"article:publisher\" content=\"https:\/\/www.facebook.com\/carcrismanteniments\" \/>\n<meta property=\"article:modified_time\" content=\"2025-02-18T13:34:23+00:00\" \/>\n<meta property=\"og:image\" content=\"https:\/\/www.carcrisfs.com\/wp-content\/uploads\/2021\/09\/Caja-para-movil.png\" \/>\n<meta name=\"twitter:card\" content=\"summary_large_image\" \/>\n<meta name=\"twitter:label1\" content=\"Temps estimat de lectura\" \/>\n\t<meta name=\"twitter:data1\" content=\"4 minuts\" \/>\n<script type=\"application\/ld+json\" class=\"yoast-schema-graph\">{\"@context\":\"https:\/\/schema.org\",\"@graph\":[{\"@type\":\"WebPage\",\"@id\":\"https:\/\/www.carcrisfs.com\/ca\/serveis-carcris-facility-services\/neteges-de-fi-dobra-a-barcelona\/\",\"url\":\"https:\/\/www.carcrisfs.com\/ca\/serveis-carcris-facility-services\/neteges-de-fi-dobra-a-barcelona\/\",\"name\":\"Neteges de f\u00ed d\u00b4obra a Barcelona - Carcris Facility Services\",\"isPartOf\":{\"@id\":\"https:\/\/www.carcrisfs.com\/ca\/#website\"},\"primaryImageOfPage\":{\"@id\":\"https:\/\/www.carcrisfs.com\/ca\/serveis-carcris-facility-services\/neteges-de-fi-dobra-a-barcelona\/#primaryimage\"},\"image\":{\"@id\":\"https:\/\/www.carcrisfs.com\/ca\/serveis-carcris-facility-services\/neteges-de-fi-dobra-a-barcelona\/#primaryimage\"},\"thumbnailUrl\":\"https:\/\/www.carcrisfs.com\/wp-content\/uploads\/2021\/09\/Caja-para-movil.png\",\"datePublished\":\"2022-01-17T15:03:49+00:00\",\"dateModified\":\"2025-02-18T13:34:23+00:00\",\"description\":\"Realitzem neteja final d'obra d'habitatges, oficines, locals i edificis a Barcelona. Utilitzem productes per a cada obra i superf\u00edcie.\",\"breadcrumb\":{\"@id\":\"https:\/\/www.carcrisfs.com\/ca\/serveis-carcris-facility-services\/neteges-de-fi-dobra-a-barcelona\/#breadcrumb\"},\"inLanguage\":\"ca\",\"potentialAction\":[{\"@type\":\"ReadAction\",\"target\":[\"https:\/\/www.carcrisfs.com\/ca\/serveis-carcris-facility-services\/neteges-de-fi-dobra-a-barcelona\/\"]}]},{\"@type\":\"ImageObject\",\"inLanguage\":\"ca\",\"@id\":\"https:\/\/www.carcrisfs.com\/ca\/serveis-carcris-facility-services\/neteges-de-fi-dobra-a-barcelona\/#primaryimage\",\"url\":\"https:\/\/www.carcrisfs.com\/wp-content\/uploads\/2021\/09\/Caja-para-movil.png\",\"contentUrl\":\"https:\/\/www.carcrisfs.com\/wp-content\/uploads\/2021\/09\/Caja-para-movil.png\"},{\"@type\":\"BreadcrumbList\",\"@id\":\"https:\/\/www.carcrisfs.com\/ca\/serveis-carcris-facility-services\/neteges-de-fi-dobra-a-barcelona\/#breadcrumb\",\"itemListElement\":[{\"@type\":\"ListItem\",\"position\":1,\"name\":\"Portada\",\"item\":\"https:\/\/www.carcrisfs.com\/ca\/inici\/\"},{\"@type\":\"ListItem\",\"position\":2,\"name\":\"Serveis Carcris Facility Services\",\"item\":\"https:\/\/www.carcrisfs.com\/ca\/serveis-carcris-facility-services\/\"},{\"@type\":\"ListItem\",\"position\":3,\"name\":\"Neteges de f\u00ed d\u00b4obra a Barcelona\"}]},{\"@type\":\"WebSite\",\"@id\":\"https:\/\/www.carcrisfs.com\/ca\/#website\",\"url\":\"https:\/\/www.carcrisfs.com\/ca\/\",\"name\":\"CarCris Manteniments\",\"description\":\"\",\"publisher\":{\"@id\":\"https:\/\/www.carcrisfs.com\/ca\/#organization\"},\"potentialAction\":[{\"@type\":\"SearchAction\",\"target\":{\"@type\":\"EntryPoint\",\"urlTemplate\":\"https:\/\/www.carcrisfs.com\/ca\/?s={search_term_string}\"},\"query-input\":{\"@type\":\"PropertyValueSpecification\",\"valueRequired\":true,\"valueName\":\"search_term_string\"}}],\"inLanguage\":\"ca\"},{\"@type\":\"Organization\",\"@id\":\"https:\/\/www.carcrisfs.com\/ca\/#organization\",\"name\":\"CarCris Manteniments\",\"url\":\"https:\/\/www.carcrisfs.com\/ca\/\",\"logo\":{\"@type\":\"ImageObject\",\"inLanguage\":\"ca\",\"@id\":\"https:\/\/www.carcrisfs.com\/ca\/#\/schema\/logo\/image\/\",\"url\":\"https:\/\/www.carcrisfs.com\/wp-content\/uploads\/2021\/09\/CarCris-Manteniments-Serveis-Generals-de-Neteja.png\",\"contentUrl\":\"https:\/\/www.carcrisfs.com\/wp-content\/uploads\/2021\/09\/CarCris-Manteniments-Serveis-Generals-de-Neteja.png\",\"width\":250,\"height\":176,\"caption\":\"CarCris Manteniments\"},\"image\":{\"@id\":\"https:\/\/www.carcrisfs.com\/ca\/#\/schema\/logo\/image\/\"},\"sameAs\":[\"https:\/\/www.facebook.com\/carcrismanteniments\"]}]}<\/script>\n<!-- \/ Yoast SEO plugin. -->","yoast_head_json":{"title":"Neteges de f\u00ed d\u00b4obra a Barcelona - Carcris Facility Services","description":"Realitzem neteja final d'obra d'habitatges, oficines, locals i edificis a Barcelona. Utilitzem productes per a cada obra i superf\u00edcie.","robots":{"index":"index","follow":"follow","max-snippet":"max-snippet:-1","max-image-preview":"max-image-preview:large","max-video-preview":"max-video-preview:-1"},"canonical":"https:\/\/www.carcrisfs.com\/ca\/serveis-carcris-facility-services\/neteges-de-fi-dobra-a-barcelona\/","og_locale":"ca_ES","og_type":"article","og_title":"Neteges de f\u00ed d\u00b4obra a Barcelona - Carcris Facility Services","og_description":"Realitzem neteja final d'obra d'habitatges, oficines, locals i edificis a Barcelona. Utilitzem productes per a cada obra i superf\u00edcie.","og_url":"https:\/\/www.carcrisfs.com\/ca\/serveis-carcris-facility-services\/neteges-de-fi-dobra-a-barcelona\/","og_site_name":"Carcris Facility Services","article_publisher":"https:\/\/www.facebook.com\/carcrismanteniments","article_modified_time":"2025-02-18T13:34:23+00:00","og_image":[{"url":"https:\/\/www.carcrisfs.com\/wp-content\/uploads\/2021\/09\/Caja-para-movil.png","type":"","width":"","height":""}],"twitter_card":"summary_large_image","twitter_misc":{"Temps estimat de lectura":"4 minuts"},"schema":{"@context":"https:\/\/schema.org","@graph":[{"@type":"WebPage","@id":"https:\/\/www.carcrisfs.com\/ca\/serveis-carcris-facility-services\/neteges-de-fi-dobra-a-barcelona\/","url":"https:\/\/www.carcrisfs.com\/ca\/serveis-carcris-facility-services\/neteges-de-fi-dobra-a-barcelona\/","name":"Neteges de f\u00ed d\u00b4obra a Barcelona - Carcris Facility Services","isPartOf":{"@id":"https:\/\/www.carcrisfs.com\/ca\/#website"},"primaryImageOfPage":{"@id":"https:\/\/www.carcrisfs.com\/ca\/serveis-carcris-facility-services\/neteges-de-fi-dobra-a-barcelona\/#primaryimage"},"image":{"@id":"https:\/\/www.carcrisfs.com\/ca\/serveis-carcris-facility-services\/neteges-de-fi-dobra-a-barcelona\/#primaryimage"},"thumbnailUrl":"https:\/\/www.carcrisfs.com\/wp-content\/uploads\/2021\/09\/Caja-para-movil.png","datePublished":"2022-01-17T15:03:49+00:00","dateModified":"2025-02-18T13:34:23+00:00","description":"Realitzem neteja final d'obra d'habitatges, oficines, locals i edificis a Barcelona. Utilitzem productes per a cada obra i superf\u00edcie.","breadcrumb":{"@id":"https:\/\/www.carcrisfs.com\/ca\/serveis-carcris-facility-services\/neteges-de-fi-dobra-a-barcelona\/#breadcrumb"},"inLanguage":"ca","potentialAction":[{"@type":"ReadAction","target":["https:\/\/www.carcrisfs.com\/ca\/serveis-carcris-facility-services\/neteges-de-fi-dobra-a-barcelona\/"]}]},{"@type":"ImageObject","inLanguage":"ca","@id":"https:\/\/www.carcrisfs.com\/ca\/serveis-carcris-facility-services\/neteges-de-fi-dobra-a-barcelona\/#primaryimage","url":"https:\/\/www.carcrisfs.com\/wp-content\/uploads\/2021\/09\/Caja-para-movil.png","contentUrl":"https:\/\/www.carcrisfs.com\/wp-content\/uploads\/2021\/09\/Caja-para-movil.png"},{"@type":"BreadcrumbList","@id":"https:\/\/www.carcrisfs.com\/ca\/serveis-carcris-facility-services\/neteges-de-fi-dobra-a-barcelona\/#breadcrumb","itemListElement":[{"@type":"ListItem","position":1,"name":"Portada","item":"https:\/\/www.carcrisfs.com\/ca\/inici\/"},{"@type":"ListItem","position":2,"name":"Serveis Carcris Facility Services","item":"https:\/\/www.carcrisfs.com\/ca\/serveis-carcris-facility-services\/"},{"@type":"ListItem","position":3,"name":"Neteges de f\u00ed d\u00b4obra a Barcelona"}]},{"@type":"WebSite","@id":"https:\/\/www.carcrisfs.com\/ca\/#website","url":"https:\/\/www.carcrisfs.com\/ca\/","name":"CarCris Manteniments","description":"","publisher":{"@id":"https:\/\/www.carcrisfs.com\/ca\/#organization"},"potentialAction":[{"@type":"SearchAction","target":{"@type":"EntryPoint","urlTemplate":"https:\/\/www.carcrisfs.com\/ca\/?s={search_term_string}"},"query-input":{"@type":"PropertyValueSpecification","valueRequired":true,"valueName":"search_term_string"}}],"inLanguage":"ca"},{"@type":"Organization","@id":"https:\/\/www.carcrisfs.com\/ca\/#organization","name":"CarCris Manteniments","url":"https:\/\/www.carcrisfs.com\/ca\/","logo":{"@type":"ImageObject","inLanguage":"ca","@id":"https:\/\/www.carcrisfs.com\/ca\/#\/schema\/logo\/image\/","url":"https:\/\/www.carcrisfs.com\/wp-content\/uploads\/2021\/09\/CarCris-Manteniments-Serveis-Generals-de-Neteja.png","contentUrl":"https:\/\/www.carcrisfs.com\/wp-content\/uploads\/2021\/09\/CarCris-Manteniments-Serveis-Generals-de-Neteja.png","width":250,"height":176,"caption":"CarCris Manteniments"},"image":{"@id":"https:\/\/www.carcrisfs.com\/ca\/#\/schema\/logo\/image\/"},"sameAs":["https:\/\/www.facebook.com\/carcrismanteniments"]}]}},"_links":{"self":[{"href":"https:\/\/www.carcrisfs.com\/ca\/wp-json\/wp\/v2\/pages\/1425","targetHints":{"allow":["GET"]}}],"collection":[{"href":"https:\/\/www.carcrisfs.com\/ca\/wp-json\/wp\/v2\/pages"}],"about":[{"href":"https:\/\/www.carcrisfs.com\/ca\/wp-json\/wp\/v2\/types\/page"}],"author":[{"embeddable":true,"href":"https:\/\/www.carcrisfs.com\/ca\/wp-json\/wp\/v2\/users\/2"}],"replies":[{"embeddable":true,"href":"https:\/\/www.carcrisfs.com\/ca\/wp-json\/wp\/v2\/comments?post=1425"}],"version-history":[{"count":7,"href":"https:\/\/www.carcrisfs.com\/ca\/wp-json\/wp\/v2\/pages\/1425\/revisions"}],"predecessor-version":[{"id":1609,"href":"https:\/\/www.carcrisfs.com\/ca\/wp-json\/wp\/v2\/pages\/1425\/revisions\/1609"}],"up":[{"embeddable":true,"href":"https:\/\/www.carcrisfs.com\/ca\/wp-json\/wp\/v2\/pages\/1395"}],"wp:attachment":[{"href":"https:\/\/www.carcrisfs.com\/ca\/wp-json\/wp\/v2\/media?parent=1425"}],"curies":[{"name":"wp","href":"https:\/\/api.w.org\/{rel}","templated":true}]}}