{"id":1423,"date":"2022-01-17T14:59:01","date_gmt":"2022-01-17T14:59:01","guid":{"rendered":"https:\/\/www.carcrisfs.com\/serveis-carcris-manteniments\/neteja-y-manteniment-doficines-despatxos-i-botigues-a-barcelona\/"},"modified":"2025-02-18T13:30:25","modified_gmt":"2025-02-18T13:30:25","slug":"neteja-y-manteniment-doficines-despatxos-i-botigues-a-barcelona","status":"publish","type":"page","link":"https:\/\/www.carcrisfs.com\/ca\/serveis-carcris-facility-services\/neteja-y-manteniment-doficines-despatxos-i-botigues-a-barcelona\/","title":{"rendered":"Neteja y manteniment d\u00b4oficines, despatxos i botigues a Barcelona"},"content":{"rendered":"<div class=\"wpb-content-wrapper\"><p>[vc_row row_type=&#8221;row&#8221; use_row_as_full_screen_section=&#8221;no&#8221; type=&#8221;full_width&#8221; text_align=&#8221;left&#8221; background_animation=&#8221;none&#8221; css_animation=&#8221;&#8221; css=&#8221;.vc_custom_1631273341329{padding-top: 16% !important;padding-bottom: 16% !important;background-image: url(https:\/\/www.carcrisfs.com\/wp-content\/uploads\/2021\/09\/CarCris-Limpieza-y-mantenimiento-de-oficinas03.jpg?id=585) !important;background-position: center !important;background-repeat: no-repeat !important;background-size: cover !important;}&#8221;][vc_column][vc_row_inner row_type=&#8221;row&#8221; type=&#8221;grid&#8221; use_row_as_full_screen_section_slide=&#8221;no&#8221; text_align=&#8221;left&#8221; css_animation=&#8221;&#8221;][vc_column_inner][vc_column_text css=&#8221;&#8221;]<\/p>\n<h1 class=\"white\">Neteja i manteniment d\u2019oficines, despatxos i botigues<\/h1>\n<p>[\/vc_column_text][\/vc_column_inner][\/vc_row_inner][\/vc_column][\/vc_row][vc_row row_type=&#8221;row&#8221; use_row_as_full_screen_section=&#8221;no&#8221; type=&#8221;full_width&#8221; text_align=&#8221;left&#8221; background_animation=&#8221;none&#8221; css_animation=&#8221;&#8221;][vc_column][vc_empty_space height=&#8221;60px&#8221;][\/vc_column][\/vc_row][vc_row row_type=&#8221;row&#8221; use_row_as_full_screen_section=&#8221;no&#8221; type=&#8221;full_width&#8221; text_align=&#8221;left&#8221; background_animation=&#8221;none&#8221; css_animation=&#8221;&#8221;][vc_column][vc_row_inner row_type=&#8221;row&#8221; type=&#8221;grid&#8221; use_row_as_full_screen_section_slide=&#8221;no&#8221; text_align=&#8221;left&#8221; css_animation=&#8221;&#8221;][vc_column_inner width=&#8221;1\/6&#8243;][\/vc_column_inner][vc_column_inner width=&#8221;2\/3&#8243;][vc_column_text css=&#8221;&#8221;]<\/p>\n<h3 style=\"text-align: center;\">Actualment, prestem el servei de neteja i manteniment d&#8217;oficines, despatxos i botigues a Barcelona ciutat, tot i que opcionalment podem estendre-ho a tota la prov\u00edncia de Barcelona. Si us plau, contacteu amb nosaltres tamb\u00e9 si la vostra necessitat del servei \u00e9s fora de la ciutat de Barcelona.<\/h3>\n<p>[\/vc_column_text][\/vc_column_inner][vc_column_inner width=&#8221;1\/6&#8243;][\/vc_column_inner][\/vc_row_inner][vc_empty_space height=&#8221;60px&#8221;][vc_row_inner row_type=&#8221;row&#8221; type=&#8221;full_width&#8221; use_row_as_full_screen_section_slide=&#8221;no&#8221; text_align=&#8221;center&#8221; css_animation=&#8221;&#8221;][vc_column_inner width=&#8221;1\/4&#8243;][\/vc_column_inner][vc_column_inner width=&#8221;1\/4&#8243;]<a href=\"https:\/\/www.carcrisfs.com\/ca\/avantatges-carcris\/\" target=\"_self\"  class=\"qbutton  underlined\" style=\"\">Avantatges CarCris<span class=\"qode-underlined-button-span\" style=\"\"><\/span><\/a>[\/vc_column_inner][vc_column_inner width=&#8221;1\/4&#8243;]<a href=\"https:\/\/www.carcrisfs.com\/ca\/demanar-pressupost\/\" target=\"_self\"  class=\"qbutton  underlined\" style=\"\">Demanar Pressupost<span class=\"qode-underlined-button-span\" style=\"\"><\/span><\/a>[\/vc_column_inner][vc_column_inner width=&#8221;1\/4&#8243;][\/vc_column_inner][\/vc_row_inner][\/vc_column][\/vc_row][vc_row row_type=&#8221;row&#8221; use_row_as_full_screen_section=&#8221;no&#8221; type=&#8221;full_width&#8221; text_align=&#8221;left&#8221; background_animation=&#8221;none&#8221; css_animation=&#8221;&#8221;][vc_column][vc_empty_space height=&#8221;80px&#8221;][\/vc_column][\/vc_row][vc_row row_type=&#8221;row&#8221; use_row_as_full_screen_section=&#8221;no&#8221; type=&#8221;grid&#8221; text_align=&#8221;left&#8221; background_animation=&#8221;none&#8221; css_animation=&#8221;&#8221;][vc_column][vc_row_inner row_type=&#8221;row&#8221; type=&#8221;full_width&#8221; use_row_as_full_screen_section_slide=&#8221;no&#8221; text_align=&#8221;left&#8221; css_animation=&#8221;&#8221;][vc_column_inner][qode_elements_holder number_of_columns=&#8221;two_columns&#8221;][qode_elements_holder_item item_padding=&#8221;6%&#8221; vertical_alignment=&#8221;top&#8221;][vc_column_text css=&#8221;&#8221;]<\/p>\n<h2>Experts en neteja i manteniment d&#8217;oficines, despatxos i botigues a Barcelona<\/h2>\n<p>&nbsp;<\/p>\n<p>Tenim personal d&#8217;\u00e0mplia experi\u00e8ncia en neteja d&#8217;oficines, despatxos i botigues que coneixen les exig\u00e8ncies i necessitats d&#8217;aquest tipus de serveis, per tant, els nostres clients poden estar tranquils, ja que confiant en Carcris Facility Services, les seves instal\u00b7lacions tindran un estat \u00f2ptim de neteja adaptada a la freq\u00fc\u00e8ncia hor\u00e0ria contractada.<\/p>\n<p>&nbsp;<\/p>\n<p>Ens preocupem per a realitzar convenientment els processos de selecci\u00f3 per comptar amb una plantilla de confian\u00e7a amb la formaci\u00f3 necess\u00e0ria, at\u00e8s que, entenem que quan entrem a les instal\u00b7lacions dels nostres clients, estem entrant a casa seva, i per aix\u00f2 \u00e9s important oferir tranquil\u00b7litat enviant-los el personal adequat.<\/p>\n<p>&nbsp;<\/p>\n<p>Ens adaptem al client tant en la freq\u00fc\u00e8ncia hor\u00e0ria com amb la franja en la qual hem de realitzar la neteja.<\/p>\n<p>[\/vc_column_text][vc_empty_space]<blockquote class='with_quote_icon' style=''><span class='icon_quotations_holder'><i class='q_font_elegant_icon icon_quotations' style=''><\/i><\/span><h3 class='blockquote_text' style=''><span>Abans d'iniciar un servei, un responsable de Carcris Facility Services estableix, junt amb el client, el protocol de treball i la planificaci\u00f3 d'aquest, ja que cada negoci \u00e9s \u00fanic i diferent.<\/span><\/h3><\/blockquote>[vc_empty_space][vc_column_text css=&#8221;&#8221;]<\/p>\n<p>Aquestes directrius s\u00f3n traslladades al netejador\/a a trav\u00e9s de la nostra app, aix\u00ed doncs, no deixem al marge que un servei ben realitzat depengui de la mem\u00f2ria del treballador\/a, ja que en qualsevol moment poden consultar les indicacions del client i les prioritats del servei.<\/p>\n<p>[\/vc_column_text][vc_empty_space height=&#8221;40px&#8221;][\/qode_elements_holder_item][qode_elements_holder_item background_image=&#8221;630&#8243;][vc_column_text]<img decoding=\"async\" src=\"https:\/\/www.carcrisfs.com\/wp-content\/uploads\/2021\/09\/Caja-para-movil.png\" alt=\"\" \/>[\/vc_column_text][\/qode_elements_holder_item][\/qode_elements_holder][\/vc_column_inner][\/vc_row_inner][vc_row_inner row_type=&#8221;row&#8221; type=&#8221;full_width&#8221; use_row_as_full_screen_section_slide=&#8221;no&#8221; text_align=&#8221;left&#8221; css_animation=&#8221;&#8221;][vc_column_inner][qode_elements_holder number_of_columns=&#8221;two_columns&#8221;][qode_elements_holder_item background_image=&#8221;629&#8243; item_padding=&#8221;12%&#8221; vertical_alignment=&#8221;top&#8221;][vc_column_text]<img decoding=\"async\" src=\"https:\/\/www.carcrisfs.com\/wp-content\/uploads\/2021\/09\/Caja-para-movil.png\" alt=\"\" \/>[\/vc_column_text][\/qode_elements_holder_item][qode_elements_holder_item item_padding=&#8221;6%&#8221;][vc_empty_space height=&#8221;40px&#8221;][vc_column_text css=&#8221;&#8221;]<\/p>\n<h2>Especialistes en neteja i manteniment d&#8217;oficines, despatxos i botigues a Barcelona<\/h2>\n<p>&nbsp;<\/p>\n<p>La imatge de qualsevol empresa dep\u00e8n en gran part de l&#8217;estat de les seves instal\u00b7lacions. Un centre de treball net \u00e9s un centre de treball s\u00e0. A m\u00e9s, els treballadors se sentiran millor en el desenvolupament de les seves tasques en realitzar-les en un espai confortable i els clients veuran un centre cuidat, que inevitablement oferir\u00e0 una millor impressi\u00f3 dels nostres espais i la nostra empresa.<\/p>\n<p>&nbsp;<\/p>\n<p>Perqu\u00e8 realment et preocupis de portar el teu negoci, a Carcris Facility Services oferim una s\u00e8rie de serveis extres per a aquest tipus de clients, com s\u00f3n el subministrament i entrega de productes d&#8217;higiene i cel\u00b7lulosa i subministrament i reposici\u00f3 de llumin\u00e0ries. Els netejadors\/as s&#8217;encarreguen de controlar l&#8217;estoc i de fer les comandes amb el client, quan s&#8217;arriba a un m\u00ednim d\u2019exist\u00e8ncies.<\/p>\n<p>[\/vc_column_text][vc_empty_space]<blockquote class='with_quote_icon' style=''><span class='icon_quotations_holder'><i class='q_font_elegant_icon icon_quotations' style=''><\/i><\/span><h3 class='blockquote_text' style=''><span>A m\u00e9s, li poden interessar alguns dels nostres altres serveis, com s\u00f3n la neteja de vidres, la neteja de vidres en al\u00e7ada, la neteja t\u00e8xtil, encarregant-nos del manteniment de cadires, butaques, catifes i moquetes, i tantmateix, com l\u00b4aplicaci\u00f3 d\u00b4oz\u00f3, per a desodoritzar l\u00b4ambient.<\/span><\/h3><\/blockquote>[vc_empty_space][vc_column_text]<\/p>\n<p>Les tasques s\u00f3n supervisades pels nostres encarregats per comprobar que es compleixen els nivells d\u2019exig\u00e8ncia i qualitat.<\/p>\n<p>&nbsp;<\/p>\n<p>Actualment a Barcelona netegem oficines, despatxos i botigues de tots els sectors, tant petites com grans empreses, aconseguint a totes elles un alt grau de satisfacci\u00f3 per part del client, essent aquest el nostre m\u00e9s gran valor per a que cada dia, m\u00e9s empreses confi\u00efn en nosaltres.<\/p>\n<p>[\/vc_column_text][\/qode_elements_holder_item][\/qode_elements_holder][\/vc_column_inner][\/vc_row_inner][\/vc_column][\/vc_row][vc_row row_type=&#8221;row&#8221; use_row_as_full_screen_section=&#8221;no&#8221; type=&#8221;full_width&#8221; text_align=&#8221;left&#8221; background_animation=&#8221;none&#8221; css_animation=&#8221;&#8221;][vc_column][vc_empty_space height=&#8221;120px&#8221;][\/vc_column][\/vc_row]<\/p>\n<\/div>","protected":false},"excerpt":{"rendered":"<p>[vc_row row_type=&#8221;row&#8221; use_row_as_full_screen_section=&#8221;no&#8221; type=&#8221;full_width&#8221; text_align=&#8221;left&#8221; background_animation=&#8221;none&#8221; css_animation=&#8221;&#8221; css=&#8221;.vc_custom_1631273341329{padding-top: 16% !important;padding-bottom: 16% !important;background-image: url(https:\/\/www.carcrisfs.com\/wp-content\/uploads\/2021\/09\/CarCris-Limpieza-y-mantenimiento-de-oficinas03.jpg?id=585) !important;background-position: center !important;background-repeat: no-repeat !important;background-size: cover !important;}&#8221;][vc_column][vc_row_inner row_type=&#8221;row&#8221; type=&#8221;grid&#8221; use_row_as_full_screen_section_slide=&#8221;no&#8221; text_align=&#8221;left&#8221; css_animation=&#8221;&#8221;][vc_column_inner][vc_column_text css=&#8221;&#8221;] Neteja i manteniment d\u2019oficines, despatxos i botigues [\/vc_column_text][\/vc_column_inner][\/vc_row_inner][\/vc_column][\/vc_row][vc_row row_type=&#8221;row&#8221; use_row_as_full_screen_section=&#8221;no&#8221; type=&#8221;full_width&#8221; text_align=&#8221;left&#8221; background_animation=&#8221;none&#8221; css_animation=&#8221;&#8221;][vc_column][vc_empty_space height=&#8221;60px&#8221;][\/vc_column][\/vc_row][vc_row row_type=&#8221;row&#8221; use_row_as_full_screen_section=&#8221;no&#8221; type=&#8221;full_width&#8221; text_align=&#8221;left&#8221;&#8230;<\/p>\n","protected":false},"author":2,"featured_media":0,"parent":1395,"menu_order":0,"comment_status":"closed","ping_status":"closed","template":"full_width.php","meta":{"footnotes":""},"class_list":["post-1423","page","type-page","status-publish","hentry"],"yoast_head":"<!-- This site is optimized with the Yoast SEO plugin v24.4 - https:\/\/yoast.com\/wordpress\/plugins\/seo\/ -->\n<title>Neteja y manteniment d\u00b4oficines, despatxos i botigues a Barcelona - Carcris Facility Services<\/title>\n<meta name=\"description\" content=\"Contracta el nostre servei de neteja i manteniment d&#039;oficines, despatxos i botigues a Barcelona. Mantingues la imatge de l&#039;empresa.\" \/>\n<meta name=\"robots\" content=\"index, follow, max-snippet:-1, max-image-preview:large, max-video-preview:-1\" \/>\n<link rel=\"canonical\" href=\"https:\/\/www.carcrisfs.com\/ca\/serveis-carcris-facility-services\/neteja-y-manteniment-doficines-despatxos-i-botigues-a-barcelona\/\" \/>\n<meta property=\"og:locale\" content=\"ca_ES\" \/>\n<meta property=\"og:type\" content=\"article\" \/>\n<meta property=\"og:title\" content=\"Neteja y manteniment d\u00b4oficines, despatxos i botigues a Barcelona - Carcris Facility Services\" \/>\n<meta property=\"og:description\" content=\"Contracta el nostre servei de neteja i manteniment d&#039;oficines, despatxos i botigues a Barcelona. Mantingues la imatge de l&#039;empresa.\" \/>\n<meta property=\"og:url\" content=\"https:\/\/www.carcrisfs.com\/ca\/serveis-carcris-facility-services\/neteja-y-manteniment-doficines-despatxos-i-botigues-a-barcelona\/\" \/>\n<meta property=\"og:site_name\" content=\"Carcris Facility Services\" \/>\n<meta property=\"article:publisher\" content=\"https:\/\/www.facebook.com\/carcrismanteniments\" \/>\n<meta property=\"article:modified_time\" content=\"2025-02-18T13:30:25+00:00\" \/>\n<meta property=\"og:image\" content=\"https:\/\/www.carcrisfs.com\/wp-content\/uploads\/2021\/09\/Caja-para-movil.png\" \/>\n<meta name=\"twitter:card\" content=\"summary_large_image\" \/>\n<meta name=\"twitter:label1\" content=\"Temps estimat de lectura\" \/>\n\t<meta name=\"twitter:data1\" content=\"4 minuts\" \/>\n<script type=\"application\/ld+json\" class=\"yoast-schema-graph\">{\"@context\":\"https:\/\/schema.org\",\"@graph\":[{\"@type\":\"WebPage\",\"@id\":\"https:\/\/www.carcrisfs.com\/ca\/serveis-carcris-facility-services\/neteja-y-manteniment-doficines-despatxos-i-botigues-a-barcelona\/\",\"url\":\"https:\/\/www.carcrisfs.com\/ca\/serveis-carcris-facility-services\/neteja-y-manteniment-doficines-despatxos-i-botigues-a-barcelona\/\",\"name\":\"Neteja y manteniment d\u00b4oficines, despatxos i botigues a Barcelona - Carcris Facility Services\",\"isPartOf\":{\"@id\":\"https:\/\/www.carcrisfs.com\/ca\/#website\"},\"primaryImageOfPage\":{\"@id\":\"https:\/\/www.carcrisfs.com\/ca\/serveis-carcris-facility-services\/neteja-y-manteniment-doficines-despatxos-i-botigues-a-barcelona\/#primaryimage\"},\"image\":{\"@id\":\"https:\/\/www.carcrisfs.com\/ca\/serveis-carcris-facility-services\/neteja-y-manteniment-doficines-despatxos-i-botigues-a-barcelona\/#primaryimage\"},\"thumbnailUrl\":\"https:\/\/www.carcrisfs.com\/wp-content\/uploads\/2021\/09\/Caja-para-movil.png\",\"datePublished\":\"2022-01-17T14:59:01+00:00\",\"dateModified\":\"2025-02-18T13:30:25+00:00\",\"description\":\"Contracta el nostre servei de neteja i manteniment d'oficines, despatxos i botigues a Barcelona. Mantingues la imatge de l'empresa.\",\"breadcrumb\":{\"@id\":\"https:\/\/www.carcrisfs.com\/ca\/serveis-carcris-facility-services\/neteja-y-manteniment-doficines-despatxos-i-botigues-a-barcelona\/#breadcrumb\"},\"inLanguage\":\"ca\",\"potentialAction\":[{\"@type\":\"ReadAction\",\"target\":[\"https:\/\/www.carcrisfs.com\/ca\/serveis-carcris-facility-services\/neteja-y-manteniment-doficines-despatxos-i-botigues-a-barcelona\/\"]}]},{\"@type\":\"ImageObject\",\"inLanguage\":\"ca\",\"@id\":\"https:\/\/www.carcrisfs.com\/ca\/serveis-carcris-facility-services\/neteja-y-manteniment-doficines-despatxos-i-botigues-a-barcelona\/#primaryimage\",\"url\":\"https:\/\/www.carcrisfs.com\/wp-content\/uploads\/2021\/09\/Caja-para-movil.png\",\"contentUrl\":\"https:\/\/www.carcrisfs.com\/wp-content\/uploads\/2021\/09\/Caja-para-movil.png\"},{\"@type\":\"BreadcrumbList\",\"@id\":\"https:\/\/www.carcrisfs.com\/ca\/serveis-carcris-facility-services\/neteja-y-manteniment-doficines-despatxos-i-botigues-a-barcelona\/#breadcrumb\",\"itemListElement\":[{\"@type\":\"ListItem\",\"position\":1,\"name\":\"Portada\",\"item\":\"https:\/\/www.carcrisfs.com\/ca\/inici\/\"},{\"@type\":\"ListItem\",\"position\":2,\"name\":\"Serveis Carcris Facility Services\",\"item\":\"https:\/\/www.carcrisfs.com\/ca\/serveis-carcris-facility-services\/\"},{\"@type\":\"ListItem\",\"position\":3,\"name\":\"Neteja y manteniment d\u00b4oficines, despatxos i botigues a Barcelona\"}]},{\"@type\":\"WebSite\",\"@id\":\"https:\/\/www.carcrisfs.com\/ca\/#website\",\"url\":\"https:\/\/www.carcrisfs.com\/ca\/\",\"name\":\"CarCris Manteniments\",\"description\":\"\",\"publisher\":{\"@id\":\"https:\/\/www.carcrisfs.com\/ca\/#organization\"},\"potentialAction\":[{\"@type\":\"SearchAction\",\"target\":{\"@type\":\"EntryPoint\",\"urlTemplate\":\"https:\/\/www.carcrisfs.com\/ca\/?s={search_term_string}\"},\"query-input\":{\"@type\":\"PropertyValueSpecification\",\"valueRequired\":true,\"valueName\":\"search_term_string\"}}],\"inLanguage\":\"ca\"},{\"@type\":\"Organization\",\"@id\":\"https:\/\/www.carcrisfs.com\/ca\/#organization\",\"name\":\"CarCris Manteniments\",\"url\":\"https:\/\/www.carcrisfs.com\/ca\/\",\"logo\":{\"@type\":\"ImageObject\",\"inLanguage\":\"ca\",\"@id\":\"https:\/\/www.carcrisfs.com\/ca\/#\/schema\/logo\/image\/\",\"url\":\"https:\/\/www.carcrisfs.com\/wp-content\/uploads\/2021\/09\/CarCris-Manteniments-Serveis-Generals-de-Neteja.png\",\"contentUrl\":\"https:\/\/www.carcrisfs.com\/wp-content\/uploads\/2021\/09\/CarCris-Manteniments-Serveis-Generals-de-Neteja.png\",\"width\":250,\"height\":176,\"caption\":\"CarCris Manteniments\"},\"image\":{\"@id\":\"https:\/\/www.carcrisfs.com\/ca\/#\/schema\/logo\/image\/\"},\"sameAs\":[\"https:\/\/www.facebook.com\/carcrismanteniments\"]}]}<\/script>\n<!-- \/ Yoast SEO plugin. -->","yoast_head_json":{"title":"Neteja y manteniment d\u00b4oficines, despatxos i botigues a Barcelona - Carcris Facility Services","description":"Contracta el nostre servei de neteja i manteniment d'oficines, despatxos i botigues a Barcelona. Mantingues la imatge de l'empresa.","robots":{"index":"index","follow":"follow","max-snippet":"max-snippet:-1","max-image-preview":"max-image-preview:large","max-video-preview":"max-video-preview:-1"},"canonical":"https:\/\/www.carcrisfs.com\/ca\/serveis-carcris-facility-services\/neteja-y-manteniment-doficines-despatxos-i-botigues-a-barcelona\/","og_locale":"ca_ES","og_type":"article","og_title":"Neteja y manteniment d\u00b4oficines, despatxos i botigues a Barcelona - Carcris Facility Services","og_description":"Contracta el nostre servei de neteja i manteniment d'oficines, despatxos i botigues a Barcelona. Mantingues la imatge de l'empresa.","og_url":"https:\/\/www.carcrisfs.com\/ca\/serveis-carcris-facility-services\/neteja-y-manteniment-doficines-despatxos-i-botigues-a-barcelona\/","og_site_name":"Carcris Facility Services","article_publisher":"https:\/\/www.facebook.com\/carcrismanteniments","article_modified_time":"2025-02-18T13:30:25+00:00","og_image":[{"url":"https:\/\/www.carcrisfs.com\/wp-content\/uploads\/2021\/09\/Caja-para-movil.png","type":"","width":"","height":""}],"twitter_card":"summary_large_image","twitter_misc":{"Temps estimat de lectura":"4 minuts"},"schema":{"@context":"https:\/\/schema.org","@graph":[{"@type":"WebPage","@id":"https:\/\/www.carcrisfs.com\/ca\/serveis-carcris-facility-services\/neteja-y-manteniment-doficines-despatxos-i-botigues-a-barcelona\/","url":"https:\/\/www.carcrisfs.com\/ca\/serveis-carcris-facility-services\/neteja-y-manteniment-doficines-despatxos-i-botigues-a-barcelona\/","name":"Neteja y manteniment d\u00b4oficines, despatxos i botigues a Barcelona - Carcris Facility Services","isPartOf":{"@id":"https:\/\/www.carcrisfs.com\/ca\/#website"},"primaryImageOfPage":{"@id":"https:\/\/www.carcrisfs.com\/ca\/serveis-carcris-facility-services\/neteja-y-manteniment-doficines-despatxos-i-botigues-a-barcelona\/#primaryimage"},"image":{"@id":"https:\/\/www.carcrisfs.com\/ca\/serveis-carcris-facility-services\/neteja-y-manteniment-doficines-despatxos-i-botigues-a-barcelona\/#primaryimage"},"thumbnailUrl":"https:\/\/www.carcrisfs.com\/wp-content\/uploads\/2021\/09\/Caja-para-movil.png","datePublished":"2022-01-17T14:59:01+00:00","dateModified":"2025-02-18T13:30:25+00:00","description":"Contracta el nostre servei de neteja i manteniment d'oficines, despatxos i botigues a Barcelona. Mantingues la imatge de l'empresa.","breadcrumb":{"@id":"https:\/\/www.carcrisfs.com\/ca\/serveis-carcris-facility-services\/neteja-y-manteniment-doficines-despatxos-i-botigues-a-barcelona\/#breadcrumb"},"inLanguage":"ca","potentialAction":[{"@type":"ReadAction","target":["https:\/\/www.carcrisfs.com\/ca\/serveis-carcris-facility-services\/neteja-y-manteniment-doficines-despatxos-i-botigues-a-barcelona\/"]}]},{"@type":"ImageObject","inLanguage":"ca","@id":"https:\/\/www.carcrisfs.com\/ca\/serveis-carcris-facility-services\/neteja-y-manteniment-doficines-despatxos-i-botigues-a-barcelona\/#primaryimage","url":"https:\/\/www.carcrisfs.com\/wp-content\/uploads\/2021\/09\/Caja-para-movil.png","contentUrl":"https:\/\/www.carcrisfs.com\/wp-content\/uploads\/2021\/09\/Caja-para-movil.png"},{"@type":"BreadcrumbList","@id":"https:\/\/www.carcrisfs.com\/ca\/serveis-carcris-facility-services\/neteja-y-manteniment-doficines-despatxos-i-botigues-a-barcelona\/#breadcrumb","itemListElement":[{"@type":"ListItem","position":1,"name":"Portada","item":"https:\/\/www.carcrisfs.com\/ca\/inici\/"},{"@type":"ListItem","position":2,"name":"Serveis Carcris Facility Services","item":"https:\/\/www.carcrisfs.com\/ca\/serveis-carcris-facility-services\/"},{"@type":"ListItem","position":3,"name":"Neteja y manteniment d\u00b4oficines, despatxos i botigues a Barcelona"}]},{"@type":"WebSite","@id":"https:\/\/www.carcrisfs.com\/ca\/#website","url":"https:\/\/www.carcrisfs.com\/ca\/","name":"CarCris Manteniments","description":"","publisher":{"@id":"https:\/\/www.carcrisfs.com\/ca\/#organization"},"potentialAction":[{"@type":"SearchAction","target":{"@type":"EntryPoint","urlTemplate":"https:\/\/www.carcrisfs.com\/ca\/?s={search_term_string}"},"query-input":{"@type":"PropertyValueSpecification","valueRequired":true,"valueName":"search_term_string"}}],"inLanguage":"ca"},{"@type":"Organization","@id":"https:\/\/www.carcrisfs.com\/ca\/#organization","name":"CarCris Manteniments","url":"https:\/\/www.carcrisfs.com\/ca\/","logo":{"@type":"ImageObject","inLanguage":"ca","@id":"https:\/\/www.carcrisfs.com\/ca\/#\/schema\/logo\/image\/","url":"https:\/\/www.carcrisfs.com\/wp-content\/uploads\/2021\/09\/CarCris-Manteniments-Serveis-Generals-de-Neteja.png","contentUrl":"https:\/\/www.carcrisfs.com\/wp-content\/uploads\/2021\/09\/CarCris-Manteniments-Serveis-Generals-de-Neteja.png","width":250,"height":176,"caption":"CarCris Manteniments"},"image":{"@id":"https:\/\/www.carcrisfs.com\/ca\/#\/schema\/logo\/image\/"},"sameAs":["https:\/\/www.facebook.com\/carcrismanteniments"]}]}},"_links":{"self":[{"href":"https:\/\/www.carcrisfs.com\/ca\/wp-json\/wp\/v2\/pages\/1423","targetHints":{"allow":["GET"]}}],"collection":[{"href":"https:\/\/www.carcrisfs.com\/ca\/wp-json\/wp\/v2\/pages"}],"about":[{"href":"https:\/\/www.carcrisfs.com\/ca\/wp-json\/wp\/v2\/types\/page"}],"author":[{"embeddable":true,"href":"https:\/\/www.carcrisfs.com\/ca\/wp-json\/wp\/v2\/users\/2"}],"replies":[{"embeddable":true,"href":"https:\/\/www.carcrisfs.com\/ca\/wp-json\/wp\/v2\/comments?post=1423"}],"version-history":[{"count":5,"href":"https:\/\/www.carcrisfs.com\/ca\/wp-json\/wp\/v2\/pages\/1423\/revisions"}],"predecessor-version":[{"id":1606,"href":"https:\/\/www.carcrisfs.com\/ca\/wp-json\/wp\/v2\/pages\/1423\/revisions\/1606"}],"up":[{"embeddable":true,"href":"https:\/\/www.carcrisfs.com\/ca\/wp-json\/wp\/v2\/pages\/1395"}],"wp:attachment":[{"href":"https:\/\/www.carcrisfs.com\/ca\/wp-json\/wp\/v2\/media?parent=1423"}],"curies":[{"name":"wp","href":"https:\/\/api.w.org\/{rel}","templated":true}]}}