{"id":1408,"date":"2022-01-17T11:35:17","date_gmt":"2022-01-17T11:35:17","guid":{"rendered":"https:\/\/www.carcrisfs.com\/serveis-carcris-manteniments\/faq\/"},"modified":"2025-02-18T13:08:04","modified_gmt":"2025-02-18T13:08:04","slug":"faq","status":"publish","type":"page","link":"https:\/\/www.carcrisfs.com\/ca\/serveis-carcris-facility-services\/faq\/","title":{"rendered":"FAQ"},"content":{"rendered":"<div class=\"wpb-content-wrapper\"><p>[vc_row row_type=&#8221;row&#8221; use_row_as_full_screen_section=&#8221;no&#8221; type=&#8221;full_width&#8221; text_align=&#8221;left&#8221; background_animation=&#8221;none&#8221; css_animation=&#8221;&#8221; css=&#8221;.vc_custom_1636534502754{padding-top: 16% !important;padding-bottom: 16% !important;background-image: url(https:\/\/www.carcrisfs.com\/wp-content\/uploads\/2021\/11\/CarCris-FAQ.jpg?id=1136) !important;background-position: center !important;background-repeat: no-repeat !important;background-size: cover !important;}&#8221;][vc_column][vc_row_inner row_type=&#8221;row&#8221; type=&#8221;grid&#8221; use_row_as_full_screen_section_slide=&#8221;no&#8221; text_align=&#8221;left&#8221; css_animation=&#8221;&#8221;][vc_column_inner][vc_column_text]<\/p>\n<h1 class=\"white\" style=\"text-align: center;\">FAQ \u2013 Preguntes Freq\u00fcents<\/h1>\n<p>[\/vc_column_text][\/vc_column_inner][\/vc_row_inner][\/vc_column][\/vc_row][vc_row row_type=&#8221;row&#8221; use_row_as_full_screen_section=&#8221;no&#8221; type=&#8221;grid&#8221; text_align=&#8221;left&#8221; background_animation=&#8221;none&#8221; css_animation=&#8221;&#8221; background_color=&#8221;#f7f7f7&#8243; css=&#8221;.vc_custom_1636532784923{padding-top: 4% !important;}&#8221;][vc_column][vc_empty_space height=&#8221;60px&#8221;][vc_accordion active_tab=&#8221;false&#8221; style=&#8221;toggle&#8221;][vc_accordion_tab title=&#8221;Com puc reservar un servei de neteja?&#8221; title_tag=&#8221;h2&#8243;][vc_column_text]<\/p>\n<p>Contactar amb nosaltres \u00e9s molt senzill. . Poden fer-ho per tel\u00e8fon en el <a style=\"text-decoration: none;\" href=\"tel:\/\/933583864\">93 358 38 64<\/a>, a trav\u00e9s del correu electr\u00f2nic <a href=\"mailto:info@carcrismanteniments.com\">info@carcrismanteniments.com<\/a> o b\u00e9 per whatsapp en el n\u00famero <a style=\"text-decoration: none;\" href=\"tel:\/\/638321741\">638 321 741.<\/a><\/p>\n<p>&nbsp;<\/p>\n<p>Un cop tinguem el primer contacte i ens expliquis el que necessites, t\u2019informarem, sense comprom\u00eds, de les condicions i si est\u00e0s conforme amb elles, bucarem un dia i una hora per a la realitzaci\u00f3 del servei.<\/p>\n<p>&nbsp;<\/p>\n<p>Per a assegurar la data desitjada, recomanem contactar com a m\u00ednim amb una setmana d\u2019antelaci\u00f3.<\/p>\n<p>[\/vc_column_text][\/vc_accordion_tab][vc_accordion_tab title=&#8221;Qui vindr\u00e0 a realizar el servei?&#8221; title_tag=&#8221;h2&#8243;][vc_column_text]<\/p>\n<p>No subcontractem personal. Tots els nostres netejadors s\u00f3n de la plantilla pr\u00f2pia, ciudadosament seleccionats. No som una empresa amb molta rotaci\u00f3 de personal, pel que la majoria, porten anys treballant amb nosaltres, per aix\u00f2 s\u00f3n treballadors d\u00b4absoluta confian\u00e7a.<\/p>\n<p>[\/vc_column_text][\/vc_accordion_tab][vc_accordion_tab title=&#8221;Pot venir una netejadora?&#8221; title_tag=&#8221;h2&#8243;][vc_column_text]<\/p>\n<p>La neteja no \u00e9s cosa de dones ni d\u00b4homes. Nom\u00e8s s\u00b4ha de tenir ganes de treballar i saber com fer-ho. La majoria de les persones que demanen una netejadora, queden encantats amb els nostres nois.<\/p>\n<p>[\/vc_column_text][\/vc_accordion_tab][vc_accordion_tab title=&#8221;Podeu enviar-me a una persona amb nacionalitat espanyola?&#8221; title_tag=&#8221;h2&#8243;][vc_column_text css=&#8221;&#8221;]<\/p>\n<p>Com hem comentat anteriorment, el nostre personal est\u00e0 curosament seleccionat i no distingim entre nacionals o estrangers. Tots els nostres treballadors estan qualificats i segueixen tots els protocols de treball de Carcris Facility Services.<\/p>\n<p>[\/vc_column_text][\/vc_accordion_tab][vc_accordion_tab title=&#8221;Complir\u00e9 amb la normativa legal de contractaci\u00f3 de personal de neteges?&#8221; title_tag=&#8221;h2&#8243;][vc_column_text]<\/p>\n<p>Per descomptat. Tots els nostres treballadors est\u00e0n donats d\u00b4alta a la seguretat social, formats en PRL i tantmateix compten amb una asseguran\u00e7a d\u2019accidents de treball i de responsabilitat civil, per a cobrir qualsevol incid\u00e8ncia que pogu\u00e8s sorgir.<\/p>\n<p>[\/vc_column_text][\/vc_accordion_tab][vc_accordion_tab title=&#8221;Puc confiar que es compliran tots els serveis contractats ?&#8221; title_tag=&#8221;h2&#8243;][vc_column_text]<\/p>\n<p>Treballem amb un software especialitzat per a empreses de neteja on es registren totes les tasques contractades per el client i la seva freq\u00fc\u00e8ncia.<\/p>\n<p>&nbsp;<\/p>\n<p>Una vegada introdu\u00efdes les dades corresponents, tots els serveis s\u2019agenden autom\u00e0ticament y s\u2019envien recordatoris als netejadors a trav\u00e9s de la app, per a que cada dia puguin saber exactament quins serveis han de realitzar.<\/p>\n<p>&nbsp;<\/p>\n<p>Aquesta app ens permet geolocalitzar el servei i registrar l\u00b4horari d\u2019aquest per a major tranquil.litat del client.<\/p>\n<p>[\/vc_column_text][\/vc_accordion_tab][vc_accordion_tab title=&#8221;Es porta alguna mena de control de la feina que realitzen els treballadors?&#8221; title_tag=&#8221;h2&#8243;][vc_column_text]<\/p>\n<p>Per descomptat. Realitzem supervisions peri\u00f2diques a tots els nostres centres de treball. A trav\u00e9s de la nostra app s\u2019env\u00eden els informes corresponents als netejadors per a que puguin saber les defici\u00e8ncies que han de corregir.<\/p>\n<p>&nbsp;<\/p>\n<p>A m\u00e9s, els nostres supervisors realitzaran refor\u00e7os en aquells centres en els que s\u2019hagi detectat incid\u00e8ncies, per a subsanar-les inmediatament.<\/p>\n<p>[\/vc_column_text][\/vc_accordion_tab][vc_accordion_tab title=&#8221;Com informeu al client de les tasques realitzades ?&#8221; title_tag=&#8221;h2&#8243;][vc_column_text]<\/p>\n<p>A m\u00e9s del registre telem\u00e0tic, que pot enviar-se al client, sempre que ho necessiti, tamb\u00e9 omplim el tradicional registre d\u00b4assist\u00e8ncia signat a cada centre de treball, on a m\u00e9s es detalla el tipus de servei realitzat.<\/p>\n<p>[\/vc_column_text][\/vc_accordion_tab][vc_accordion_tab title=&#8221;Quina mena de productes de neteja s\u00b4utilitzen ?&#8221; title_tag=&#8221;h2&#8243;][vc_column_text]<\/p>\n<p>Tots els productes que utilitzem s\u00f3n d\u00b4\u00fas professional, espec\u00edfics per a les superf\u00edcies a tractar. Comptem amb les fitxes t\u00e8cniques i de seguretat a disposici\u00f3 dels nostres clients, si ho consideren necessari.<\/p>\n<p>[\/vc_column_text][\/vc_accordion_tab][vc_accordion_tab title=&#8221;Disposeu de maquin\u00e0ria profesional?&#8221; title_tag=&#8221;h2&#8243;][vc_column_text]<\/p>\n<p>Sens dubte. Comptem amb una \u00e0mplia varietat de maquin\u00e0ria professional especialitzada per a ajudar-nos a oferir un acurat servei als nostres clients.<\/p>\n<p>&nbsp;<\/p>\n<p>Escombradores, fregadores, diverses menes d\u00b4aspiradors, m\u00e0quines d\u00b4injecci\u00f3-extracci\u00f3, rotatives, hidronetejadores, etc<\/p>\n<p>[\/vc_column_text][\/vc_accordion_tab][vc_accordion_tab title=&#8221;Qu\u00e8 he de fer si detecto quelcom incid\u00e8ncia en el servei o vull fer un suggeriment referent al mateix?&#8221; title_tag=&#8221;h2&#8243;][vc_column_text]<\/p>\n<p>Ser a prop dels nostres clientes \u00e9s primordial per a nosaltres. Ens esforcem per a fer arribar el missatge que estem a la seva disposici\u00f3 per a qualsevol cosa tant bon punt ens necessitin.<\/p>\n<p>Hi ha vegades que un petit problema es pot fer una pilota molt grossa si no existeix una bona comunicaci\u00f3.<\/p>\n<p>&nbsp;<\/p>\n<p>Per evitar aquestes situaci\u00f3ns, posem a la seva disposici\u00f3 diversos canals de comunicaci\u00f3. Per tel\u00e8fon al <a style=\"text-decoration: none;\" href=\"tel:\/\/933583864\">93 358 38 64<\/a>, a trav\u00e9s correu electr\u00f2nic <a href=\"mailto:info@carcrismanteniments.com\">info@carcrismanteniments.com<\/a> o per whatsapp al <a style=\"text-decoration: none;\" href=\"tel:\/\/638321741\">638 321 741<\/a>.<\/p>\n<p>&nbsp;<\/p>\n<p>Per a nosaltres una trucada o un missatge no s\u00f3n cap mena de mol\u00e8stia, aix\u00ed doncs estarem encantats d\u00b4atendre\u00b4l.<\/p>\n<p>[\/vc_column_text][\/vc_accordion_tab][\/vc_accordion][vc_row_inner row_type=&#8221;row&#8221; type=&#8221;grid&#8221; use_row_as_full_screen_section_slide=&#8221;no&#8221; text_align=&#8221;center&#8221; css_animation=&#8221;&#8221;][vc_column_inner][vc_empty_space height=&#8221;100px&#8221;]<a href=\"https:\/\/www.carcrisfs.com\/ca\/demanar-pressupost\/\" target=\"_self\"  class=\"qbutton  underlined\" style=\"\">Demanar pressupost<span class=\"qode-underlined-button-span\" style=\"\"><\/span><\/a>[\/vc_column_inner][\/vc_row_inner][vc_empty_space height=&#8221;160px&#8221;][\/vc_column][\/vc_row][vc_row row_type=&#8221;row&#8221; use_row_as_full_screen_section=&#8221;no&#8221; type=&#8221;full_width&#8221; text_align=&#8221;left&#8221; background_animation=&#8221;none&#8221; css_animation=&#8221;&#8221;][vc_column][\/vc_column][\/vc_row]<\/p>\n<\/div>","protected":false},"excerpt":{"rendered":"<p>[vc_row row_type=&#8221;row&#8221; use_row_as_full_screen_section=&#8221;no&#8221; type=&#8221;full_width&#8221; text_align=&#8221;left&#8221; background_animation=&#8221;none&#8221; css_animation=&#8221;&#8221; css=&#8221;.vc_custom_1636534502754{padding-top: 16% !important;padding-bottom: 16% !important;background-image: url(https:\/\/www.carcrisfs.com\/wp-content\/uploads\/2021\/11\/CarCris-FAQ.jpg?id=1136) !important;background-position: center !important;background-repeat: no-repeat !important;background-size: cover !important;}&#8221;][vc_column][vc_row_inner row_type=&#8221;row&#8221; type=&#8221;grid&#8221; use_row_as_full_screen_section_slide=&#8221;no&#8221; text_align=&#8221;left&#8221; css_animation=&#8221;&#8221;][vc_column_inner][vc_column_text] FAQ \u2013 Preguntes Freq\u00fcents [\/vc_column_text][\/vc_column_inner][\/vc_row_inner][\/vc_column][\/vc_row][vc_row row_type=&#8221;row&#8221; use_row_as_full_screen_section=&#8221;no&#8221; type=&#8221;grid&#8221; text_align=&#8221;left&#8221; background_animation=&#8221;none&#8221; css_animation=&#8221;&#8221; background_color=&#8221;#f7f7f7&#8243; css=&#8221;.vc_custom_1636532784923{padding-top: 4% !important;}&#8221;][vc_column][vc_empty_space height=&#8221;60px&#8221;][vc_accordion active_tab=&#8221;false&#8221; style=&#8221;toggle&#8221;][vc_accordion_tab title=&#8221;Com puc&#8230;<\/p>\n","protected":false},"author":2,"featured_media":0,"parent":1395,"menu_order":0,"comment_status":"closed","ping_status":"closed","template":"full_width.php","meta":{"footnotes":""},"class_list":["post-1408","page","type-page","status-publish","hentry"],"yoast_head":"<!-- This site is optimized with the Yoast SEO plugin v24.4 - https:\/\/yoast.com\/wordpress\/plugins\/seo\/ -->\n<title>FAQ - Carcris Facility Services<\/title>\n<meta name=\"description\" content=\"Resol els teus dubtes llegint les preguntes freq\u00fcents i, si encara en tens algun, contacta amb nosaltres i te&#039;l respondrem sense comprom\u00eds.\" \/>\n<meta name=\"robots\" content=\"index, follow, max-snippet:-1, max-image-preview:large, max-video-preview:-1\" \/>\n<link rel=\"canonical\" href=\"https:\/\/www.carcrisfs.com\/ca\/serveis-carcris-facility-services\/faq\/\" \/>\n<meta property=\"og:locale\" content=\"ca_ES\" \/>\n<meta property=\"og:type\" content=\"article\" \/>\n<meta property=\"og:title\" content=\"FAQ - Carcris Facility Services\" \/>\n<meta property=\"og:description\" content=\"Resol els teus dubtes llegint les preguntes freq\u00fcents i, si encara en tens algun, contacta amb nosaltres i te&#039;l respondrem sense comprom\u00eds.\" \/>\n<meta property=\"og:url\" content=\"https:\/\/www.carcrisfs.com\/ca\/serveis-carcris-facility-services\/faq\/\" \/>\n<meta property=\"og:site_name\" content=\"Carcris Facility Services\" \/>\n<meta property=\"article:publisher\" content=\"https:\/\/www.facebook.com\/carcrismanteniments\" \/>\n<meta property=\"article:modified_time\" content=\"2025-02-18T13:08:04+00:00\" \/>\n<meta name=\"twitter:card\" content=\"summary_large_image\" \/>\n<meta name=\"twitter:label1\" content=\"Temps estimat de lectura\" \/>\n\t<meta name=\"twitter:data1\" content=\"4 minuts\" \/>\n<script type=\"application\/ld+json\" class=\"yoast-schema-graph\">{\"@context\":\"https:\/\/schema.org\",\"@graph\":[{\"@type\":\"WebPage\",\"@id\":\"https:\/\/www.carcrisfs.com\/ca\/serveis-carcris-facility-services\/faq\/\",\"url\":\"https:\/\/www.carcrisfs.com\/ca\/serveis-carcris-facility-services\/faq\/\",\"name\":\"FAQ - Carcris Facility Services\",\"isPartOf\":{\"@id\":\"https:\/\/www.carcrisfs.com\/ca\/#website\"},\"datePublished\":\"2022-01-17T11:35:17+00:00\",\"dateModified\":\"2025-02-18T13:08:04+00:00\",\"description\":\"Resol els teus dubtes llegint les preguntes freq\u00fcents i, si encara en tens algun, contacta amb nosaltres i te'l respondrem sense comprom\u00eds.\",\"breadcrumb\":{\"@id\":\"https:\/\/www.carcrisfs.com\/ca\/serveis-carcris-facility-services\/faq\/#breadcrumb\"},\"inLanguage\":\"ca\",\"potentialAction\":[{\"@type\":\"ReadAction\",\"target\":[\"https:\/\/www.carcrisfs.com\/ca\/serveis-carcris-facility-services\/faq\/\"]}]},{\"@type\":\"BreadcrumbList\",\"@id\":\"https:\/\/www.carcrisfs.com\/ca\/serveis-carcris-facility-services\/faq\/#breadcrumb\",\"itemListElement\":[{\"@type\":\"ListItem\",\"position\":1,\"name\":\"Portada\",\"item\":\"https:\/\/www.carcrisfs.com\/ca\/inici\/\"},{\"@type\":\"ListItem\",\"position\":2,\"name\":\"Serveis Carcris Facility Services\",\"item\":\"https:\/\/www.carcrisfs.com\/ca\/serveis-carcris-facility-services\/\"},{\"@type\":\"ListItem\",\"position\":3,\"name\":\"FAQ\"}]},{\"@type\":\"WebSite\",\"@id\":\"https:\/\/www.carcrisfs.com\/ca\/#website\",\"url\":\"https:\/\/www.carcrisfs.com\/ca\/\",\"name\":\"CarCris Manteniments\",\"description\":\"\",\"publisher\":{\"@id\":\"https:\/\/www.carcrisfs.com\/ca\/#organization\"},\"potentialAction\":[{\"@type\":\"SearchAction\",\"target\":{\"@type\":\"EntryPoint\",\"urlTemplate\":\"https:\/\/www.carcrisfs.com\/ca\/?s={search_term_string}\"},\"query-input\":{\"@type\":\"PropertyValueSpecification\",\"valueRequired\":true,\"valueName\":\"search_term_string\"}}],\"inLanguage\":\"ca\"},{\"@type\":\"Organization\",\"@id\":\"https:\/\/www.carcrisfs.com\/ca\/#organization\",\"name\":\"CarCris Manteniments\",\"url\":\"https:\/\/www.carcrisfs.com\/ca\/\",\"logo\":{\"@type\":\"ImageObject\",\"inLanguage\":\"ca\",\"@id\":\"https:\/\/www.carcrisfs.com\/ca\/#\/schema\/logo\/image\/\",\"url\":\"https:\/\/www.carcrisfs.com\/wp-content\/uploads\/2021\/09\/CarCris-Manteniments-Serveis-Generals-de-Neteja.png\",\"contentUrl\":\"https:\/\/www.carcrisfs.com\/wp-content\/uploads\/2021\/09\/CarCris-Manteniments-Serveis-Generals-de-Neteja.png\",\"width\":250,\"height\":176,\"caption\":\"CarCris Manteniments\"},\"image\":{\"@id\":\"https:\/\/www.carcrisfs.com\/ca\/#\/schema\/logo\/image\/\"},\"sameAs\":[\"https:\/\/www.facebook.com\/carcrismanteniments\"]}]}<\/script>\n<!-- \/ Yoast SEO plugin. -->","yoast_head_json":{"title":"FAQ - Carcris Facility Services","description":"Resol els teus dubtes llegint les preguntes freq\u00fcents i, si encara en tens algun, contacta amb nosaltres i te'l respondrem sense comprom\u00eds.","robots":{"index":"index","follow":"follow","max-snippet":"max-snippet:-1","max-image-preview":"max-image-preview:large","max-video-preview":"max-video-preview:-1"},"canonical":"https:\/\/www.carcrisfs.com\/ca\/serveis-carcris-facility-services\/faq\/","og_locale":"ca_ES","og_type":"article","og_title":"FAQ - Carcris Facility Services","og_description":"Resol els teus dubtes llegint les preguntes freq\u00fcents i, si encara en tens algun, contacta amb nosaltres i te'l respondrem sense comprom\u00eds.","og_url":"https:\/\/www.carcrisfs.com\/ca\/serveis-carcris-facility-services\/faq\/","og_site_name":"Carcris Facility Services","article_publisher":"https:\/\/www.facebook.com\/carcrismanteniments","article_modified_time":"2025-02-18T13:08:04+00:00","twitter_card":"summary_large_image","twitter_misc":{"Temps estimat de lectura":"4 minuts"},"schema":{"@context":"https:\/\/schema.org","@graph":[{"@type":"WebPage","@id":"https:\/\/www.carcrisfs.com\/ca\/serveis-carcris-facility-services\/faq\/","url":"https:\/\/www.carcrisfs.com\/ca\/serveis-carcris-facility-services\/faq\/","name":"FAQ - Carcris Facility Services","isPartOf":{"@id":"https:\/\/www.carcrisfs.com\/ca\/#website"},"datePublished":"2022-01-17T11:35:17+00:00","dateModified":"2025-02-18T13:08:04+00:00","description":"Resol els teus dubtes llegint les preguntes freq\u00fcents i, si encara en tens algun, contacta amb nosaltres i te'l respondrem sense comprom\u00eds.","breadcrumb":{"@id":"https:\/\/www.carcrisfs.com\/ca\/serveis-carcris-facility-services\/faq\/#breadcrumb"},"inLanguage":"ca","potentialAction":[{"@type":"ReadAction","target":["https:\/\/www.carcrisfs.com\/ca\/serveis-carcris-facility-services\/faq\/"]}]},{"@type":"BreadcrumbList","@id":"https:\/\/www.carcrisfs.com\/ca\/serveis-carcris-facility-services\/faq\/#breadcrumb","itemListElement":[{"@type":"ListItem","position":1,"name":"Portada","item":"https:\/\/www.carcrisfs.com\/ca\/inici\/"},{"@type":"ListItem","position":2,"name":"Serveis Carcris Facility Services","item":"https:\/\/www.carcrisfs.com\/ca\/serveis-carcris-facility-services\/"},{"@type":"ListItem","position":3,"name":"FAQ"}]},{"@type":"WebSite","@id":"https:\/\/www.carcrisfs.com\/ca\/#website","url":"https:\/\/www.carcrisfs.com\/ca\/","name":"CarCris Manteniments","description":"","publisher":{"@id":"https:\/\/www.carcrisfs.com\/ca\/#organization"},"potentialAction":[{"@type":"SearchAction","target":{"@type":"EntryPoint","urlTemplate":"https:\/\/www.carcrisfs.com\/ca\/?s={search_term_string}"},"query-input":{"@type":"PropertyValueSpecification","valueRequired":true,"valueName":"search_term_string"}}],"inLanguage":"ca"},{"@type":"Organization","@id":"https:\/\/www.carcrisfs.com\/ca\/#organization","name":"CarCris Manteniments","url":"https:\/\/www.carcrisfs.com\/ca\/","logo":{"@type":"ImageObject","inLanguage":"ca","@id":"https:\/\/www.carcrisfs.com\/ca\/#\/schema\/logo\/image\/","url":"https:\/\/www.carcrisfs.com\/wp-content\/uploads\/2021\/09\/CarCris-Manteniments-Serveis-Generals-de-Neteja.png","contentUrl":"https:\/\/www.carcrisfs.com\/wp-content\/uploads\/2021\/09\/CarCris-Manteniments-Serveis-Generals-de-Neteja.png","width":250,"height":176,"caption":"CarCris Manteniments"},"image":{"@id":"https:\/\/www.carcrisfs.com\/ca\/#\/schema\/logo\/image\/"},"sameAs":["https:\/\/www.facebook.com\/carcrismanteniments"]}]}},"_links":{"self":[{"href":"https:\/\/www.carcrisfs.com\/ca\/wp-json\/wp\/v2\/pages\/1408","targetHints":{"allow":["GET"]}}],"collection":[{"href":"https:\/\/www.carcrisfs.com\/ca\/wp-json\/wp\/v2\/pages"}],"about":[{"href":"https:\/\/www.carcrisfs.com\/ca\/wp-json\/wp\/v2\/types\/page"}],"author":[{"embeddable":true,"href":"https:\/\/www.carcrisfs.com\/ca\/wp-json\/wp\/v2\/users\/2"}],"replies":[{"embeddable":true,"href":"https:\/\/www.carcrisfs.com\/ca\/wp-json\/wp\/v2\/comments?post=1408"}],"version-history":[{"count":4,"href":"https:\/\/www.carcrisfs.com\/ca\/wp-json\/wp\/v2\/pages\/1408\/revisions"}],"predecessor-version":[{"id":1599,"href":"https:\/\/www.carcrisfs.com\/ca\/wp-json\/wp\/v2\/pages\/1408\/revisions\/1599"}],"up":[{"embeddable":true,"href":"https:\/\/www.carcrisfs.com\/ca\/wp-json\/wp\/v2\/pages\/1395"}],"wp:attachment":[{"href":"https:\/\/www.carcrisfs.com\/ca\/wp-json\/wp\/v2\/media?parent=1408"}],"curies":[{"name":"wp","href":"https:\/\/api.w.org\/{rel}","templated":true}]}}