{"id":1397,"date":"2022-01-17T11:07:55","date_gmt":"2022-01-17T11:07:55","guid":{"rendered":"https:\/\/www.carcrisfs.com\/sobre-carcris\/"},"modified":"2025-02-18T12:59:08","modified_gmt":"2025-02-18T12:59:08","slug":"sobre-carcris","status":"publish","type":"page","link":"https:\/\/www.carcrisfs.com\/ca\/sobre-carcris\/","title":{"rendered":"Sobre CarCris"},"content":{"rendered":"<div class=\"wpb-content-wrapper\"><p>[vc_row row_type=&#8221;row&#8221; use_row_as_full_screen_section=&#8221;no&#8221; type=&#8221;full_width&#8221; text_align=&#8221;left&#8221; background_animation=&#8221;none&#8221; css_animation=&#8221;&#8221; background_color=&#8221;#f7f7f7&#8243; css=&#8221;.vc_custom_1634900906030{padding-top: 4% !important;}&#8221;][vc_column][vc_row_inner row_type=&#8221;row&#8221; type=&#8221;full_width&#8221; use_row_as_full_screen_section_slide=&#8221;no&#8221; text_align=&#8221;left&#8221; css_animation=&#8221;&#8221;][vc_column_inner][vc_column_text]<\/p>\n<h1 style=\"text-align: center;\">Qui som<\/h1>\n<p>[\/vc_column_text][\/vc_column_inner][\/vc_row_inner][vc_empty_space height=&#8221;60px&#8221;][vc_row_inner row_type=&#8221;row&#8221; type=&#8221;full_width&#8221; use_row_as_full_screen_section_slide=&#8221;no&#8221; text_align=&#8221;center&#8221; css_animation=&#8221;&#8221;][vc_column_inner width=&#8221;1\/6&#8243;][\/vc_column_inner][vc_column_inner width=&#8221;2\/3&#8243;][vc_column_text css=&#8221;&#8221;]<\/p>\n<h3>Carcris Facility Services \u00e9s una empresa de serveis generals de neteja, constitu\u00efda l&#8217;any 1994, amb l&#8217;objectiu de satisfer la demanda existent en el sector dels serveis de neteja i manteniment.<\/h3>\n<p>[\/vc_column_text][\/vc_column_inner][vc_column_inner width=&#8221;1\/6&#8243;][\/vc_column_inner][\/vc_row_inner][vc_empty_space height=&#8221;80px&#8221;][vc_row_inner row_type=&#8221;row&#8221; type=&#8221;grid&#8221; use_row_as_full_screen_section_slide=&#8221;no&#8221; text_align=&#8221;left&#8221; css_animation=&#8221;&#8221;][vc_column_inner width=&#8221;1\/2&#8243;][vc_column_text]<\/p>\n<p>Som una PYME familiar, i a base d\u00b4esfor\u00e7 i treball hem aconseguit obrir-nos pas en el sector, creant llocs de treball i ampliant la nostra cartera de clients.<\/p>\n<p>&nbsp;<\/p>\n<p>No hem perdut ni volem perdre el nostre esperit inicial, per\u00f2 som conscients dels cambis que es produeixen a la societat i en el nostre \u00e0mbit de treball. \u00c9s per aix\u00f2 que en els \u00faltims anys estem treballant intensament per a modernitzar tots els \u00e0mbits de la nostra empresa,<\/p>\n<p>[\/vc_column_text][vc_empty_space height=&#8221;20px&#8221;][\/vc_column_inner][vc_column_inner width=&#8221;1\/2&#8243;][vc_column_text]<\/p>\n<p>des dels protocols de treball, als productes i maquin\u00e0ria que utilitzem, passant per els nostres sistemes de control presencial, gesti\u00f3 i planificaci\u00f3 de tasques i controls de qualitat.<\/p>\n<p>&nbsp;<\/p>\n<p>Els anys d\u00b4experi\u00e8ncia dels nostres fundadors ens van ensenyar les necessitats i exig\u00e8ncies del mercat i nosaltres, com a segona generaci\u00f3, ens hem esfor\u00e7at per a con\u00e8ixer i satisfer a tots els nostres clients, ja que ells s\u00f3n el pilar fonamental de la nostra empresa.<\/p>\n<p>[\/vc_column_text][\/vc_column_inner][\/vc_row_inner][vc_empty_space height=&#8221;100px&#8221;][\/vc_column][\/vc_row][vc_row row_type=&#8221;row&#8221; use_row_as_full_screen_section=&#8221;no&#8221; type=&#8221;full_width&#8221; text_align=&#8221;left&#8221; background_animation=&#8221;none&#8221; css_animation=&#8221;&#8221;][vc_column][vc_empty_space height=&#8221;100px&#8221;][vc_row_inner row_type=&#8221;row&#8221; type=&#8221;grid&#8221; use_row_as_full_screen_section_slide=&#8221;no&#8221; text_align=&#8221;center&#8221; css_animation=&#8221;&#8221;][vc_column_inner][vc_column_text]<\/p>\n<h1>El nostre equip<\/h1>\n<p>[\/vc_column_text][\/vc_column_inner][\/vc_row_inner][vc_empty_space height=&#8221;80px&#8221;][vc_row_inner row_type=&#8221;row&#8221; type=&#8221;grid&#8221; use_row_as_full_screen_section_slide=&#8221;no&#8221; text_align=&#8221;left&#8221; css_animation=&#8221;&#8221;][vc_column_inner width=&#8221;1\/3&#8243;][vc_single_image image=&#8221;970&#8243; img_size=&#8221;full&#8221; alignment=&#8221;center&#8221; style=&#8221;vc_box_outline_circle_2&#8243; border_color=&#8221;black&#8221; qode_css_animation=&#8221;&#8221;][vc_empty_space height=&#8221;40px&#8221;][vc_column_text css=&#8221;&#8221;]<\/p>\n<h3 style=\"text-align: center;\">Cristina Casadevall<\/h3>\n<h2 style=\"text-align: center;\">Direcci\u00f3<\/h2>\n<p>&nbsp;<\/p>\n<p>Cristina \u00e9s la segona generaci\u00f3 familiar que dirigeix l&#8217;empresa. Quan Carcris Facility Services inici\u00e0 el seu cam\u00ed, ella comptava amb tan sols, 9 anys, i per aix\u00f2 des de ben menuda, ha estat conscient dels avantatges i inconvenients de ser empres\u00e0ria.<\/p>\n<p>&nbsp;<\/p>\n<p>\u00c9s responsable de l&#8217;\u00e0rea comercial, compres i relaci\u00f3 amb prove\u00efdors i administradors.<\/p>\n<p>&nbsp;<\/p>\n<p>T\u00e9 un do per al tracte amb els clients i sap el que s&#8217;espera d&#8217;ella. Quan hi ha problemes sempre \u00e9s la primera a arromangar-se per trobar les solucions adients.<br \/>\nLa seva paci\u00e8ncia i serenitat s\u00f3n un complement perfecte i necessari en el dia a dia de la nostra empresa.<\/p>\n<p>[\/vc_column_text][vc_empty_space][\/vc_column_inner][vc_column_inner width=&#8221;1\/3&#8243;][vc_single_image image=&#8221;973&#8243; img_size=&#8221;full&#8221; alignment=&#8221;center&#8221; style=&#8221;vc_box_outline_circle_2&#8243; border_color=&#8221;black&#8221; qode_css_animation=&#8221;&#8221;][vc_empty_space height=&#8221;40px&#8221;][vc_column_text css=&#8221;&#8221;]<\/p>\n<h3 style=\"text-align: center;\">Jos\u00e9 Ram\u00f3n C\u00e1ceres<\/h3>\n<h2 style=\"text-align: center;\">Direcci\u00f3<\/h2>\n<p>&nbsp;<\/p>\n<p>Jos\u00e9 Ram\u00f3n \u00e9s el responsable de tota l&#8217;\u00e0rea d&#8217;administraci\u00f3, planificaci\u00f3 i producci\u00f3. Mai va planificar la seva vida veient-se com un emprenedor, per\u00f2 un cop va con\u00e8ixer l&#8217;entrellat d&#8217;una empresa, va quedar fascinat alhora que creixia una constant motivaci\u00f3 per construir i fer cr\u00e9ixer una idea. Aquelles sensacions el van portar a saltar al buit, abandonant la seva feina anterior, estable i ben remunerada, implicant-se 24\/7 a la construcci\u00f3 del nou Carcris Facility Services.<\/p>\n<p>&nbsp;<\/p>\n<p>\u00c9s una persona extremadament organitzada i amb les idees ben clares, que sempre sap marcar el cam\u00ed a seguir, per fer el seg\u00fcent pas i aconseguir nous objectius.<\/p>\n<p>[\/vc_column_text][vc_empty_space][\/vc_column_inner][vc_column_inner width=&#8221;1\/3&#8243;][vc_single_image image=&#8221;967&#8243; img_size=&#8221;full&#8221; alignment=&#8221;center&#8221; style=&#8221;vc_box_outline_circle_2&#8243; border_color=&#8221;black&#8221; qode_css_animation=&#8221;&#8221;][vc_empty_space height=&#8221;40px&#8221;][vc_column_text css=&#8221;&#8221;]<\/p>\n<h3 style=\"text-align: center;\">Marta Herrero<\/h3>\n<h2 style=\"text-align: center;\">Administraci\u00f3<\/h2>\n<p>&nbsp;<\/p>\n<p>Marta va arribar a l\u2019equip a principis de 2021, despr\u00e9s d&#8217;haver treballat m\u00e9s de 15 anys en una altra empresa del sector.<\/p>\n<p>&nbsp;<\/p>\n<p>Duu a terme molt diverses tasques relacionades amb l\u2019administraci\u00f3, compres, recursos humans i atenci\u00f3 al client.<\/p>\n<p>&nbsp;<\/p>\n<p>Sempre est\u00e0 disposada a ajudar, servint de suport a diferents \u00e0rees i col\u00b7laborant activament en el control de la planificaci\u00f3 di\u00e0ria de serveis.<\/p>\n<p>[\/vc_column_text][vc_empty_space][\/vc_column_inner][\/vc_row_inner][vc_empty_space][vc_row_inner row_type=&#8221;row&#8221; type=&#8221;grid&#8221; use_row_as_full_screen_section_slide=&#8221;no&#8221; text_align=&#8221;left&#8221; css_animation=&#8221;&#8221;][vc_column_inner width=&#8221;1\/3&#8243;][vc_single_image image=&#8221;971&#8243; img_size=&#8221;full&#8221; alignment=&#8221;center&#8221; style=&#8221;vc_box_outline_circle_2&#8243; border_color=&#8221;black&#8221; qode_css_animation=&#8221;&#8221;][vc_empty_space height=&#8221;40px&#8221;][vc_column_text css=&#8221;&#8221;]<\/p>\n<h3 style=\"text-align: center;\">Crist\u00f3bal Lezama<\/h3>\n<h2 style=\"text-align: center;\">Comandaments Intermedis<\/h2>\n<p>&nbsp;<\/p>\n<p>Cristobal s\u2019incorpor\u00e0 a la plantilla a finals de l&#8217;any 2016 i actualment \u00e9s l\u2019encarregat general de l\u2019equip de netejadors i especialistes.<\/p>\n<p>&nbsp;<\/p>\n<p>\u00c9s un treballador nat que no ha fallat ni un sol dia i sempre est\u00e0 quan se&#8217;l necessita.<\/p>\n<p>&nbsp;<\/p>\n<p>Sap el que s\u2019espera d&#8217;ell i compr\u00e8n el nivell d&#8217;exig\u00e8ncia que implica el seu c\u00e0rrec.<\/p>\n<p>&nbsp;<\/p>\n<p>A m\u00e9s d&#8217;organitzar els controls de qualitat i dirigir els serveis que t\u00e9 encomanats, \u00e9s especialista en neteja de vidres, neteja de vidres en al\u00e7ada amb aigua osmotitzada i neteja t\u00e8xtil.<\/p>\n<p>[\/vc_column_text][vc_empty_space][\/vc_column_inner][vc_column_inner width=&#8221;1\/3&#8243;][vc_single_image image=&#8221;972&#8243; img_size=&#8221;full&#8221; alignment=&#8221;center&#8221; style=&#8221;vc_box_outline_circle_2&#8243; border_color=&#8221;black&#8221; qode_css_animation=&#8221;&#8221;][vc_empty_space height=&#8221;40px&#8221;][vc_column_text css=&#8221;&#8221;]<\/p>\n<h3 style=\"text-align: center;\">Jes\u00fas Do Canto<\/h3>\n<h2 style=\"text-align: center;\">Comandaments Intermedis<\/h2>\n<p>&nbsp;<\/p>\n<p>Jes\u00fas \u00e9s el netejador m\u00e9s veter\u00e0 de la plantilla, malgrat la seva joventut. S&#8217;incorpor\u00e0 a la nostra empresa el febrer de 2014. Des d&#8217;aleshores, ha vist en primera persona tots els canvis que hem realitzat i ha estat prou intel\u00b7ligent per a adaptar-se a ells.<\/p>\n<p>&nbsp;<\/p>\n<p>Actualment, \u00e9s comandament intermedi amb la categoria de responsable d&#8217;equip. La seva funci\u00f3 \u00e9s la de coordinar els diferents serveis que li s\u00f3n encomanats i supervisar el treball dels netejadors.<\/p>\n<p>&nbsp;<\/p>\n<p>A m\u00e9s, t\u00e9 experi\u00e8ncia en l&#8217;\u00fas de m\u00e0quines rotatives, fregadores i neteja de vidres.<\/p>\n<p>[\/vc_column_text][\/vc_column_inner][vc_column_inner width=&#8221;1\/3&#8243;][vc_single_image image=&#8221;969&#8243; img_size=&#8221;full&#8221; alignment=&#8221;center&#8221; style=&#8221;vc_box_outline_circle_2&#8243; border_color=&#8221;black&#8221; qode_css_animation=&#8221;&#8221;][vc_empty_space height=&#8221;40px&#8221;][vc_column_text css=&#8221;&#8221;]<\/p>\n<h3 style=\"text-align: center;\">Bertha Mor\u00e1n<\/h3>\n<h2 style=\"text-align: center;\">Comandaments Intermedis<\/h2>\n<p>&nbsp;<\/p>\n<p>Bertha s&#8217;incorpor\u00e0 a la nostra plantilla a mitjans de 2018.<br \/>\nInicialment, estava destinada a la neteja d&#8217;oficines i domicilis, per\u00f2 a poc a poc va anar adquirint experi\u00e8ncia en altres serveis com neteges a comunitats de ve\u00efns, neteges de fi d&#8217;obra o neteges a fons.<\/p>\n<p>&nbsp;<\/p>\n<p>La seva educaci\u00f3, saber estar i ganes de treballar la va fer guanyar un lloc de confian\u00e7a.<\/p>\n<p>&nbsp;<\/p>\n<p>Actualment, \u00e9s un comandament intermedi amb la categoria de responsable d&#8217;equip i la seva tasca \u00e9s coordinar els diferents serveis que li s\u00f3n encomanats i supervisar el treball dels netejadors.<\/p>\n<p>[\/vc_column_text][\/vc_column_inner][\/vc_row_inner][vc_empty_space height=&#8221;160px&#8221;][\/vc_column][\/vc_row][vc_row row_type=&#8221;parallax&#8221; text_align=&#8221;center&#8221; background_image=&#8221;911&#8243; full_screen_section_height=&#8221;yes&#8221; vertically_align_content_in_middle=&#8221;yes&#8221;][vc_column][vc_row_inner row_type=&#8221;row&#8221; type=&#8221;full_width&#8221; use_row_as_full_screen_section_slide=&#8221;no&#8221; text_align=&#8221;left&#8221; css_animation=&#8221;&#8221;][vc_column_inner width=&#8221;1\/4&#8243;][\/vc_column_inner][vc_column_inner width=&#8221;1\/2&#8243; css=&#8221;.vc_custom_1634900516299{padding-top: 8% !important;padding-right: 8% !important;padding-bottom: 8% !important;padding-left: 8% !important;background-color: rgba(255,255,255,0.81) !important;*background-color: rgb(255,255,255) !important;}&#8221;][vc_column_text]<\/p>\n<h1 style=\"text-align: center;\">Netejadors<\/h1>\n<p>[\/vc_column_text][vc_empty_space][vc_column_text css=&#8221;&#8221;]<\/p>\n<p style=\"text-align: center;\">En el grup dels netejadors disposem d&#8217;un equip hum\u00e0 qualificat, amb \u00e0mplia experi\u00e8ncia en el sector, el qual est\u00e0 en formaci\u00f3 cont\u00ednua en mat\u00e8ria t\u00e8cnica, prevenci\u00f3 de riscos laborals i atenci\u00f3 al client, i que s&#8217;encarrega de fer la feina contractada pels nostres clients.<br \/>\nSom conscients que l&#8217;\u00e8xit de la nostra empresa dep\u00e8n fonamentalment del servei i la imatge que oferim davant els nostres clients, i per aix\u00f2 inculquem aquests pilars en els nostres treballadors.<\/p>\n<p>[\/vc_column_text][\/vc_column_inner][vc_column_inner width=&#8221;1\/4&#8243;][\/vc_column_inner][\/vc_row_inner][\/vc_column][\/vc_row]<\/p>\n<\/div>","protected":false},"excerpt":{"rendered":"<p>[vc_row row_type=&#8221;row&#8221; use_row_as_full_screen_section=&#8221;no&#8221; type=&#8221;full_width&#8221; text_align=&#8221;left&#8221; background_animation=&#8221;none&#8221; css_animation=&#8221;&#8221; background_color=&#8221;#f7f7f7&#8243; css=&#8221;.vc_custom_1634900906030{padding-top: 4% !important;}&#8221;][vc_column][vc_row_inner row_type=&#8221;row&#8221; type=&#8221;full_width&#8221; use_row_as_full_screen_section_slide=&#8221;no&#8221; text_align=&#8221;left&#8221; css_animation=&#8221;&#8221;][vc_column_inner][vc_column_text] Qui som [\/vc_column_text][\/vc_column_inner][\/vc_row_inner][vc_empty_space height=&#8221;60px&#8221;][vc_row_inner row_type=&#8221;row&#8221; type=&#8221;full_width&#8221; use_row_as_full_screen_section_slide=&#8221;no&#8221; text_align=&#8221;center&#8221; css_animation=&#8221;&#8221;][vc_column_inner width=&#8221;1\/6&#8243;][\/vc_column_inner][vc_column_inner width=&#8221;2\/3&#8243;][vc_column_text css=&#8221;&#8221;] Carcris Facility Services \u00e9s una empresa de serveis generals de neteja, constitu\u00efda l&#8217;any 1994, amb l&#8217;objectiu de&#8230;<\/p>\n","protected":false},"author":2,"featured_media":0,"parent":0,"menu_order":0,"comment_status":"closed","ping_status":"closed","template":"full_width.php","meta":{"footnotes":""},"class_list":["post-1397","page","type-page","status-publish","hentry"],"yoast_head":"<!-- This site is optimized with the Yoast SEO plugin v24.4 - https:\/\/yoast.com\/wordpress\/plugins\/seo\/ -->\n<title>Sobre CarCris - Carcris Facility Services<\/title>\n<meta name=\"description\" content=\"Descobreix el nostre equip. Carcris Facility Services \u00e9s una empresa de serveis generals de neteja, formada per professionals del sector.\" \/>\n<meta name=\"robots\" content=\"index, follow, max-snippet:-1, max-image-preview:large, max-video-preview:-1\" \/>\n<link rel=\"canonical\" href=\"https:\/\/www.carcrisfs.com\/ca\/sobre-carcris\/\" \/>\n<meta property=\"og:locale\" content=\"ca_ES\" \/>\n<meta property=\"og:type\" content=\"article\" \/>\n<meta property=\"og:title\" content=\"Sobre CarCris - Carcris Facility Services\" \/>\n<meta property=\"og:description\" content=\"Descobreix el nostre equip. Carcris Facility Services \u00e9s una empresa de serveis generals de neteja, formada per professionals del sector.\" \/>\n<meta property=\"og:url\" content=\"https:\/\/www.carcrisfs.com\/ca\/sobre-carcris\/\" \/>\n<meta property=\"og:site_name\" content=\"Carcris Facility Services\" \/>\n<meta property=\"article:publisher\" content=\"https:\/\/www.facebook.com\/carcrismanteniments\" \/>\n<meta property=\"article:modified_time\" content=\"2025-02-18T12:59:08+00:00\" \/>\n<meta name=\"twitter:card\" content=\"summary_large_image\" \/>\n<meta name=\"twitter:label1\" content=\"Temps estimat de lectura\" \/>\n\t<meta name=\"twitter:data1\" content=\"6 minuts\" \/>\n<script type=\"application\/ld+json\" class=\"yoast-schema-graph\">{\"@context\":\"https:\/\/schema.org\",\"@graph\":[{\"@type\":\"WebPage\",\"@id\":\"https:\/\/www.carcrisfs.com\/ca\/sobre-carcris\/\",\"url\":\"https:\/\/www.carcrisfs.com\/ca\/sobre-carcris\/\",\"name\":\"Sobre CarCris - Carcris Facility Services\",\"isPartOf\":{\"@id\":\"https:\/\/www.carcrisfs.com\/ca\/#website\"},\"datePublished\":\"2022-01-17T11:07:55+00:00\",\"dateModified\":\"2025-02-18T12:59:08+00:00\",\"description\":\"Descobreix el nostre equip. Carcris Facility Services \u00e9s una empresa de serveis generals de neteja, formada per professionals del sector.\",\"breadcrumb\":{\"@id\":\"https:\/\/www.carcrisfs.com\/ca\/sobre-carcris\/#breadcrumb\"},\"inLanguage\":\"ca\",\"potentialAction\":[{\"@type\":\"ReadAction\",\"target\":[\"https:\/\/www.carcrisfs.com\/ca\/sobre-carcris\/\"]}]},{\"@type\":\"BreadcrumbList\",\"@id\":\"https:\/\/www.carcrisfs.com\/ca\/sobre-carcris\/#breadcrumb\",\"itemListElement\":[{\"@type\":\"ListItem\",\"position\":1,\"name\":\"Portada\",\"item\":\"https:\/\/www.carcrisfs.com\/ca\/inici\/\"},{\"@type\":\"ListItem\",\"position\":2,\"name\":\"Sobre CarCris\"}]},{\"@type\":\"WebSite\",\"@id\":\"https:\/\/www.carcrisfs.com\/ca\/#website\",\"url\":\"https:\/\/www.carcrisfs.com\/ca\/\",\"name\":\"CarCris Manteniments\",\"description\":\"\",\"publisher\":{\"@id\":\"https:\/\/www.carcrisfs.com\/ca\/#organization\"},\"potentialAction\":[{\"@type\":\"SearchAction\",\"target\":{\"@type\":\"EntryPoint\",\"urlTemplate\":\"https:\/\/www.carcrisfs.com\/ca\/?s={search_term_string}\"},\"query-input\":{\"@type\":\"PropertyValueSpecification\",\"valueRequired\":true,\"valueName\":\"search_term_string\"}}],\"inLanguage\":\"ca\"},{\"@type\":\"Organization\",\"@id\":\"https:\/\/www.carcrisfs.com\/ca\/#organization\",\"name\":\"CarCris Manteniments\",\"url\":\"https:\/\/www.carcrisfs.com\/ca\/\",\"logo\":{\"@type\":\"ImageObject\",\"inLanguage\":\"ca\",\"@id\":\"https:\/\/www.carcrisfs.com\/ca\/#\/schema\/logo\/image\/\",\"url\":\"https:\/\/www.carcrisfs.com\/wp-content\/uploads\/2021\/09\/CarCris-Manteniments-Serveis-Generals-de-Neteja.png\",\"contentUrl\":\"https:\/\/www.carcrisfs.com\/wp-content\/uploads\/2021\/09\/CarCris-Manteniments-Serveis-Generals-de-Neteja.png\",\"width\":250,\"height\":176,\"caption\":\"CarCris Manteniments\"},\"image\":{\"@id\":\"https:\/\/www.carcrisfs.com\/ca\/#\/schema\/logo\/image\/\"},\"sameAs\":[\"https:\/\/www.facebook.com\/carcrismanteniments\"]}]}<\/script>\n<!-- \/ Yoast SEO plugin. -->","yoast_head_json":{"title":"Sobre CarCris - Carcris Facility Services","description":"Descobreix el nostre equip. Carcris Facility Services \u00e9s una empresa de serveis generals de neteja, formada per professionals del sector.","robots":{"index":"index","follow":"follow","max-snippet":"max-snippet:-1","max-image-preview":"max-image-preview:large","max-video-preview":"max-video-preview:-1"},"canonical":"https:\/\/www.carcrisfs.com\/ca\/sobre-carcris\/","og_locale":"ca_ES","og_type":"article","og_title":"Sobre CarCris - Carcris Facility Services","og_description":"Descobreix el nostre equip. Carcris Facility Services \u00e9s una empresa de serveis generals de neteja, formada per professionals del sector.","og_url":"https:\/\/www.carcrisfs.com\/ca\/sobre-carcris\/","og_site_name":"Carcris Facility Services","article_publisher":"https:\/\/www.facebook.com\/carcrismanteniments","article_modified_time":"2025-02-18T12:59:08+00:00","twitter_card":"summary_large_image","twitter_misc":{"Temps estimat de lectura":"6 minuts"},"schema":{"@context":"https:\/\/schema.org","@graph":[{"@type":"WebPage","@id":"https:\/\/www.carcrisfs.com\/ca\/sobre-carcris\/","url":"https:\/\/www.carcrisfs.com\/ca\/sobre-carcris\/","name":"Sobre CarCris - Carcris Facility Services","isPartOf":{"@id":"https:\/\/www.carcrisfs.com\/ca\/#website"},"datePublished":"2022-01-17T11:07:55+00:00","dateModified":"2025-02-18T12:59:08+00:00","description":"Descobreix el nostre equip. Carcris Facility Services \u00e9s una empresa de serveis generals de neteja, formada per professionals del sector.","breadcrumb":{"@id":"https:\/\/www.carcrisfs.com\/ca\/sobre-carcris\/#breadcrumb"},"inLanguage":"ca","potentialAction":[{"@type":"ReadAction","target":["https:\/\/www.carcrisfs.com\/ca\/sobre-carcris\/"]}]},{"@type":"BreadcrumbList","@id":"https:\/\/www.carcrisfs.com\/ca\/sobre-carcris\/#breadcrumb","itemListElement":[{"@type":"ListItem","position":1,"name":"Portada","item":"https:\/\/www.carcrisfs.com\/ca\/inici\/"},{"@type":"ListItem","position":2,"name":"Sobre CarCris"}]},{"@type":"WebSite","@id":"https:\/\/www.carcrisfs.com\/ca\/#website","url":"https:\/\/www.carcrisfs.com\/ca\/","name":"CarCris Manteniments","description":"","publisher":{"@id":"https:\/\/www.carcrisfs.com\/ca\/#organization"},"potentialAction":[{"@type":"SearchAction","target":{"@type":"EntryPoint","urlTemplate":"https:\/\/www.carcrisfs.com\/ca\/?s={search_term_string}"},"query-input":{"@type":"PropertyValueSpecification","valueRequired":true,"valueName":"search_term_string"}}],"inLanguage":"ca"},{"@type":"Organization","@id":"https:\/\/www.carcrisfs.com\/ca\/#organization","name":"CarCris Manteniments","url":"https:\/\/www.carcrisfs.com\/ca\/","logo":{"@type":"ImageObject","inLanguage":"ca","@id":"https:\/\/www.carcrisfs.com\/ca\/#\/schema\/logo\/image\/","url":"https:\/\/www.carcrisfs.com\/wp-content\/uploads\/2021\/09\/CarCris-Manteniments-Serveis-Generals-de-Neteja.png","contentUrl":"https:\/\/www.carcrisfs.com\/wp-content\/uploads\/2021\/09\/CarCris-Manteniments-Serveis-Generals-de-Neteja.png","width":250,"height":176,"caption":"CarCris Manteniments"},"image":{"@id":"https:\/\/www.carcrisfs.com\/ca\/#\/schema\/logo\/image\/"},"sameAs":["https:\/\/www.facebook.com\/carcrismanteniments"]}]}},"_links":{"self":[{"href":"https:\/\/www.carcrisfs.com\/ca\/wp-json\/wp\/v2\/pages\/1397","targetHints":{"allow":["GET"]}}],"collection":[{"href":"https:\/\/www.carcrisfs.com\/ca\/wp-json\/wp\/v2\/pages"}],"about":[{"href":"https:\/\/www.carcrisfs.com\/ca\/wp-json\/wp\/v2\/types\/page"}],"author":[{"embeddable":true,"href":"https:\/\/www.carcrisfs.com\/ca\/wp-json\/wp\/v2\/users\/2"}],"replies":[{"embeddable":true,"href":"https:\/\/www.carcrisfs.com\/ca\/wp-json\/wp\/v2\/comments?post=1397"}],"version-history":[{"count":5,"href":"https:\/\/www.carcrisfs.com\/ca\/wp-json\/wp\/v2\/pages\/1397\/revisions"}],"predecessor-version":[{"id":1595,"href":"https:\/\/www.carcrisfs.com\/ca\/wp-json\/wp\/v2\/pages\/1397\/revisions\/1595"}],"wp:attachment":[{"href":"https:\/\/www.carcrisfs.com\/ca\/wp-json\/wp\/v2\/media?parent=1397"}],"curies":[{"name":"wp","href":"https:\/\/api.w.org\/{rel}","templated":true}]}}