{"id":1395,"date":"2022-01-17T10:56:53","date_gmt":"2022-01-17T10:56:53","guid":{"rendered":"https:\/\/www.carcrisfs.com\/serveis-carcris-manteniments\/"},"modified":"2025-02-18T13:15:01","modified_gmt":"2025-02-18T13:15:01","slug":"serveis-carcris-facility-services","status":"publish","type":"page","link":"https:\/\/www.carcrisfs.com\/ca\/serveis-carcris-facility-services\/","title":{"rendered":"Serveis Carcris Facility Services"},"content":{"rendered":"<div class=\"wpb-content-wrapper\"><p>[vc_row row_type=&#8221;row&#8221; use_row_as_full_screen_section=&#8221;no&#8221; type=&#8221;full_width&#8221; text_align=&#8221;left&#8221; background_animation=&#8221;none&#8221; css_animation=&#8221;&#8221; css=&#8221;.vc_custom_1630235171711{background-position: center !important;background-repeat: no-repeat !important;background-size: cover !important;}&#8221;][vc_column][vc_row_inner row_type=&#8221;row&#8221; type=&#8221;grid&#8221; use_row_as_full_screen_section_slide=&#8221;no&#8221; text_align=&#8221;center&#8221; css_animation=&#8221;&#8221;][vc_column_inner width=&#8221;1\/4&#8243;][\/vc_column_inner][vc_column_inner width=&#8221;1\/2&#8243;][vc_column_text]<\/p>\n<h1>Els nostres serveis de neteja professional a Barcelona<\/h1>\n<p>[\/vc_column_text][vc_empty_space height=&#8221;40px&#8221;][vc_column_text css=&#8221;&#8221;]<\/p>\n<p style=\"text-align: center;\">Actualment, prestem els nostres serveis de neteja i manteniment a Barcelona ciutat, encara que opcionalment podem estendre&#8217;l a tota la prov\u00edncia de Barcelona. Si us plau, contacteu amb nosaltres tamb\u00e9 si la vostra necessitat del servei \u00e9s fora de la ciutat de Barcelona.<\/p>\n<p>[\/vc_column_text][\/vc_column_inner][vc_column_inner width=&#8221;1\/4&#8243;][\/vc_column_inner][\/vc_row_inner][vc_empty_space height=&#8221;60px&#8221;][\/vc_column][\/vc_row][vc_row row_type=&#8221;row&#8221; use_row_as_full_screen_section=&#8221;no&#8221; type=&#8221;full_width&#8221; text_align=&#8221;left&#8221; background_animation=&#8221;none&#8221; css_animation=&#8221;&#8221;][vc_column][vc_row_inner row_type=&#8221;row&#8221; type=&#8221;grid&#8221; use_row_as_full_screen_section_slide=&#8221;no&#8221; text_align=&#8221;left&#8221; css_animation=&#8221;&#8221;][vc_column_inner width=&#8221;1\/4&#8243;]<div class=\"q_image_with_text_over \"><div class=\"shader\"><\/div><img decoding=\"async\" src=\"https:\/\/www.carcrisfs.com\/wp-content\/uploads\/2021\/09\/CarCris-Limpieza-y-mantenimiento-comunidades-de-propietarios01.jpg\" alt=\"\" \/><div class=\"front_holder\"><div class=\"front_holder_inner\"><div class=\"front_holder_inner2\"><span class=\"icon_holder q_font_elegant_icon arrow_down_alt\" aria-hidden=\"true\" style=' font-size: 45px;'><\/span><h3 class=\"front_subtitle\" style=\"font-size: 17px;\">01. Servei<\/h3><h2 class=\"front_title\" style=\"font-size: 21px;\">Neteja i manteniment de comunitats de propietaris<\/h2><\/div><\/div><\/div><div class=\"back_holder\"><div class=\"back_holder_inner\"><div class=\"back_holder_inner2\"><\/p>\n<h4>Neteja i manteniment de comunitats de propietaris<\/h4>\n<p>&nbsp;<\/p>\n<a href=\"https:\/\/www.carcrisfs.com\/ca\/serveis-carcris-manteniments\/neteja-i-manteniment-de-comunitats-de-propietaris-a-barcelona\/\" target=\"_self\"  class=\"qbutton  underlined\" style=\"\">Continuar<span class=\"qode-underlined-button-span\" style=\"\"><\/span><\/a>\n<p><\/div><\/div><\/div><\/div>[vc_empty_space][\/vc_column_inner][vc_column_inner width=&#8221;1\/4&#8243;]<div class=\"q_image_with_text_over \"><div class=\"shader\"><\/div><img decoding=\"async\" src=\"https:\/\/www.carcrisfs.com\/wp-content\/uploads\/2021\/09\/CarCris-Limpieza-y-mantenimiento-de-oficinas-despachos-y-tiendas01.jpg\" alt=\"\" \/><div class=\"front_holder\"><div class=\"front_holder_inner\"><div class=\"front_holder_inner2\"><span class=\"icon_holder q_font_elegant_icon arrow_down_alt\" aria-hidden=\"true\" style=' font-size: 45px;'><\/span><h3 class=\"front_subtitle\" style=\"font-size: 17px;\">02. Servei<\/h3><h2 class=\"front_title\" style=\"font-size: 21px;\">Neteja i manteniment d\u2019oficines, despatxos y botigues<\/h2><\/div><\/div><\/div><div class=\"back_holder\"><div class=\"back_holder_inner\"><div class=\"back_holder_inner2\"><\/p>\n<h4>Neteja i manteniment d\u2019oficines, despatxos y botigues<\/h4>\n<p>&nbsp;<\/p>\n<a href=\"https:\/\/www.carcrisfs.com\/ca\/serveis-carcris-manteniments\/neteja-y-manteniment-doficines-despatxos-i-botigues-a-barcelona\/\" target=\"_self\"  class=\"qbutton  underlined\" style=\"\">Continuar<span class=\"qode-underlined-button-span\" style=\"\"><\/span><\/a>\n<p><\/div><\/div><\/div><\/div>[vc_empty_space][\/vc_column_inner][vc_column_inner width=&#8221;1\/4&#8243;]<div class=\"q_image_with_text_over \"><div class=\"shader\"><\/div><img decoding=\"async\" src=\"https:\/\/www.carcrisfs.com\/wp-content\/uploads\/2021\/09\/CarCris-Limpiezas-final-de-obra01.jpg\" alt=\"\" \/><div class=\"front_holder\"><div class=\"front_holder_inner\"><div class=\"front_holder_inner2\"><span class=\"icon_holder q_font_elegant_icon arrow_down_alt\" aria-hidden=\"true\" style=' font-size: 45px;'><\/span><h3 class=\"front_subtitle\" style=\"font-size: 17px;\">03. Servei<\/h3><h2 class=\"front_title\" style=\"font-size: 21px;\">Neteges de f\u00ed d\u00b4obra<\/h2><\/div><\/div><\/div><div class=\"back_holder\"><div class=\"back_holder_inner\"><div class=\"back_holder_inner2\"><\/p>\n<h4>Neteges de f\u00ed d\u00b4obra<\/h4>\n<p>&nbsp;<\/p>\n<a href=\"https:\/\/www.carcrisfs.com\/ca\/serveis-carcris-manteniments\/neteges-de-fi-dobra-a-barcelona\/\" target=\"_self\"  class=\"qbutton  underlined\" style=\"\">Continuar<span class=\"qode-underlined-button-span\" style=\"\"><\/span><\/a>\n<p><\/div><\/div><\/div><\/div>[vc_empty_space][\/vc_column_inner][vc_column_inner width=&#8221;1\/4&#8243;]<div class=\"q_image_with_text_over \"><div class=\"shader\"><\/div><img decoding=\"async\" src=\"https:\/\/www.carcrisfs.com\/wp-content\/uploads\/2021\/09\/CarCris-Limpiezas-de-domicilios-particulares01.jpg\" alt=\"\" \/><div class=\"front_holder\"><div class=\"front_holder_inner\"><div class=\"front_holder_inner2\"><span class=\"icon_holder q_font_elegant_icon arrow_down_alt\" aria-hidden=\"true\" style=' font-size: 45px;'><\/span><h3 class=\"front_subtitle\" style=\"font-size: 17px;\">04. Servei<\/h3><h2 class=\"front_title\" style=\"font-size: 21px;\">Neteges de domicilis particulars \/ Manteniments, serveis puntuals i neteges a fons<\/h2><\/div><\/div><\/div><div class=\"back_holder\"><div class=\"back_holder_inner\"><div class=\"back_holder_inner2\"><\/p>\n<h4>Neteges de domicilis particulars \/ Manteniments, serveis puntuals i neteges a fons<\/h4>\n<p>&nbsp;<\/p>\n<a href=\"https:\/\/www.carcrisfs.com\/ca\/serveis-carcris-manteniments\/neteges-a-domicilis-particulars-manteniments-serveis-puntuals-i-neteges-a-fons-a-barcelona\/\" target=\"_self\"  class=\"qbutton  underlined\" style=\"\">Continuar<span class=\"qode-underlined-button-span\" style=\"\"><\/span><\/a>\n<p><\/div><\/div><\/div><\/div>[vc_empty_space][\/vc_column_inner][\/vc_row_inner][vc_row_inner row_type=&#8221;row&#8221; type=&#8221;grid&#8221; use_row_as_full_screen_section_slide=&#8221;no&#8221; text_align=&#8221;left&#8221; css_animation=&#8221;&#8221;][vc_column_inner width=&#8221;1\/4&#8243;]<div class=\"q_image_with_text_over \"><div class=\"shader\"><\/div><img decoding=\"async\" src=\"https:\/\/www.carcrisfs.com\/wp-content\/uploads\/2021\/09\/CarCris-Limpieza-de-cristales01.jpg\" alt=\"\" \/><div class=\"front_holder\"><div class=\"front_holder_inner\"><div class=\"front_holder_inner2\"><span class=\"icon_holder q_font_elegant_icon arrow_down_alt\" aria-hidden=\"true\" style=' font-size: 45px;'><\/span><h3 class=\"front_subtitle\" style=\"font-size: 17px;\">05. Servei<\/h3><h2 class=\"front_title\" style=\"font-size: 21px;\">Neteja de vidres<\/h2><\/div><\/div><\/div><div class=\"back_holder\"><div class=\"back_holder_inner\"><div class=\"back_holder_inner2\"><\/p>\n<h4>Neteja de vidres<\/h4>\n<p>&nbsp;<\/p>\n<a href=\"https:\/\/www.carcrisfs.com\/ca\/serveis-carcris-manteniments\/neteja-de-vidres-a-barcelona\/\" target=\"_self\"  class=\"qbutton  underlined\" style=\"\">Continuar<span class=\"qode-underlined-button-span\" style=\"\"><\/span><\/a>\n<p><\/div><\/div><\/div><\/div>[vc_empty_space][\/vc_column_inner][vc_column_inner width=&#8221;1\/4&#8243;]<div class=\"q_image_with_text_over \"><div class=\"shader\"><\/div><img decoding=\"async\" src=\"https:\/\/www.carcrisfs.com\/wp-content\/uploads\/2021\/09\/CarCris-Limpieza-de-cristales-en-altura-con-agua-pura02-1.jpg\" alt=\"\" \/><div class=\"front_holder\"><div class=\"front_holder_inner\"><div class=\"front_holder_inner2\"><span class=\"icon_holder q_font_elegant_icon arrow_down_alt\" aria-hidden=\"true\" style=' font-size: 45px;'><\/span><h3 class=\"front_subtitle\" style=\"font-size: 17px;\">06. Servei<\/h3><h2 class=\"front_title\" style=\"font-size: 21px;\">Neteja de vidres en al\u00e7ada amb aigua pura<\/h2><\/div><\/div><\/div><div class=\"back_holder\"><div class=\"back_holder_inner\"><div class=\"back_holder_inner2\"><\/p>\n<h4>Neteja de vidres en al\u00e7ada amb aigua pura<\/h4>\n<p>&nbsp;<\/p>\n<a href=\"https:\/\/www.carcrisfs.com\/ca\/serveis-carcris-manteniments\/neteja-de-vidres-en-alcada-amb-aigua-pura-a-barcelona\/\" target=\"_self\"  class=\"qbutton  underlined\" style=\"\">Continuar<span class=\"qode-underlined-button-span\" style=\"\"><\/span><\/a>\n<p><\/div><\/div><\/div><\/div>[vc_empty_space][\/vc_column_inner][vc_column_inner width=&#8221;1\/4&#8243;]<div class=\"q_image_with_text_over \"><div class=\"shader\"><\/div><img decoding=\"async\" src=\"https:\/\/www.carcrisfs.com\/wp-content\/uploads\/2021\/09\/CarCris-Limpieza-de-parkings01.jpg\" alt=\"\" \/><div class=\"front_holder\"><div class=\"front_holder_inner\"><div class=\"front_holder_inner2\"><span class=\"icon_holder q_font_elegant_icon arrow_down_alt\" aria-hidden=\"true\" style=' font-size: 45px;'><\/span><h3 class=\"front_subtitle\" style=\"font-size: 17px;\">07. Servei<\/h3><h2 class=\"front_title\" style=\"font-size: 21px;\">Neteja de p\u00e0rquings<\/h2><\/div><\/div><\/div><div class=\"back_holder\"><div class=\"back_holder_inner\"><div class=\"back_holder_inner2\"><\/p>\n<h4>Neteja de p\u00e0rquings<\/h4>\n<p>&nbsp;<\/p>\n<a href=\"https:\/\/www.carcrisfs.com\/ca\/serveis-carcris-manteniments\/neteja-de-parquings-a-barcelona\/\" target=\"_self\"  class=\"qbutton  underlined\" style=\"\">Continuar<span class=\"qode-underlined-button-span\" style=\"\"><\/span><\/a>\n<p><\/div><\/div><\/div><\/div>[vc_empty_space][\/vc_column_inner][vc_column_inner width=&#8221;1\/4&#8243;]<div class=\"q_image_with_text_over \"><div class=\"shader\"><\/div><img decoding=\"async\" src=\"https:\/\/www.carcrisfs.com\/wp-content\/uploads\/2021\/09\/CarCris-Limpieza-textil01.jpg\" alt=\"\" \/><div class=\"front_holder\"><div class=\"front_holder_inner\"><div class=\"front_holder_inner2\"><span class=\"icon_holder q_font_elegant_icon arrow_down_alt\" aria-hidden=\"true\" style=' font-size: 45px;'><\/span><h3 class=\"front_subtitle\" style=\"font-size: 17px;\">08. Servei<\/h3><h2 class=\"front_title\" style=\"font-size: 21px;\">Neteja t\u00e8xtil \/ catifes, moquetes, cadires, butaques, sof\u00e0s, matalassos\u2026<\/h2><\/div><\/div><\/div><div class=\"back_holder\"><div class=\"back_holder_inner\"><div class=\"back_holder_inner2\"><\/p>\n<h4>Neteja t\u00e8xtil \/ catifes, moquetes, cadires, butaques, sof\u00e0s, matalassos\u2026<\/h4>\n<p>&nbsp;<\/p>\n<a href=\"https:\/\/www.carcrisfs.com\/ca\/serveis-carcris-manteniments\/neteja-textil-catifes-moquetes-cadires-butaques-sofas-matalassos-a-barcelona\/\" target=\"_self\"  class=\"qbutton  underlined\" style=\"\">Continuar<span class=\"qode-underlined-button-span\" style=\"\"><\/span><\/a>\n<p><\/div><\/div><\/div><\/div>[vc_empty_space][\/vc_column_inner][\/vc_row_inner][vc_row_inner row_type=&#8221;row&#8221; type=&#8221;grid&#8221; use_row_as_full_screen_section_slide=&#8221;no&#8221; text_align=&#8221;left&#8221; css_animation=&#8221;&#8221;][vc_column_inner width=&#8221;1\/4&#8243;]<div class=\"q_image_with_text_over \"><div class=\"shader\"><\/div><img decoding=\"async\" src=\"https:\/\/www.carcrisfs.com\/wp-content\/uploads\/2021\/09\/CarCris-Brillantados-y-tratamientos-de-suelos01.jpg\" alt=\"\" \/><div class=\"front_holder\"><div class=\"front_holder_inner\"><div class=\"front_holder_inner2\"><span class=\"icon_holder q_font_elegant_icon arrow_down_alt\" aria-hidden=\"true\" style=' font-size: 45px;'><\/span><h3 class=\"front_subtitle\" style=\"font-size: 17px;\">09. Servei<\/h3><h2 class=\"front_title\" style=\"font-size: 21px;\">Abrillantat i tractaments de s\u00f2ls<\/h2><\/div><\/div><\/div><div class=\"back_holder\"><div class=\"back_holder_inner\"><div class=\"back_holder_inner2\"><\/p>\n<h4>Abrillantat i tractaments de s\u00f2ls<\/h4>\n<p>&nbsp;<\/p>\n<a href=\"https:\/\/www.carcrisfs.com\/ca\/serveis-carcris-manteniments\/abrillantaments-i-tractaments-de-sols-a-barcelona\/\" target=\"_self\"  class=\"qbutton  underlined\" style=\"\">Continuar<span class=\"qode-underlined-button-span\" style=\"\"><\/span><\/a>\n<p><\/div><\/div><\/div><\/div>[vc_empty_space][\/vc_column_inner][vc_column_inner width=&#8221;1\/4&#8243;]<div class=\"q_image_with_text_over \"><div class=\"shader\"><\/div><img decoding=\"async\" src=\"https:\/\/www.carcrisfs.com\/wp-content\/uploads\/2021\/09\/CarCris-Limpieza-y-desodorizacion-con-ozono02.jpg\" alt=\"\" \/><div class=\"front_holder\"><div class=\"front_holder_inner\"><div class=\"front_holder_inner2\"><span class=\"icon_holder q_font_elegant_icon arrow_down_alt\" aria-hidden=\"true\" style=' font-size: 45px;'><\/span><h3 class=\"front_subtitle\" style=\"font-size: 17px;\">10. Servei<\/h3><h2 class=\"front_title\" style=\"font-size: 21px;\">Desodoritzaci\u00f3 i desinfecci\u00f3 amb oz\u00f3<\/h2><\/div><\/div><\/div><div class=\"back_holder\"><div class=\"back_holder_inner\"><div class=\"back_holder_inner2\"><\/p>\n<h4>Desodoritzaci\u00f3 i desinfecci\u00f3 amb oz\u00f3<\/h4>\n<p>&nbsp;<\/p>\n<a href=\"https:\/\/www.carcrisfs.com\/ca\/serveis-carcris-manteniments\/desodoracio-i-desinfeccio-amb-ozo-a-barcelona\/\" target=\"_self\"  class=\"qbutton  underlined\" style=\"\">Continuar<span class=\"qode-underlined-button-span\" style=\"\"><\/span><\/a>\n<p><\/div><\/div><\/div><\/div>[vc_empty_space][\/vc_column_inner][vc_column_inner width=&#8221;1\/4&#8243;]<div class=\"q_image_with_text_over \"><div class=\"shader\"><\/div><img decoding=\"async\" src=\"https:\/\/www.carcrisfs.com\/wp-content\/uploads\/2021\/09\/CarCris-Limpieza-de-hoteles02.jpg\" alt=\"\" \/><div class=\"front_holder\"><div class=\"front_holder_inner\"><div class=\"front_holder_inner2\"><span class=\"icon_holder q_font_elegant_icon arrow_down_alt\" aria-hidden=\"true\" style=' font-size: 45px;'><\/span><h3 class=\"front_subtitle\" style=\"font-size: 17px;\">11. Servei<\/h3><h2 class=\"front_title\" style=\"font-size: 21px;\">Neteja de vivendes de lloguer<\/h2><\/div><\/div><\/div><div class=\"back_holder\"><div class=\"back_holder_inner\"><div class=\"back_holder_inner2\"><\/p>\n<h4>Neteja de vivendes de lloguer<\/h4>\n<p>&nbsp;<\/p>\n<a href=\"https:\/\/www.carcrisfs.com\/ca\/serveis-carcris-manteniments\/neteja-de-vivendes-de-lloguer-a-barcelona\/\" target=\"_self\"  class=\"qbutton  underlined\" style=\"\">Continuar<span class=\"qode-underlined-button-span\" style=\"\"><\/span><\/a>\n<p><\/div><\/div><\/div><\/div>[vc_empty_space][\/vc_column_inner][vc_column_inner width=&#8221;1\/4&#8243;]<div class=\"q_image_with_text_over \"><div class=\"shader\"><\/div><img decoding=\"async\" src=\"https:\/\/www.carcrisfs.com\/wp-content\/uploads\/2021\/09\/CarCris-Limpieza-de-bares-y-restaurantes01.jpg\" alt=\"\" \/><div class=\"front_holder\"><div class=\"front_holder_inner\"><div class=\"front_holder_inner2\"><span class=\"icon_holder q_font_elegant_icon arrow_down_alt\" aria-hidden=\"true\" style=' font-size: 45px;'><\/span><h3 class=\"front_subtitle\" style=\"font-size: 17px;\">12. Servei<\/h3><h2 class=\"front_title\" style=\"font-size: 21px;\">Neteges sector restauraci\u00f3<\/h2><\/div><\/div><\/div><div class=\"back_holder\"><div class=\"back_holder_inner\"><div class=\"back_holder_inner2\"><\/p>\n<h4>Neteges sector restauraci\u00f3<\/h4>\n<p>&nbsp;<\/p>\n<a href=\"https:\/\/www.carcrisfs.com\/ca\/serveis-carcris-manteniments\/neteges-sector-restauracio-a-barcelona\/\" target=\"_self\"  class=\"qbutton  underlined\" style=\"\">Continuar<span class=\"qode-underlined-button-span\" style=\"\"><\/span><\/a>\n<p><\/div><\/div><\/div><\/div>[\/vc_column_inner][\/vc_row_inner][\/vc_column][\/vc_row][vc_row row_type=&#8221;row&#8221; use_row_as_full_screen_section=&#8221;no&#8221; type=&#8221;full_width&#8221; text_align=&#8221;left&#8221; background_animation=&#8221;none&#8221; css_animation=&#8221;&#8221;][vc_column][vc_empty_space height=&#8221;90px&#8221;][\/vc_column][\/vc_row]<\/p>\n<\/div>","protected":false},"excerpt":{"rendered":"<p>[vc_row row_type=&#8221;row&#8221; use_row_as_full_screen_section=&#8221;no&#8221; type=&#8221;full_width&#8221; text_align=&#8221;left&#8221; background_animation=&#8221;none&#8221; css_animation=&#8221;&#8221; css=&#8221;.vc_custom_1630235171711{background-position: center !important;background-repeat: no-repeat !important;background-size: cover !important;}&#8221;][vc_column][vc_row_inner row_type=&#8221;row&#8221; type=&#8221;grid&#8221; use_row_as_full_screen_section_slide=&#8221;no&#8221; text_align=&#8221;center&#8221; css_animation=&#8221;&#8221;][vc_column_inner width=&#8221;1\/4&#8243;][\/vc_column_inner][vc_column_inner width=&#8221;1\/2&#8243;][vc_column_text] Els nostres serveis de neteja professional a Barcelona [\/vc_column_text][vc_empty_space height=&#8221;40px&#8221;][vc_column_text css=&#8221;&#8221;] Actualment, prestem els nostres serveis de neteja i manteniment a Barcelona ciutat, encara&#8230;<\/p>\n","protected":false},"author":2,"featured_media":0,"parent":0,"menu_order":0,"comment_status":"closed","ping_status":"closed","template":"","meta":{"footnotes":""},"class_list":["post-1395","page","type-page","status-publish","hentry"],"yoast_head":"<!-- This site is optimized with the Yoast SEO plugin v24.4 - https:\/\/yoast.com\/wordpress\/plugins\/seo\/ -->\n<title>Serveis Carcris Facility Services - Carcris Facility Services<\/title>\n<meta name=\"description\" content=\"Descobreix tots els nostres serveis de neteja i manteniment professional a Barcelona. Serveis per a comunitats, empreses i particulars.\" \/>\n<meta name=\"robots\" content=\"index, follow, max-snippet:-1, max-image-preview:large, max-video-preview:-1\" \/>\n<link rel=\"canonical\" href=\"https:\/\/www.carcrisfs.com\/ca\/serveis-carcris-facility-services\/\" \/>\n<meta property=\"og:locale\" content=\"ca_ES\" \/>\n<meta property=\"og:type\" content=\"article\" \/>\n<meta property=\"og:title\" content=\"Serveis Carcris Facility Services - Carcris Facility Services\" \/>\n<meta property=\"og:description\" content=\"Descobreix tots els nostres serveis de neteja i manteniment professional a Barcelona. Serveis per a comunitats, empreses i particulars.\" \/>\n<meta property=\"og:url\" content=\"https:\/\/www.carcrisfs.com\/ca\/serveis-carcris-facility-services\/\" \/>\n<meta property=\"og:site_name\" content=\"Carcris Facility Services\" \/>\n<meta property=\"article:publisher\" content=\"https:\/\/www.facebook.com\/carcrismanteniments\" \/>\n<meta property=\"article:modified_time\" content=\"2025-02-18T13:15:01+00:00\" \/>\n<meta name=\"twitter:card\" content=\"summary_large_image\" \/>\n<meta name=\"twitter:label1\" content=\"Temps estimat de lectura\" \/>\n\t<meta name=\"twitter:data1\" content=\"5 minuts\" \/>\n<script type=\"application\/ld+json\" class=\"yoast-schema-graph\">{\"@context\":\"https:\/\/schema.org\",\"@graph\":[{\"@type\":\"WebPage\",\"@id\":\"https:\/\/www.carcrisfs.com\/ca\/serveis-carcris-facility-services\/\",\"url\":\"https:\/\/www.carcrisfs.com\/ca\/serveis-carcris-facility-services\/\",\"name\":\"Serveis Carcris Facility Services - Carcris Facility Services\",\"isPartOf\":{\"@id\":\"https:\/\/www.carcrisfs.com\/ca\/#website\"},\"datePublished\":\"2022-01-17T10:56:53+00:00\",\"dateModified\":\"2025-02-18T13:15:01+00:00\",\"description\":\"Descobreix tots els nostres serveis de neteja i manteniment professional a Barcelona. Serveis per a comunitats, empreses i particulars.\",\"breadcrumb\":{\"@id\":\"https:\/\/www.carcrisfs.com\/ca\/serveis-carcris-facility-services\/#breadcrumb\"},\"inLanguage\":\"ca\",\"potentialAction\":[{\"@type\":\"ReadAction\",\"target\":[\"https:\/\/www.carcrisfs.com\/ca\/serveis-carcris-facility-services\/\"]}]},{\"@type\":\"BreadcrumbList\",\"@id\":\"https:\/\/www.carcrisfs.com\/ca\/serveis-carcris-facility-services\/#breadcrumb\",\"itemListElement\":[{\"@type\":\"ListItem\",\"position\":1,\"name\":\"Portada\",\"item\":\"https:\/\/www.carcrisfs.com\/ca\/inici\/\"},{\"@type\":\"ListItem\",\"position\":2,\"name\":\"Serveis Carcris Facility Services\"}]},{\"@type\":\"WebSite\",\"@id\":\"https:\/\/www.carcrisfs.com\/ca\/#website\",\"url\":\"https:\/\/www.carcrisfs.com\/ca\/\",\"name\":\"CarCris Manteniments\",\"description\":\"\",\"publisher\":{\"@id\":\"https:\/\/www.carcrisfs.com\/ca\/#organization\"},\"potentialAction\":[{\"@type\":\"SearchAction\",\"target\":{\"@type\":\"EntryPoint\",\"urlTemplate\":\"https:\/\/www.carcrisfs.com\/ca\/?s={search_term_string}\"},\"query-input\":{\"@type\":\"PropertyValueSpecification\",\"valueRequired\":true,\"valueName\":\"search_term_string\"}}],\"inLanguage\":\"ca\"},{\"@type\":\"Organization\",\"@id\":\"https:\/\/www.carcrisfs.com\/ca\/#organization\",\"name\":\"CarCris Manteniments\",\"url\":\"https:\/\/www.carcrisfs.com\/ca\/\",\"logo\":{\"@type\":\"ImageObject\",\"inLanguage\":\"ca\",\"@id\":\"https:\/\/www.carcrisfs.com\/ca\/#\/schema\/logo\/image\/\",\"url\":\"https:\/\/www.carcrisfs.com\/wp-content\/uploads\/2021\/09\/CarCris-Manteniments-Serveis-Generals-de-Neteja.png\",\"contentUrl\":\"https:\/\/www.carcrisfs.com\/wp-content\/uploads\/2021\/09\/CarCris-Manteniments-Serveis-Generals-de-Neteja.png\",\"width\":250,\"height\":176,\"caption\":\"CarCris Manteniments\"},\"image\":{\"@id\":\"https:\/\/www.carcrisfs.com\/ca\/#\/schema\/logo\/image\/\"},\"sameAs\":[\"https:\/\/www.facebook.com\/carcrismanteniments\"]}]}<\/script>\n<!-- \/ Yoast SEO plugin. -->","yoast_head_json":{"title":"Serveis Carcris Facility Services - Carcris Facility Services","description":"Descobreix tots els nostres serveis de neteja i manteniment professional a Barcelona. Serveis per a comunitats, empreses i particulars.","robots":{"index":"index","follow":"follow","max-snippet":"max-snippet:-1","max-image-preview":"max-image-preview:large","max-video-preview":"max-video-preview:-1"},"canonical":"https:\/\/www.carcrisfs.com\/ca\/serveis-carcris-facility-services\/","og_locale":"ca_ES","og_type":"article","og_title":"Serveis Carcris Facility Services - Carcris Facility Services","og_description":"Descobreix tots els nostres serveis de neteja i manteniment professional a Barcelona. Serveis per a comunitats, empreses i particulars.","og_url":"https:\/\/www.carcrisfs.com\/ca\/serveis-carcris-facility-services\/","og_site_name":"Carcris Facility Services","article_publisher":"https:\/\/www.facebook.com\/carcrismanteniments","article_modified_time":"2025-02-18T13:15:01+00:00","twitter_card":"summary_large_image","twitter_misc":{"Temps estimat de lectura":"5 minuts"},"schema":{"@context":"https:\/\/schema.org","@graph":[{"@type":"WebPage","@id":"https:\/\/www.carcrisfs.com\/ca\/serveis-carcris-facility-services\/","url":"https:\/\/www.carcrisfs.com\/ca\/serveis-carcris-facility-services\/","name":"Serveis Carcris Facility Services - Carcris Facility Services","isPartOf":{"@id":"https:\/\/www.carcrisfs.com\/ca\/#website"},"datePublished":"2022-01-17T10:56:53+00:00","dateModified":"2025-02-18T13:15:01+00:00","description":"Descobreix tots els nostres serveis de neteja i manteniment professional a Barcelona. Serveis per a comunitats, empreses i particulars.","breadcrumb":{"@id":"https:\/\/www.carcrisfs.com\/ca\/serveis-carcris-facility-services\/#breadcrumb"},"inLanguage":"ca","potentialAction":[{"@type":"ReadAction","target":["https:\/\/www.carcrisfs.com\/ca\/serveis-carcris-facility-services\/"]}]},{"@type":"BreadcrumbList","@id":"https:\/\/www.carcrisfs.com\/ca\/serveis-carcris-facility-services\/#breadcrumb","itemListElement":[{"@type":"ListItem","position":1,"name":"Portada","item":"https:\/\/www.carcrisfs.com\/ca\/inici\/"},{"@type":"ListItem","position":2,"name":"Serveis Carcris Facility Services"}]},{"@type":"WebSite","@id":"https:\/\/www.carcrisfs.com\/ca\/#website","url":"https:\/\/www.carcrisfs.com\/ca\/","name":"CarCris Manteniments","description":"","publisher":{"@id":"https:\/\/www.carcrisfs.com\/ca\/#organization"},"potentialAction":[{"@type":"SearchAction","target":{"@type":"EntryPoint","urlTemplate":"https:\/\/www.carcrisfs.com\/ca\/?s={search_term_string}"},"query-input":{"@type":"PropertyValueSpecification","valueRequired":true,"valueName":"search_term_string"}}],"inLanguage":"ca"},{"@type":"Organization","@id":"https:\/\/www.carcrisfs.com\/ca\/#organization","name":"CarCris Manteniments","url":"https:\/\/www.carcrisfs.com\/ca\/","logo":{"@type":"ImageObject","inLanguage":"ca","@id":"https:\/\/www.carcrisfs.com\/ca\/#\/schema\/logo\/image\/","url":"https:\/\/www.carcrisfs.com\/wp-content\/uploads\/2021\/09\/CarCris-Manteniments-Serveis-Generals-de-Neteja.png","contentUrl":"https:\/\/www.carcrisfs.com\/wp-content\/uploads\/2021\/09\/CarCris-Manteniments-Serveis-Generals-de-Neteja.png","width":250,"height":176,"caption":"CarCris Manteniments"},"image":{"@id":"https:\/\/www.carcrisfs.com\/ca\/#\/schema\/logo\/image\/"},"sameAs":["https:\/\/www.facebook.com\/carcrismanteniments"]}]}},"_links":{"self":[{"href":"https:\/\/www.carcrisfs.com\/ca\/wp-json\/wp\/v2\/pages\/1395","targetHints":{"allow":["GET"]}}],"collection":[{"href":"https:\/\/www.carcrisfs.com\/ca\/wp-json\/wp\/v2\/pages"}],"about":[{"href":"https:\/\/www.carcrisfs.com\/ca\/wp-json\/wp\/v2\/types\/page"}],"author":[{"embeddable":true,"href":"https:\/\/www.carcrisfs.com\/ca\/wp-json\/wp\/v2\/users\/2"}],"replies":[{"embeddable":true,"href":"https:\/\/www.carcrisfs.com\/ca\/wp-json\/wp\/v2\/comments?post=1395"}],"version-history":[{"count":6,"href":"https:\/\/www.carcrisfs.com\/ca\/wp-json\/wp\/v2\/pages\/1395\/revisions"}],"predecessor-version":[{"id":1603,"href":"https:\/\/www.carcrisfs.com\/ca\/wp-json\/wp\/v2\/pages\/1395\/revisions\/1603"}],"wp:attachment":[{"href":"https:\/\/www.carcrisfs.com\/ca\/wp-json\/wp\/v2\/media?parent=1395"}],"curies":[{"name":"wp","href":"https:\/\/api.w.org\/{rel}","templated":true}]}}